{"id":1049,"date":"2021-09-23T20:53:10","date_gmt":"2021-09-23T19:53:10","guid":{"rendered":"https:\/\/staging.mbefranchise.com\/?page_id=1049"},"modified":"2022-07-11T13:22:33","modified_gmt":"2022-07-11T12:22:33","slug":"privacy-policy","status":"publish","type":"page","link":"https:\/\/staging.mbefranchise.com\/es\/privacy-policy\/","title":{"rendered":"Privacy Policy"},"content":{"rendered":"\n<section class=\"wp-block-uagb-section uagb-section__wrap uagb-section__background-image alignfull uagb-block-c09f40ff hero smallhero\"><div class=\"uagb-section__overlay\"><\/div><div class=\"uagb-section__inner-wrap\">\n<div class=\"wp-block-uagb-advanced-heading uagb-block-f5e8ee94\"><h1 class=\"uagb-heading-text\">AVISO DE PRIVACIDAD<\/h1><p class=\"uagb-desc-text\"><\/p><\/div>\n<\/div><\/section>\n\n\n\n<section class=\"wp-block-uagb-section uagb-section__wrap uagb-section__background-undefined uagb-block-0c08094f privacy\"><div class=\"uagb-section__overlay\"><\/div><div class=\"uagb-section__inner-wrap\">\n<p>De conformidad con el art\u00edculo 13 del Reglamento (UE) 2016\/679 que contiene disposiciones para la protecci\u00f3n de las personas f\u00edsicas en lo que respecta al tratamiento de datos personales y para la libre circulaci\u00f3n de dichos datos (en adelante, el \u00ab<strong>RGPD<\/strong>\u00ab), por la presente le informamos sobre el tratamiento de sus datos personales proporcionados por usted y\/o recogidos a trav\u00e9s del sitio web <a href=\"https:\/\/staging.mbefranchise.com\/\">www.mbefranchise.com<\/a> (el \u00ab<strong>Sitio web<\/strong>\u00ab).<\/p>\n\n\n\n<ol class=\"wp-block-list\" type=\"1\"><li><strong>Control de datos<\/strong><\/li><\/ol>\n\n\n\n<p>Los Datos Personales recogidos a trav\u00e9s del Sitio Web ser\u00e1n tratados por MBE Worldwide S.p.A., con domicilio social en Mil\u00e1n, Viale Lunigiana 35-37, 20125, en su calidad de responsable del tratamiento (en adelante el \u00ab<strong>Responsable del Tratamiento<\/strong>\u00bb o \u00ab<strong>MBE<\/strong>\u00ab).<\/p>\n\n\n\n<ul class=\"wp-block-list\"><li><strong>Categor\u00edas de datos personales tratados<\/strong><\/li><\/ul>\n\n\n\n<p>Los siguientes Datos Personales proporcionados por usted (en adelante, los \u00ab<strong>Datos Personales<\/strong>\u00ab) pueden ser tratados a trav\u00e9s del Sitio Web:<\/p>\n\n\n\n<ul class=\"wp-block-list\"><li>La direcci\u00f3n IP;<\/li><li>Datos de navegaci\u00f3n en el sitio web;<\/li><li>Informaci\u00f3n en el navegador y en el dispositivo;<\/li><li>Informaci\u00f3n recopilada a trav\u00e9s de cookies, etiquetas de p\u00edxel, proporcionada por usted y sin revelar su identidad espec\u00edfica;<\/li><li>Informaci\u00f3n demogr\u00e1fica y otra informaci\u00f3n proporcionada por usted y sin revelar su identidad espec\u00edfica;<\/li><li>Informaci\u00f3n que ha sido a\u00f1adida de tal manera que ya no revela su identidad espec\u00edfica.<\/li><\/ul>\n\n\n\n<p>Adem\u00e1s, los siguientes datos personales proporcionados por usted pueden ser tratados si decide interactuar con el sitio web:<\/p>\n\n\n\n<figure class=\"wp-block-table\"><table><tbody><tr><td><a href=\"https:\/\/staging.mbefranchise.com\">www.mbefranchise.com<\/a><\/td><\/tr><tr><td>Nombre, apellidos, correo electr\u00f3nico, n\u00famero de tel\u00e9fono, ciudad, pa\u00eds, si usted env\u00eda mensajes a MBE, a una M\u00e1ster Licencia de MBE o a un centro de MBE a trav\u00e9s de nuestros formularios;<\/td><\/tr><tr><td>Nombre, apellidos, correo electr\u00f3nico, n\u00famero de tel\u00e9fono, ciudad, pa\u00eds, si usted pide ser contactado para obtener informaci\u00f3n sobre c\u00f3mo iniciar su negocio con MBE;<\/td><\/tr><tr><td>Su \u00c1rea geogr\u00e1fica, si pregunta en la web por los centros MBE m\u00e1s cercanos a su situaci\u00f3n.<\/td><\/tr><\/tbody><\/table><\/figure>\n\n\n\n<ul class=\"wp-block-list\"><li><strong>Fines del tratamiento de datos personales<\/strong><\/li><\/ul>\n\n\n\n<p>El Responsable del control de datos tratar\u00e1 sus Datos Personales para los siguientes fines:<\/p>\n\n\n\n<ol class=\"wp-block-list\" type=\"a\"><li>Para permitirle beneficiarse de las funciones que ofrece el sitio web, y m\u00e1s en detalle:<\/li><\/ol>\n\n\n\n<figure class=\"wp-block-table\"><table><tbody><tr><td><a href=\"https:\/\/staging.mbefranchise.com\">www.mbefranchise.com<\/a><\/td><\/tr><tr><td>para permitirle comunicarse con la Licencia M\u00e1ster o un centro MBE espec\u00edfico seleccionado por usted a trav\u00e9s de los formularios de contacto del Sitio Web (en este caso sus Datos Personales ser\u00e1n transmitidos a la M\u00e1ster Licencia o centro MBE espec\u00edfico seleccionado);<\/td><\/tr><\/tbody><\/table><\/figure>\n\n\n\n<ul class=\"wp-block-list\"><li>Para prestarle los servicios que solicita, y m\u00e1s en detalle:<\/li><\/ul>\n\n\n\n<figure class=\"wp-block-table\"><table><tbody><tr><td><a href=\"https:\/\/staging.mbefranchise.com\">www.mbefranchise.com<\/a><\/td><\/tr><tr><td>ser contactado por el personal de MBE para obtener la informaci\u00f3n pertinente sobre c\u00f3mo iniciar su negocio con MBE; para registrarse en nuestros seminarios, talleres, webinars y eventos;<\/td><\/tr><tr><td>para encontrar los centros MBE m\u00e1s cercanos a su \u00e1rea geogr\u00e1fica;<\/td><\/tr><\/tbody><\/table><\/figure>\n\n\n\n<ul class=\"wp-block-list\"><li>Enviarle, por cualquier medio de comunicaci\u00f3n (fax, correo electr\u00f3nico, mensaje de texto, servicio de mensajer\u00eda multimedia, correo ordinario, llamadas telef\u00f3nicas asistidas por operador), material publicitario y publicidad de car\u00e1cter promocional o en cualquier caso que implique una solicitud comercial relativa a los servicios, productos o descuentos ofrecidos por el Responsable de Control, as\u00ed como para la realizaci\u00f3n de estudios y encuestas de mercado, y la elaboraci\u00f3n de estad\u00edsticas relacionadas.<\/li><\/ul>\n\n\n\n<p>Los Datos Personales recogidos tambi\u00e9n pueden ser procesados en el contexto de cualquier evento corporativo (venta de la empresa o unidades de negocio), diligencia debida o en el caso de la defensa de una reclamaci\u00f3n legal y las actividades preliminares relacionadas.<\/p>\n\n\n\n<ul class=\"wp-block-list\"><li><strong>Base legal para el tratamiento de datos personales<\/strong><\/li><\/ul>\n\n\n\n<p>El tratamiento de sus Datos Personales para las finalidades referidas en el apartado 3, a. se realiza para atender su solicitud y sobre la base de un inter\u00e9s leg\u00edtimo del Responsable de Control, cuya actividad est\u00e1 inevitablemente vinculada a la calidad de los servicios ofrecidos por su Sitio Web, a la experiencia de interacci\u00f3n de los usuarios y a la satisfacci\u00f3n de sus expectativas. Cualquier negativa a facilitar los Datos Personales para las finalidades expuestas anteriormente, imposibilitar\u00e1 el env\u00edo de su solicitud de contacto al titular de la M\u00e1stetr Licencia de MBE y\/o al centro de MBE seleccionado.<\/p>\n\n\n\n<p>El tratamiento de los Datos Personales para las finalidades indicadas en el apartado 3, b., es necesario para llevar a cabo las medidas precontractuales y contractuales adoptadas a petici\u00f3n suya cuando solicita los servicios ofrecidos por el Sitio Web. La negativa a suministrar los Datos Personales para las finalidades indicadas anteriormente supondr\u00e1 la imposibilidad de utilizar y disfrutar de los servicios mencionados.<\/p>\n\n\n\n<p>El tratamiento de sus Datos Personales para las finalidades mencionadas en el apartado 3, c. es opcional y se basa en su libre consentimiento. La negativa a facilitar los Datos Personales para las finalidades indicadas anteriormente tendr\u00e1 como \u00fanica consecuencia la imposibilidad de que el Responsable del Tratamiento de Datos le env\u00ede mensajes publicitarios y promocionales, realice estudios y encuestas de mercado y elabore estad\u00edsticas relacionadas.<\/p>\n\n\n\n<p>En caso de tratamiento para posibles eventos corporativos (venta de la empresa o de unidades de negocio), diligencia debida o en caso de defensa de una reclamaci\u00f3n legal y las actividades preliminares relacionadas, dicho tratamiento se llevar\u00e1 a cabo sobre la base de los intereses leg\u00edtimos del Responsable de Datos en la continuaci\u00f3n de sus actividades comerciales y para la protecci\u00f3n de sus derechos.<\/p>\n\n\n\n<ul class=\"wp-block-list\"><li><strong>Modalidades de tratamiento de los datos personales<\/strong><\/li><\/ul>\n\n\n\n<p>El tratamiento se realizar\u00e1 con la ayuda de instrumentos tanto automatizados como en papel adecuados para garantizar la seguridad y la confidencialidad de los Datos Personales, para recoger, consultar, almacenar, gestionar, extraer y transmitir los Datos Personales.<\/p>\n\n\n\n<ul class=\"wp-block-list\"><li><strong>Destinatarios de los datos personales<\/strong><\/li><\/ul>\n\n\n\n<p>Los datos personales se comunicar\u00e1n a las personas autorizadas para el tratamiento dentro del equipo del Responsable del Tratamiento de Datos.<\/p>\n\n\n\n<p>Los Datos Personales podr\u00e1n ser comunicados por el Responsable del Tratamiento de Datos \u00fanica y exclusivamente para los fines indicados y, en su caso, a las siguientes categor\u00edas de sujetos:<\/p>\n\n\n\n<ul class=\"wp-block-list\"><li>Agentes o colaboradores del Responsable del Tratamiento de Datos que se encuentren en el territorio de la Uni\u00f3n Europea;<\/li><li>El titular de la Licencia M\u00e1ster de MBE o los centros de MBE que est\u00e1n ubicados dentro o fuera del territorio de la Uni\u00f3n Europea;<\/li><li>Proveedores de servicios para actividades de marketing;<\/li><li>Las empresas del Grupo MBE especificadas anteriormente, incluyendo &#8211; a la fecha de este aviso de privacidad &#8211; MBE Worldwide S.p.A., Sistema Italia 93 S.r.l., Jonathan &amp; Assist S.r.l.; Eurocubia S.r.l.; DireFareStampare S.r.l., Forama S.r.l., MBE Deutschland GmbH, MBE Spain 2000 SL, MBE France Sarl, MBE Poland Sp.z.o.o.;<\/li><li>Consultores para asuntos contables, administrativos, jur\u00eddicos, fiscales y financieros;<\/li><li>En su caso, a las autoridades judiciales competentes;<\/li><li>Cuando sea necesario, las administraciones p\u00fablicas y las autoridades de supervisi\u00f3n y control.<\/li><\/ul>\n\n\n\n<p>Los datos personales no se divulgar\u00e1n p\u00fablicamente.<\/p>\n\n\n\n<p>Las entidades pertenecientes a las categor\u00edas enumeradas anteriormente, pueden actuar, seg\u00fan el caso, como procesadores de datos (y en este caso recibir\u00e1n las instrucciones adecuadas del Responsable de Datos) o como responsables de datos aut\u00f3nomos. En este \u00faltimo caso, los Datos Personales se comunicar\u00e1n \u00fanicamente con el consentimiento expreso de los interesados, salvo cuando la comunicaci\u00f3n sea obligatoria o necesaria en virtud de la legislaci\u00f3n aplicable o para la consecuci\u00f3n de fines para los que no se requiera el consentimiento del interesado.<\/p>\n\n\n\n<p>El Responsable del Tratamiento de Datos tambi\u00e9n tiene derecho a transferir sus datos personales a terceros pa\u00edses. Las transferencias de Datos fuera del Espacio Econ\u00f3mico Europeo est\u00e1n sujetas a un r\u00e9gimen especial de conformidad con el RGPD, y solo se realizan con respecto a pa\u00edses que garantizan un nivel adecuado de protecci\u00f3n de los datos personales, sobre la base de una decisi\u00f3n de adecuaci\u00f3n de la Comisi\u00f3n o cuando se han adoptado garant\u00edas adecuadas (incluidas las condiciones contractuales est\u00e1ndar previstas por la Comisi\u00f3n Europea), siempre que los interesados tengan derechos exigibles y recursos judiciales efectivos.<\/p>\n\n\n\n<ul class=\"wp-block-list\"><li><strong>Cookies<\/strong><\/li><\/ul>\n\n\n\n<p>El Responsable del Tratamiento de Datos puede utilizar \u00abcookies\u00bb dentro de los sitios web (es decir, archivos de texto enviados y almacenados en el disco duro de los usuarios para luego ser retransmitidos durante la siguiente visita a los mismos sitios web), u otras herramientas similares con el fin de facilitar el uso de los servicios solicitados por el propio usuario, as\u00ed como la recopilaci\u00f3n de informaci\u00f3n del usuario, la navegaci\u00f3n por los sitios web y las elecciones y preferencias expresadas sobre los productos\/servicios. El usuario puede revocar en cualquier momento la autorizaci\u00f3n concedida y oponerse al uso de cookies seleccionando la configuraci\u00f3n adecuada en su navegador de Internet. Para m\u00e1s informaci\u00f3n sobre c\u00f3mo desactivar las cookies, lea nuestra <a href=\"\/es\/cookie-policy\/\">Pol\u00edtica de Cookies<\/a>.<\/p>\n\n\n\n<ul class=\"wp-block-list\"><li><strong>Retenci\u00f3n de Datos Personales<\/strong><\/li><\/ul>\n\n\n\n<p>Los Datos Personales ser\u00e1n almacenados, en cumplimiento de la legislaci\u00f3n aplicable, durante un plazo no superior al necesario para perseguir los fines para los que son tratados.<\/p>\n\n\n\n<p>Los criterios para determinar el periodo de almacenamiento de los Datos Personales tienen en cuenta el periodo de tratamiento permitido y las leyes aplicables sobre la prescripci\u00f3n de los derechos e intereses leg\u00edtimos del interesado cuando son la base legal aplicable para el tratamiento.<\/p>\n\n\n\n<p>A los efectos de la Secci\u00f3n c, el responsable del Tratamiento de Datos tratar\u00e1 los Datos Personales durante un per\u00edodo no superior a veinticuatro meses a partir del momento en que se haya recabado el correspondiente consentimiento. Posteriormente, los Datos Personales ser\u00e1n eliminados, agregados o anonimizados.<\/p>\n\n\n\n<ul class=\"wp-block-list\"><li><strong>Derechos del interesado<\/strong><\/li><\/ul>\n\n\n\n<p>En cualquier momento, tendr\u00e1 derecho a:<\/p>\n\n\n\n<ul class=\"wp-block-list\"><li>Obtener confirmaci\u00f3n del Responsable del Tratamiento de Datos sobre si sus Datos Personales est\u00e1n siendo tratados, y cuando sea el caso, acceder a la informaci\u00f3n personal de acuerdo con el art. 15 del RGPD;<\/li><li>Obtener la rectificaci\u00f3n de los Datos Personales inexactos que le conciernen o, teniendo en cuenta la finalidad del tratamiento, la integraci\u00f3n de los Datos Personales incompletos;<\/li><li>Obtener la supresi\u00f3n de sus Datos Personales, cuando se aplique uno de los motivos del art. 17 del RGPD;<\/li><li>Obtener la restricci\u00f3n del tratamiento de sus Datos Personales, cuando se aplique uno de los casos del art. 18 del RGPD;<\/li><li>Oponerse al tratamiento de sus Datos Personales por motivos relacionados con su posici\u00f3n particular, en su caso;<\/li><li>Recibir en un formato estructurado, de uso com\u00fan y legible los Datos Personales que le conciernen y que usted ha proporcionado, as\u00ed como transmitir dichos Datos Personales a otro responsable del tratamiento, en los casos y dentro de los l\u00edmites contemplados en el art. 20 del RGPD, cuando proceda.<\/li><\/ul>\n\n\n\n<p>Tambi\u00e9n tiene derecho a retirar su consentimiento para el tratamiento de sus Datos Personales (cuando lo haya dado) en cualquier momento, sin perjuicio de la legalidad del tratamiento basado en su consentimiento antes de su retirada. Tendr\u00e1 la posibilidad de excluirse de la comercializaci\u00f3n por correo electr\u00f3nico haciendo click en el enlace correspondiente para \u00abdarse de baja\u00bb.<\/p>\n\n\n\n<p>De acuerdo con el RGPD, el Responsable del Tratamiento de Datos no podr\u00e1 cobrar por el cumplimiento de ninguna de las solicitudes mencionadas en este p\u00e1rrafo, a menos que sean claramente infundadas o excesivas y repetitivas. Si usted solicita m\u00e1s de una copia de sus Datos Personales o en los casos de solicitudes excesivas o infundadas, el Responsable podr\u00e1 (i) cobrar un gasto razonable, teniendo en cuenta los costes administrativos derivados del cumplimiento de la solicitud; o (ii) negarse a cumplir la solicitud. En estos casos, el Responsable del Tratamiento de Datos le informar\u00e1 de los costes antes de atender la solicitud.<\/p>\n\n\n\n<p>El responsable del tratamiento de Datos podr\u00e1 solicitar m\u00e1s informaci\u00f3n antes de atender las solicitudes si necesita verificar la identidad de la persona que las ha formulado.<\/p>\n\n\n\n<p>Sin perjuicio de cualquier recurso administrativo o legal, tambi\u00e9n tiene derecho a presentar una reclamaci\u00f3n ante la Autoridad de control pertinente (para Italia: el \u00abGarante per la protezione dei dati personali\u00bb), si cree que el tratamiento de sus datos infringe el RGPD. Puede obtener m\u00e1s informaci\u00f3n en el sitio web <a href=\"https:\/\/www.garanteprivacy.it\/en\/home_en\">https:\/\/www.garanteprivacy.it\/en\/home_en<\/a><\/p>\n\n\n\n<p>En cualquier caso, el Responsable del Tratamiento de Datos est\u00e1 interesado en conocer los motivos de la reclamaci\u00f3n y le ruega que, antes de acudir a las autoridades, utilice las v\u00edas de contacto mencionadas, con el fin de prevenir y resolver cualquier conflicto, de forma amistosa y r\u00e1pida, con la mayor cortes\u00eda, profesionalidad y discreci\u00f3n.<\/p>\n\n\n\n<p>Para m\u00e1s informaci\u00f3n sobre las disposiciones contenidas en los art\u00edculos del 15 al 22 del RGPD, haga clic en el siguiente enlace:<\/p>\n\n\n\n<p><a href=\"http:\/\/eur-lex.europa.eu\/legal-content\/IT\/TXT\/PDF\/?uri=CELEX:32016R0679&amp;from=it\">http:\/\/eur-lex.europa.eu\/legal-content\/IT\/TXT\/PDF\/?uri=CELEX:32016R0679&amp;from=it<\/a><\/p>\n\n\n\n<ol class=\"wp-block-list\" type=\"1\"><li><strong>Contactos para el ejercicio de los derechos del interesado y para obtener m\u00e1s informaci\u00f3n<\/strong><\/li><\/ol>\n\n\n\n<p>Con respecto al ejercicio de sus derechos en relaci\u00f3n con las finalidades previstas en la Secci\u00f3n 3 anterior y\/o para obtener cualquier tipo de informaci\u00f3n que pueda necesitar en relaci\u00f3n con el Responsable del Tratamiento de Datos en virtud de esta nota de privacidad, puede enviar una comunicaci\u00f3n escrita a MBE Worldwide S.p.A. (C\u00f3digo Fiscal y n\u00famero de IVA 10697630159), con domicilio social en Mil\u00e1n, Viale Lunigiana 35-37, o un fax marcando el 02 67625625 o un correo electr\u00f3nico a <a href=\"mailto:privacy@mbeglobal.com\">privacy@mbeglobal.com<\/a>.<\/p>\n\n\n\n<ol class=\"wp-block-list\" type=\"1\"><li><strong>Cambios en este aviso de privacidad<\/strong><\/li><\/ol>\n\n\n\n<p>Este aviso de privacidad ser\u00e1 v\u00e1lido a partir de la fecha indicada a continuaci\u00f3n. Se aconseja controlar regularmente este aviso de privacidad visitando el sitio web para mantenerse al d\u00eda de cualquier cambio que pudiera darse en el futuro.<\/p>\n\n\n\n<p class=\"has-text-align-right\">\u00daltima actualizaci\u00f3n: 5 de mayo de 2021<\/p>\n<\/div><\/section>\n\n\n\n<p><\/p>\n","protected":false},"excerpt":{"rendered":"","protected":false},"author":5,"featured_media":0,"parent":0,"menu_order":0,"comment_status":"closed","ping_status":"open","template":"","meta":{"inline_featured_image":false,"footnotes":""},"class_list":["post-1049","page","type-page","status-publish","hentry","entry"],"uagb_featured_image_src":{"full":false,"thumbnail":false,"medium":false,"medium_large":false,"large":false,"1536x1536":false,"2048x2048":false,"post-thumbnail":false},"uagb_author_info":{"display_name":"mbe-admin-acc","author_link":"https:\/\/staging.mbefranchise.com\/es\/author\/mbe-admin-acc\/"},"uagb_comment_info":0,"uagb_excerpt":null,"_links":{"self":[{"href":"https:\/\/staging.mbefranchise.com\/es\/wp-json\/wp\/v2\/pages\/1049","targetHints":{"allow":["GET"]}}],"collection":[{"href":"https:\/\/staging.mbefranchise.com\/es\/wp-json\/wp\/v2\/pages"}],"about":[{"href":"https:\/\/staging.mbefranchise.com\/es\/wp-json\/wp\/v2\/types\/page"}],"author":[{"embeddable":true,"href":"https:\/\/staging.mbefranchise.com\/es\/wp-json\/wp\/v2\/users\/5"}],"replies":[{"embeddable":true,"href":"https:\/\/staging.mbefranchise.com\/es\/wp-json\/wp\/v2\/comments?post=1049"}],"version-history":[{"count":7,"href":"https:\/\/staging.mbefranchise.com\/es\/wp-json\/wp\/v2\/pages\/1049\/revisions"}],"predecessor-version":[{"id":4215,"href":"https:\/\/staging.mbefranchise.com\/es\/wp-json\/wp\/v2\/pages\/1049\/revisions\/4215"}],"wp:attachment":[{"href":"https:\/\/staging.mbefranchise.com\/es\/wp-json\/wp\/v2\/media?parent=1049"}],"curies":[{"name":"wp","href":"https:\/\/api.w.org\/{rel}","templated":true}]}}