{"id":1051,"date":"2021-09-23T20:54:06","date_gmt":"2021-09-23T19:54:06","guid":{"rendered":"https:\/\/staging.mbefranchise.com\/?page_id=1051"},"modified":"2022-07-11T13:40:16","modified_gmt":"2022-07-11T12:40:16","slug":"our-stories","status":"publish","type":"page","link":"https:\/\/staging.mbefranchise.com\/es\/our-stories\/","title":{"rendered":"Our stories"},"content":{"rendered":"\n<section class=\"wp-block-uagb-section uagb-section__wrap uagb-section__background-image alignfull uagb-block-5c92f2d5 hero smallhero\"><div class=\"uagb-section__overlay\"><\/div><div class=\"uagb-section__inner-wrap\">\n<div class=\"wp-block-uagb-advanced-heading uagb-block-d23bace0\"><h1 class=\"uagb-heading-text\">Nuestra historia<br><\/h1><p class=\"uagb-desc-text\">La red de MBE se alimenta de la pasi\u00f3n de nuestra gente. Ellos son la piedra angular de nuestra marca. Pero no se conforme con nuestra palabra\u2026 Conozca a nuestros empresarios MBE.<br><\/p><\/div>\n<\/div><\/section>\n\n\n\n<section class=\"wp-block-uagb-section uagb-section__wrap uagb-section__background-undefined uagb-block-3262ef0c review\" id=\"sasa\"><div class=\"uagb-section__overlay\"><\/div><div class=\"uagb-section__inner-wrap\">\n<div class=\"wp-block-columns is-layout-flex wp-container-core-columns-is-layout-9d6595d7 wp-block-columns-is-layout-flex\">\n<div class=\"wp-block-column is-vertically-aligned-center is-layout-flow wp-block-column-is-layout-flow\">\n<div class=\"wp-block-uagb-advanced-heading uagb-block-52470f64\"><h2 class=\"uagb-heading-text\">Una base s\u00f3lida para hacer crecer un negocio sostenible a largo plazo.<\/h2><p class=\"uagb-desc-text\">Soy un empresario del negocio de la log\u00edstica y la distribuci\u00f3n desde hace m\u00e1s de 20 a\u00f1os, pero siempre estoy buscando nuevas oportunidades y nuevos modelos de negocio. MBE es una buena marca, y hab\u00eda visto la M\u00e1ster Franquicia MBE como una posibilidad para el inicio r\u00e1pido de una operaci\u00f3n emprendedora de franquicia. El sistema MBE demostr\u00f3 tener una base s\u00f3lida para hacer crecer un negocio sostenible y a largo plazo.<br><br>El modelo de negocio de MBE, con empresarios trabajando juntos &#8211; creando una red que est\u00e1 a\u00f1adiendo valor a todos sus integrantes &#8211; es una gran soluci\u00f3n. Adem\u00e1s, los diferentes flujos de ingresos significan un generador de beneficio real, incluso si las condiciones del mercado no son ideales. Pero lo mejor es el nivel de satisfacci\u00f3n de nuestros clientes; me enorgullece decir que a los clientes les gusta mucho el servicio de MBE y que vuelven a nuestras tiendas MBE a diario.<\/p><\/div>\n<\/div>\n\n\n\n<div class=\"wp-block-column is-vertically-aligned-center is-layout-flow wp-block-column-is-layout-flow\"><div class=\"wp-block-image is-style-default\">\n<figure class=\"aligncenter size-large\"><img loading=\"lazy\" decoding=\"async\" width=\"395\" height=\"247\" src=\"https:\/\/staging.mbefranchise.com\/wp-content\/uploads\/2021\/02\/Screenshot_5_xl.jpg\" alt=\"\" class=\"wp-image-246\" srcset=\"https:\/\/staging.mbefranchise.com\/wp-content\/uploads\/2021\/02\/Screenshot_5_xl.jpg 395w, https:\/\/staging.mbefranchise.com\/wp-content\/uploads\/2021\/02\/Screenshot_5_xl-300x188.jpg 300w\" sizes=\"auto, (max-width: 395px) 100vw, 395px\" \/><\/figure>\n<\/div>\n\n\n<p class=\"has-text-align-center\"><strong>Sasa Cvetojevic, empresario Croata con a\u00f1os de experiencia en log\u00edstica, sector sanitario, comunicaciones m\u00f3viles y gesti\u00f3n de la cadena de suministro<\/strong><\/p>\n\n\n\n<p class=\"has-text-align-center\">Licenciado principal para Croacia, Bosnia y Herzegovina, Macedonia, Montenegro, Serbia, Eslovenia y Kosovo.<\/p>\n\n\n\n<div class=\"wp-block-buttons is-horizontal is-content-justification-center is-layout-flex wp-container-core-buttons-is-layout-499968f5 wp-block-buttons-is-layout-flex\">\n<div class=\"wp-block-button red-btn sasavideo\"><a class=\"wp-block-button__link has-white-color has-text-color has-background\" style=\"border-radius:40px;background-color:#ee2c24\">VER VIDEO<\/a><\/div>\n<\/div>\n<\/div>\n<\/div>\n<\/div><\/section>\n\n\n\n<section class=\"wp-block-uagb-section uagb-section__wrap uagb-section__background-undefined uagb-block-57d910c4 review\" id=\"adrian\"><div class=\"uagb-section__overlay\"><\/div><div class=\"uagb-section__inner-wrap\">\n<div class=\"wp-block-columns is-layout-flex wp-container-core-columns-is-layout-9d6595d7 wp-block-columns-is-layout-flex\">\n<div class=\"wp-block-column is-vertically-aligned-center is-layout-flow wp-block-column-is-layout-flow\">\n<div class=\"wp-block-uagb-advanced-heading uagb-block-c774f926\"><h2 class=\"uagb-heading-text\">Las necesidades del mercado encajan perfectamente con lo que ofrece el concepto MBE<\/h2><p class=\"uagb-desc-text\">Como saben, Bipmobile Srl, la otra empresa que dirijo, opera en la industria de la log\u00edstica y el transporte, teniendo como socios y clientes a los m\u00e1s grandes nombres de la industria del autom\u00f3vil en toda Europa; pero los valores a\u00f1adidos de MBE todav\u00eda nos faltan. Por eso me convert\u00ed en M\u00e1ster Licenciado. Cuando conoc\u00ed el concepto de MBE fue como una peque\u00f1a revelaci\u00f3n para m\u00ed, ya que inmediatamente reconoc\u00ed que existe una necesidad de este tipo de servicios en Ruman\u00eda.<br><br>Desde mi punto de vista, las necesidades del mercado encajan perfectamente con lo que ofrece el concepto MBE. Adem\u00e1s, al dirigirse a las peque\u00f1as y medianas empresas, el negocio de MBE aporta m\u00e1rgenes interesantes, que supongo que es lo que buscan todos los empresarios del mundo. Por \u00faltimo, conocer al equipo de MBE y ver su profesionalidad fue lo que me dio la seguridad para construir este nuevo negocio para m\u00ed.<\/p><\/div>\n<\/div>\n\n\n\n<div class=\"wp-block-column is-vertically-aligned-center is-layout-flow wp-block-column-is-layout-flow\"><div class=\"wp-block-image\">\n<figure class=\"aligncenter size-large\"><img loading=\"lazy\" decoding=\"async\" width=\"400\" height=\"561\" src=\"https:\/\/staging.mbefranchise.com\/wp-content\/uploads\/2021\/05\/adrian-minea.jpg\" alt=\"\" class=\"wp-image-415\" srcset=\"https:\/\/staging.mbefranchise.com\/wp-content\/uploads\/2021\/05\/adrian-minea.jpg 400w, https:\/\/staging.mbefranchise.com\/wp-content\/uploads\/2021\/05\/adrian-minea-214x300.jpg 214w\" sizes=\"auto, (max-width: 400px) 100vw, 400px\" \/><\/figure>\n<\/div>\n\n\n<p class=\"has-text-align-center\"><strong>Adrian Minea<\/strong><\/p>\n\n\n\n<p class=\"has-text-align-center\"><strong>Propietario del Grupo Bipmobile, empresario Rumano con amplia experiencia en el sector del transporte<\/strong><\/p>\n<\/div>\n<\/div>\n<\/div><\/section>\n\n\n\n<section class=\"wp-block-uagb-section uagb-section__wrap uagb-section__background-undefined uagb-block-cf0a1520 review\" id=\"dieter\"><div class=\"uagb-section__overlay\"><\/div><div class=\"uagb-section__inner-wrap\">\n<div class=\"wp-block-columns is-layout-flex wp-container-core-columns-is-layout-9d6595d7 wp-block-columns-is-layout-flex\">\n<div class=\"wp-block-column is-vertically-aligned-center is-layout-flow wp-block-column-is-layout-flow\">\n<div class=\"wp-block-uagb-advanced-heading uagb-block-403c1fee\"><h2 class=\"uagb-heading-text\">Mi negocio de MBE<br>sigue creciendo incluso despu\u00e9s de 17 a\u00f1os<\/h2><p class=\"uagb-desc-text\">Me encant\u00f3 encontrar una oportunidad de negocio con un gran potencial en el sector de los servicios como MBE. La idea de externalizaci\u00f3n que propone MBE era, y sigue siendo, relativamente novedosa en Europa. Fuimos uno de los pioneros en Austria que utiliz\u00f3 la libertad empresarial de MBE para adaptar un concepto de \u00e9xito mundial al mercado local. Otra de las razones por las que decid\u00ed empezar con MBE fue la posibilidad de poner por fin mi negocio propio y trabajar en el pa\u00eds en el que vivo, a cinco minutos de mi casa. He construido uno de los centros de servicio m\u00e1s exitosos de Austria y he asumido la responsabilidad adicional del desarrollo futuro de la red MBE en Austria. Mi negocio MBE sigue creciendo incluso despu\u00e9s de 17 a\u00f1os \u00aben la carretera\u00bb.<\/p><\/div>\n<\/div>\n\n\n\n<div class=\"wp-block-column is-vertically-aligned-center is-layout-flow wp-block-column-is-layout-flow\"><div class=\"wp-block-image is-style-default\">\n<figure class=\"aligncenter size-large\"><img loading=\"lazy\" decoding=\"async\" width=\"561\" height=\"219\" src=\"https:\/\/staging.mbefranchise.com\/wp-content\/uploads\/2021\/01\/Group14-min.jpg\" alt=\"\" class=\"wp-image-15\" srcset=\"https:\/\/staging.mbefranchise.com\/wp-content\/uploads\/2021\/01\/Group14-min.jpg 561w, https:\/\/staging.mbefranchise.com\/wp-content\/uploads\/2021\/01\/Group14-min-300x117.jpg 300w\" sizes=\"auto, (max-width: 561px) 100vw, 561px\" \/><\/figure>\n<\/div>\n\n\n<p class=\"has-text-align-center\"><strong>Dieter Baier<\/strong><\/p>\n\n\n\n<p class=\"has-text-align-center\">MultiFranquiciado y<br>M\u00e1ster Licenciado MBE Austria<\/p>\n<\/div>\n<\/div>\n<\/div><\/section>\n\n\n\n<section class=\"wp-block-uagb-section uagb-section__wrap uagb-section__background-undefined uagb-block-d80a4d78 review\" id=\"anton\"><div class=\"uagb-section__overlay\"><\/div><div class=\"uagb-section__inner-wrap\">\n<div class=\"wp-block-columns is-layout-flex wp-container-core-columns-is-layout-9d6595d7 wp-block-columns-is-layout-flex\">\n<div class=\"wp-block-column is-vertically-aligned-center is-layout-flow wp-block-column-is-layout-flow\">\n<div class=\"wp-block-uagb-advanced-heading uagb-block-326767a7\"><h2 class=\"uagb-heading-text\">Espero crecer a\u00fan m\u00e1s con MBE<\/h2><p class=\"uagb-desc-text\">Llevo m\u00e1s de 20 a\u00f1os en el negocio de la log\u00edstica y siempre he intentado ofrecer el mejor servicio posible a mis clientes. Al desarrollar el Grupo Ability como un conjunto de empresas centradas en la log\u00edstica internacional de contenedores y camiones, sent\u00ed que nos faltaba un gran segmento de nuestra industria: la microlog\u00edstica, la distribuci\u00f3n B2C y los servicios de mensajer\u00eda. Raz\u00f3n por la cual, me entusiasm\u00f3 adquirir dos centros de MBE en San Petersburgo cuando descubr\u00ed el concepto de negocio de Mail Boxes Etc. all\u00e1 por 2015. Un par de a\u00f1os m\u00e1s tarde, siendo ya Franquiciado de \u00c1rea en Rusia, ten\u00eda ganas de crecer a\u00fan m\u00e1s con MBE. Por eso me convert\u00ed en M\u00e1ster Licenciado para los pa\u00edses b\u00e1lticos en 2018.<br><br>Con el saber como, el sistema y el apoyo global de MBE, ahora soy capaz de proporcionar servicios empresariales en diferentes pa\u00edses aplicando el modelo de negocio adoptado internacionalmente a las necesidades y condiciones locales.<\/p><\/div>\n<\/div>\n\n\n\n<div class=\"wp-block-column is-vertically-aligned-center is-layout-flow wp-block-column-is-layout-flow\"><div class=\"wp-block-image is-style-default\">\n<figure class=\"aligncenter size-large\"><img loading=\"lazy\" decoding=\"async\" width=\"339\" height=\"219\" src=\"https:\/\/staging.mbefranchise.com\/wp-content\/uploads\/2021\/01\/Group11-min.jpg\" alt=\"\" class=\"wp-image-13\" srcset=\"https:\/\/staging.mbefranchise.com\/wp-content\/uploads\/2021\/01\/Group11-min.jpg 339w, https:\/\/staging.mbefranchise.com\/wp-content\/uploads\/2021\/01\/Group11-min-300x194.jpg 300w\" sizes=\"auto, (max-width: 339px) 100vw, 339px\" \/><\/figure>\n<\/div>\n\n\n<p class=\"has-text-align-center\"><strong>Anton Nacharyan<\/strong><\/p>\n\n\n\n<p class=\"has-text-align-center\">Propietario de Ability Group, empresario Ruso<br>con una larga experiencia en la industria log\u00edstica<br>y la gesti\u00f3n de la cadena de suministro.<\/p>\n<\/div>\n<\/div>\n<\/div><\/section>\n\n\n\n<section class=\"wp-block-uagb-section uagb-section__wrap uagb-section__background-gradient uagb-block-34e8a0f6 two-part-cta\"><div class=\"uagb-section__overlay\"><\/div><div class=\"uagb-section__inner-wrap\">\n<div class=\"wp-block-columns is-layout-flex wp-container-core-columns-is-layout-9d6595d7 wp-block-columns-is-layout-flex\">\n<div class=\"wp-block-column redcolumn is-layout-flow wp-block-column-is-layout-flow\">\n<div class=\"wp-block-columns has-background is-layout-flex wp-container-core-columns-is-layout-9d6595d7 wp-block-columns-is-layout-flex\" style=\"background-color:#ee2c24\">\n<div class=\"wp-block-column is-vertically-aligned-center is-layout-flow wp-block-column-is-layout-flow\">\n<p class=\"has-text-align-center has-white-color has-text-color\" style=\"font-size:25px\">Ver un webinar<\/p>\n<\/div>\n\n\n\n<div class=\"wp-block-column is-layout-flow wp-block-column-is-layout-flow\">\n<div class=\"wp-block-buttons is-layout-flex wp-block-buttons-is-layout-flex\">\n<div class=\"wp-block-button red-btn white-btn\"><a class=\"wp-block-button__link has-text-color has-background\" href=\"\/es\/#form\" style=\"border-radius:40px;background-color:#ffffff;color:#ee2c24\">Reg\u00edstrese ahora<\/a><\/div>\n<\/div>\n<\/div>\n<\/div>\n<\/div>\n\n\n\n<div class=\"wp-block-column is-layout-flow wp-block-column-is-layout-flow\">\n<section class=\"wp-block-uagb-columns uagb-columns__wrap uagb-columns__background-color uagb-columns__stack-mobile uagb-columns__valign-center uagb-columns__gap-10 alignundefined uagb-block-533081c5\"><div class=\"uagb-columns__overlay\"><\/div><div class=\"uagb-columns__inner-wrap uagb-columns__columns-2\">\n<div class=\"wp-block-uagb-column uagb-column__wrap uagb-column__background-undefined uagb-block-d243d7c3\"><div class=\"uagb-column__overlay\"><\/div><div class=\"uagb-column__inner-wrap\">\n<p class=\"has-text-align-center\" style=\"font-size:25px\">\u00bfListo para empezar?<\/p>\n<\/div><\/div>\n\n\n\n<div class=\"wp-block-uagb-column uagb-column__wrap uagb-column__background-undefined uagb-block-801af544\"><div class=\"uagb-column__overlay\"><\/div><div class=\"uagb-column__inner-wrap\">\n<div class=\"wp-block-buttons is-horizontal is-content-justification-right is-layout-flex wp-container-core-buttons-is-layout-ae2fe186 wp-block-buttons-is-layout-flex\">\n<div class=\"wp-block-button transp-btn redhover is-style-outline is-style-outline--1\"><a class=\"wp-block-button__link has-text-color has-background\" href=\"\/es\/#form\" style=\"border-radius:40px;background-color:#e5e3df;color:#ee2c24\">Solicite ahora<\/a><\/div>\n<\/div>\n<\/div><\/div>\n<\/div><\/section>\n<\/div>\n<\/div>\n<\/div><\/section>\n\n\n\n<p><\/p>\n","protected":false},"excerpt":{"rendered":"","protected":false},"author":5,"featured_media":0,"parent":0,"menu_order":0,"comment_status":"closed","ping_status":"closed","template":"","meta":{"inline_featured_image":false,"footnotes":""},"class_list":["post-1051","page","type-page","status-publish","hentry","entry"],"uagb_featured_image_src":{"full":false,"thumbnail":false,"medium":false,"medium_large":false,"large":false,"1536x1536":false,"2048x2048":false,"post-thumbnail":false},"uagb_author_info":{"display_name":"mbe-admin-acc","author_link":"https:\/\/staging.mbefranchise.com\/es\/author\/mbe-admin-acc\/"},"uagb_comment_info":0,"uagb_excerpt":null,"_links":{"self":[{"href":"https:\/\/staging.mbefranchise.com\/es\/wp-json\/wp\/v2\/pages\/1051","targetHints":{"allow":["GET"]}}],"collection":[{"href":"https:\/\/staging.mbefranchise.com\/es\/wp-json\/wp\/v2\/pages"}],"about":[{"href":"https:\/\/staging.mbefranchise.com\/es\/wp-json\/wp\/v2\/types\/page"}],"author":[{"embeddable":true,"href":"https:\/\/staging.mbefranchise.com\/es\/wp-json\/wp\/v2\/users\/5"}],"replies":[{"embeddable":true,"href":"https:\/\/staging.mbefranchise.com\/es\/wp-json\/wp\/v2\/comments?post=1051"}],"version-history":[{"count":9,"href":"https:\/\/staging.mbefranchise.com\/es\/wp-json\/wp\/v2\/pages\/1051\/revisions"}],"predecessor-version":[{"id":4227,"href":"https:\/\/staging.mbefranchise.com\/es\/wp-json\/wp\/v2\/pages\/1051\/revisions\/4227"}],"wp:attachment":[{"href":"https:\/\/staging.mbefranchise.com\/es\/wp-json\/wp\/v2\/media?parent=1051"}],"curies":[{"name":"wp","href":"https:\/\/api.w.org\/{rel}","templated":true}]}}