{"id":1061,"date":"2021-09-23T20:55:32","date_gmt":"2021-09-23T19:55:32","guid":{"rendered":"https:\/\/staging.mbefranchise.com\/?page_id=1061"},"modified":"2022-07-11T13:32:03","modified_gmt":"2022-07-11T12:32:03","slug":"cookie-policy","status":"publish","type":"page","link":"https:\/\/staging.mbefranchise.com\/es\/cookie-policy\/","title":{"rendered":"Cookie Policy"},"content":{"rendered":"\n<section class=\"wp-block-uagb-section uagb-section__wrap uagb-section__background-image alignfull uagb-block-bd71b318 hero smallhero\"><div class=\"uagb-section__overlay\"><\/div><div class=\"uagb-section__inner-wrap\">\n<div class=\"wp-block-uagb-advanced-heading uagb-block-904c5ba0\"><h1 class=\"uagb-heading-text\">Pol\u00edtica de cookies<\/h1><p class=\"uagb-desc-text\"><\/p><\/div>\n<\/div><\/section>\n\n\n\n<section class=\"wp-block-uagb-section uagb-section__wrap uagb-section__background-undefined uagb-block-b702848e privacy\"><div class=\"uagb-section__overlay\"><\/div><div class=\"uagb-section__inner-wrap\">\n<p><strong>Uso de cookies en el sitio web<\/strong><\/p>\n\n\n\n<p>MBE Worldwide S.p.A. con sede en Mil\u00e1n, Viale Lunigiana 35-37, 20125, (\u00ab<strong>MBE<\/strong>\u00ab), adem\u00e1s de las disposiciones establecidas en la <a href=\"\/es\/privacy-policy\/\">pol\u00edtica de privacidad<\/a>, informa a los usuarios sobre el uso de cookies en el sitio web <strong><a href=\"http:\/\/mbefranchising.com\">mbefranchising.com<\/a><\/strong> (el \u00ab<strong>Sitio Web<\/strong>\u00ab).<\/p>\n\n\n\n<p><strong>\u00bfQu\u00e9 son las cookies?<\/strong><\/p>\n\n\n\n<p>Las \u00abcookies\u00bb son peque\u00f1os archivos de texto de un sitio web que se almacenan en su ordenador, tel\u00e9fono m\u00f3vil u otro dispositivo. Las cookies suelen contener informaci\u00f3n asociada a su navegador, como las preferencias del sitio web o los datos de acceso. Esta informaci\u00f3n permite a los servicios online reconocerle cuando interact\u00faa o vuelve a visitar el sitio web.<\/p>\n\n\n\n<p><strong>C\u00f3mo utilizamos las cookies<\/strong><\/p>\n\n\n\n<p>Nosotros y nuestros proveedores de servicios podemos utilizar cookies y tecnolog\u00edas de rastreo (p\u00edxeles de rastreo) cuando usted interact\u00faa con los servicios por diferentes razones, como se describe en detalle a continuaci\u00f3n.<\/p>\n\n\n\n<figure class=\"wp-block-table\"><table><tbody><tr><td><strong><em>Absolutamente necesario<\/em><\/strong><\/td><td>Utilizamos cookies para la administraci\u00f3n del sistema, para supervisar el tr\u00e1fico y evitar actividades fraudulentas, para mejorar la seguridad de los servicios y para proporcionar la funcionalidad b\u00e1sica de los servicios, como la creaci\u00f3n y el inicio de sesi\u00f3n en su cuenta y la utilizaci\u00f3n de las caracter\u00edsticas esenciales de los servicios.<\/td><\/tr><tr><td><strong><em>Relacionado con la funcionalidad<\/em><\/strong><\/td><td>Utilizamos cookies para saber si ha visitado el sitio web anteriormente y para facilitar el uso de los servicios, incluyendo el recuerdo de sus preferencias y ajustes.<\/td><\/tr><tr><td><strong><em>An\u00e1lisis y resultados<\/em><\/strong><\/td><td>Utilizamos cookies y p\u00edxeles de seguimiento para evaluar el rendimiento de los servicios, contabilizar los visitantes del sitio web y supervisar la forma en que los usuarios navegan y utilizan los servicios, con el fin de mejorar el rendimiento y el contenido ofrecido a trav\u00e9s de los servicios.<\/td><\/tr><tr><td><strong><em>Personalizaci\u00f3n y Enfoque<\/em><\/strong><\/td><td>Podemos utilizar cookies y p\u00edxeles de seguimiento para ofrecer contenidos personalizados y marketing de \u00abprimera parte\u00bb (marketing de MBE) basado en la forma en que usted interact\u00faa con nuestros servicios. Tambi\u00e9n podemos utilizar cookies y p\u00edxeles de seguimiento para registrar su uso de nuestros servicios, las p\u00e1ginas que ha visitado y los enlaces que ha seguido. Utilizaremos esta informaci\u00f3n para que nuestros servicios y la publicidad que se muestra en ellos sean m\u00e1s adecuados a sus intereses. Tambi\u00e9n podemos compartir esta informaci\u00f3n con terceros con este fin.<\/td><\/tr><\/tbody><\/table><\/figure>\n\n\n\n<p><strong>C\u00f3mo desactivar o eliminar las cookies<\/strong><\/p>\n\n\n\n<p>Los usuarios pueden controlar c\u00f3mo se instalan las cookies en sus dispositivos mediante la configuraci\u00f3n de su navegador y, en algunos casos, la configuraci\u00f3n de su dispositivo m\u00f3vil. Si los usuarios no rechazan o deshabilitan las cookies como se describe en esta secci\u00f3n, consienten expresamente que nosotros y los terceros descritos a continuaci\u00f3n establezcamos y accedamos a las cookies, con sujeci\u00f3n a sus pol\u00edticas de privacidad.<\/p>\n\n\n\n<p>Los usuarios pueden autorizar, rechazar o desactivar las cookies del sitio web cambiando la configuraci\u00f3n de su navegador. Si los usuarios desactivan una cookie ya instalada en sus dispositivos o navegadores, \u00e9sta dejar\u00e1 de estar activa, pero no desaparecer\u00e1 de sus dispositivos o navegadores hasta el final de su vida \u00fatil. Tenga en cuenta que el bloqueo de todas las cookies puede hacer que el sitio web no est\u00e9 disponible para los usuarios o tener un efecto negativo en el rendimiento, la eficiencia o la personalizaci\u00f3n del sitio web.<\/p>\n\n\n\n<p>Si los usuarios utilizan diferentes dispositivos, deben asegurarse de configurar los ajustes del navegador correspondiente seg\u00fan sus preferencias.<\/p>\n\n\n\n<p>Todos los navegadores m\u00e1s recientes permiten al usuario cambiar la configuraci\u00f3n de las cookies. Suelen estar en el men\u00fa del navegador del usuario en \u00abopciones\u00bb o \u00abpreferencias\u00bb. Para saber c\u00f3mo configurarlas, el usuario puede seguir las instrucciones de los enlaces que aparecen a continuaci\u00f3n:<\/p>\n\n\n\n<ul class=\"wp-block-list\"><li><strong>Mozilla Firefox:&nbsp;<\/strong><a href=\"https:\/\/support.mozilla.org\/it\/kb\/Gestione%20dei%20cookie\">https:\/\/support.mozilla.org\/it\/kb\/Gestione%20dei%20cookie<\/a><\/li><li><strong>Internet Explorer<\/strong>:&nbsp;<a href=\"http:\/\/windows.microsoft.com\/it-it\/windows-vista\/block-or-allow-cookies\">http:\/\/windows.microsoft.com\/it-it\/windows-vista\/block-or-allow-cookies<\/a><\/li><li><strong>Google Chrome<\/strong>:&nbsp;<a href=\"https:\/\/support.google.com\/chrome\/answer\/95647?hl=it\">https:\/\/support.google.com\/chrome\/answer\/95647?hl=it<\/a><\/li><li><strong>Safari 6\/7 Mavericks<\/strong>:&nbsp;<a href=\"https:\/\/support.apple.com\/kb\/PH17191?viewlocale=it_IT&amp;locale=it_IT\">https:\/\/support.apple.com\/kb\/PH17191?viewlocale=it_IT&amp;locale=it_IT<\/a><\/li><li><strong>Safari 8 Yosemite<\/strong>:&nbsp;&nbsp;<a href=\"https:\/\/support.apple.com\/kb\/PH19214?viewlocale=it_IT&amp;locale=it_IT\">https:\/\/support.apple.com\/kb\/PH19214?viewlocale=it_IT&amp;locale=it_IT<\/a><\/li><li><strong>Safari on iPhone, iPad o iPod touch<\/strong>:&nbsp;<a href=\"https:\/\/support.apple.com\/it-it\/HT201265\">https:\/\/support.apple.com\/it-it\/HT201265<\/a><\/li><\/ul>\n\n\n\n<p><strong>\u00bfUtiliza MBE cookies en sus sitios web propios?<\/strong><\/p>\n\n\n\n<p>MBE utiliza \u00abcookies\u00bb para facilitar el uso de los servicios solicitados por el propio usuario, as\u00ed como la recogida de informaci\u00f3n del usuario, la navegaci\u00f3n por el Sitio Web y las elecciones y preferencias expresadas sobre los productos. Esto permitir\u00e1 a MBE crear perfiles de usuarios utilizando los datos recogidos, lo que permitir\u00e1 la transmisi\u00f3n de publicidad dirigida y personalizada. El usuario puede revocar en cualquier momento la autorizaci\u00f3n concedida y oponerse al uso de cookies seleccionando la configuraci\u00f3n adecuada en su navegador de Internet, tal y como se detalla en el apartado anterior.<\/p>\n\n\n\n<p>En adici\u00f3n a las cookies estrictamente necesarias y relacionadas con la funcionalidad, para las cu\u00e1les no es necesario recabar el consentimiento, el Sitio Web utiliza las cookies indicadas a continuaci\u00f3n:<\/p>\n\n\n\n<p>El usuario puede desactivar las cookies colocadas por los terceros mencionados anteriormente siguiendo los enlaces indicados. Si no hay enlaces, el usuario puede remitirse al siguiente sitio web <a href=\"http:\/\/www.youronlinechoices.com\/it\/\" target=\"_blank\" rel=\"noreferrer noopener\">www.youronlinechoices.com\/it\/<\/a>, que permite gestionar las preferencias relativas a las cookies.<\/p>\n\n\n\n<h3 class=\"wp-block-heading\">Informaci\u00f3n detallada sobre el tratamiento de Datos Personales<\/h3>\n\n\n\n<p>Los Datos Personales se recogen para los siguientes fines y utilizando los siguientes servicios:<\/p>\n\n\n\n<p><strong>Datos anal\u00edticos<\/strong><\/p>\n\n\n\n<p>Los servicios contenidos en esta secci\u00f3n permiten al Propietario supervisar y analizar el tr\u00e1fico web y pueden utilizarse para hacer un seguimiento del comportamiento del Usuario.<\/p>\n\n\n\n<p>WordPress Stats (Automattic Inc.)<\/p>\n\n\n\n<p>WordPress Stats es un servicio de an\u00e1lisis proporcionado por Automattic Inc.<\/p>\n\n\n\n<p>Datos personales recogidos: Cookies y Datos de Uso.<\/p>\n\n\n\n<p>Lugar de procesamiento: Pol\u00edtica de privacidad.<\/p>\n\n\n\n<p><strong>Google Analytics (Google Inc.)<\/strong><\/p>\n\n\n\n<p>Google Analytics es un servicio de an\u00e1lisis web prestado por Google Inc. (\u00abGoogle\u00bb). Google utiliza los datos recogidos para rastrear y examinar el uso de Mix Repairs, para preparar informes sobre sus actividades y compartirlos con otros servicios de Google.<\/p>\n\n\n\n<p>Google puede utilizar los datos recogidos para contextualizar y personalizar los anuncios de su propia red publicitaria.<\/p>\n\n\n\n<p>Datos personales recogidos: Cookies y Datos de Uso<\/p>\n\n\n\n<p>Lugar de tratamiento: <a href=\"https:\/\/tools.google.com\/dlpage\/gaoptout?hl=en\" target=\"_blank\" rel=\"noreferrer noopener\">Pol\u00edtica de privacidad &#8211; Opt Out<\/a>.<\/p>\n\n\n\n<p><strong>Gesti\u00f3n de Tags<\/strong><\/p>\n\n\n\n<p>Este tipo de servicio ayuda al propietario a gestionar de forma centralizada los tags o scripts necesarios en Mix Repairs.<\/p>\n\n\n\n<p>Esto hace que los Datos de los Usuarios fluyan a trav\u00e9s de estos servicios, lo cual puede dar lugar a la retenci\u00f3n de estos Datos.<\/p>\n\n\n\n<p>Google Tag Manager (Google LLC)<\/p>\n\n\n\n<p>Google Tag Manager es un servicio de gesti\u00f3n de tags proporcionado por Google LLC.<\/p>\n\n\n\n<p>Datos personales recogidos: Cookies y Datos de Uso.<\/p>\n\n\n\n<p>Lugar de tratamiento: &#8211; <a href=\"https:\/\/policies.google.com\/privacy?hl=en\" target=\"_blank\" rel=\"noreferrer noopener\">Pol\u00edtica de privacidad<\/a>.<\/p>\n\n\n\n<p><strong>Google AdWords (cookies de publicidad)<\/strong><\/p>\n\n\n\n<p>Nuestro sitio web utiliza las cookies de seguimiento de conversiones de Google AdWords para medir y optimizar el rendimiento y la experiencia del usuario en relaci\u00f3n con nuestros anuncios en la B\u00fasqueda de Google o en determinados sitios de la Red de Display de Google. Obtenga m\u00e1s informaci\u00f3n sobre la pol\u00edtica de privacidad de Google aqu\u00ed.<\/p>\n\n\n\n<p>Opt-out: <a href=\"https:\/\/adssettings.google.com\/anonymous?sig=ACi0TCgFv-AwxL_uqST0JHnESZEchSiEVh79sPGtxu1ODfb1lOapEjVtLJ-GpRpBXKiuuJlKpmok5t5XQGIpT63aaV_kOZ2zZQ&amp;hl=en\" target=\"_blank\" rel=\"noreferrer noopener\">Visitando la configuraci\u00f3n de anuncios de Googl<\/a>e.<\/p>\n\n\n\n<p>Podemos utilizar Tag de Remarketing de Google AdWords para anunciar Mix Repairs en Internet, en particular en la Red de Display de Google.<\/p>\n\n\n\n<p>El remarketing de AdWords le mostrar\u00e1 anuncios basados en las partes del sitio web de Mix Repairs que haya visto, colocando una cookie en su navegador web.<\/p>\n\n\n\n<p>Esta cookie no le identifica de ninguna manera ni da acceso a su ordenador o dispositivo m\u00f3vil.<\/p>\n\n\n\n<p>La cookie se utiliza para indicar a otros sitios web que \u00abEsta persona visit\u00f3 una p\u00e1gina en particular, por lo que le muestra anuncios relacionados con esa p\u00e1gina\u00bb.<\/p>\n\n\n\n<p>El Remarketing de Google AdWords nos permite adaptar nuestro marketing para que se adapte mejor a sus necesidades y s\u00f3lo mostrar anuncios que sean de inter\u00e9s para usted.<\/p>\n\n\n\n<p>Si no deseas ver anuncios de Mix Repairs, puede excluirse en la configuraci\u00f3n de <a href=\"https:\/\/adssettings.google.com\/authenticated\" target=\"_blank\" rel=\"noreferrer noopener\">Anuncios de <\/a>Google.<\/p>\n\n\n\n<p><strong>Yandex M\u00e9trica<\/strong><\/p>\n\n\n\n<p>Por defecto, Yandex M\u00e9trica recoge informaci\u00f3n sobre todos los usuarios que visitan un sitio.<\/p>\n\n\n\n<p>La recopilaci\u00f3n de datos sobre usuarios individuales puede bloquearse con el complemento de navegador Yandex. <a href=\"https:\/\/yandex.com\/support\/metrica\/general\/opt-out.html\" target=\"_blank\" rel=\"noreferrer noopener\">Metrica que est\u00e1 disponible<\/a> para los navegadores de escritorio m\u00e1s populares.<\/p>\n\n\n\n<p><strong>HotJar<\/strong><\/p>\n\n\n\n<p>Las herramientas de an\u00e1lisis de Hotjar ofrecen una visi\u00f3n general del comportamiento de los visitantes. La obtenci\u00f3n de datos procesables en Hotjar no incluye la revelaci\u00f3n de qui\u00e9n es el individuo espec\u00edfico: en su lugar, Hotjar le muestra c\u00f3mo la gente utiliza su sitio web o aplicaci\u00f3n de forma an\u00f3nima en su conjunto.<\/p>\n\n\n\n<p>Opt-Out: <a href=\"https:\/\/www.hotjar.com\/legal\/compliance\/opt-out\" target=\"_blank\" rel=\"noreferrer noopener\">Visitando la p\u00e1gina de Opt-Out de HotJar.<\/a><\/p>\n\n\n\n<p>Las preguntas y solicitudes relacionadas con esta pol\u00edtica de privacidad deben enviarse por correo electr\u00f3nico a <a href=\"mailto:privacy@mbeglobal.com\">privacy@mbeglobal.com<\/a><\/p>\n\n\n\n<p>Para cualquier otra informaci\u00f3n, consulte la <a href=\"https:\/\/mbeswitzerland.ch\/privacy-policy\/\">Pol\u00edtica de Privacidad<\/a> .<\/p>\n<\/div><\/section>\n\n\n\n<p><\/p>\n","protected":false},"excerpt":{"rendered":"","protected":false},"author":5,"featured_media":0,"parent":0,"menu_order":0,"comment_status":"closed","ping_status":"open","template":"","meta":{"inline_featured_image":false,"footnotes":""},"class_list":["post-1061","page","type-page","status-publish","hentry","entry"],"uagb_featured_image_src":{"full":false,"thumbnail":false,"medium":false,"medium_large":false,"large":false,"1536x1536":false,"2048x2048":false,"post-thumbnail":false},"uagb_author_info":{"display_name":"mbe-admin-acc","author_link":"https:\/\/staging.mbefranchise.com\/es\/author\/mbe-admin-acc\/"},"uagb_comment_info":0,"uagb_excerpt":null,"_links":{"self":[{"href":"https:\/\/staging.mbefranchise.com\/es\/wp-json\/wp\/v2\/pages\/1061","targetHints":{"allow":["GET"]}}],"collection":[{"href":"https:\/\/staging.mbefranchise.com\/es\/wp-json\/wp\/v2\/pages"}],"about":[{"href":"https:\/\/staging.mbefranchise.com\/es\/wp-json\/wp\/v2\/types\/page"}],"author":[{"embeddable":true,"href":"https:\/\/staging.mbefranchise.com\/es\/wp-json\/wp\/v2\/users\/5"}],"replies":[{"embeddable":true,"href":"https:\/\/staging.mbefranchise.com\/es\/wp-json\/wp\/v2\/comments?post=1061"}],"version-history":[{"count":9,"href":"https:\/\/staging.mbefranchise.com\/es\/wp-json\/wp\/v2\/pages\/1061\/revisions"}],"predecessor-version":[{"id":4219,"href":"https:\/\/staging.mbefranchise.com\/es\/wp-json\/wp\/v2\/pages\/1061\/revisions\/4219"}],"wp:attachment":[{"href":"https:\/\/staging.mbefranchise.com\/es\/wp-json\/wp\/v2\/media?parent=1061"}],"curies":[{"name":"wp","href":"https:\/\/api.w.org\/{rel}","templated":true}]}}