{"id":1079,"date":"2021-09-23T21:01:42","date_gmt":"2021-09-23T20:01:42","guid":{"rendered":"https:\/\/staging.mbefranchise.com\/?page_id=1079"},"modified":"2022-07-11T09:43:21","modified_gmt":"2022-07-11T08:43:21","slug":"privacy-policy","status":"publish","type":"page","link":"https:\/\/staging.mbefranchise.com\/fr\/privacy-policy\/","title":{"rendered":"Privacy Policy"},"content":{"rendered":"\n<section class=\"wp-block-uagb-section uagb-section__wrap uagb-section__background-image alignfull uagb-block-1ebffbfd hero smallhero\"><div class=\"uagb-section__overlay\"><\/div><div class=\"uagb-section__inner-wrap\">\n<div class=\"wp-block-uagb-advanced-heading uagb-block-ea4c94f8\"><h1 class=\"uagb-heading-text\">AVIS DE CONFIDENTIALIT\u00c9<\/h1><p class=\"uagb-desc-text\"><\/p><\/div>\n<\/div><\/section>\n\n\n\n<section class=\"wp-block-uagb-section uagb-section__wrap uagb-section__background-undefined uagb-block-d6f12bba privacy\"><div class=\"uagb-section__overlay\"><\/div><div class=\"uagb-section__inner-wrap\">\n<p>Conform\u00e9ment \u00e0 l&rsquo;article 13 du r\u00e8glement (UE) 2016\/679 contenant des dispositions relatives \u00e0 la protection des personnes physiques \u00e0 l&rsquo;\u00e9gard du traitement des donn\u00e9es \u00e0 caract\u00e8re personnel et \u00e0 la libre circulation de ces donn\u00e9es (ci-apr\u00e8s le \u00a0\u00bb <strong>RGPD <\/strong>\u00ab\u00a0), nous vous fournissons par la pr\u00e9sente des informations concernant le traitement de vos donn\u00e9es personnelles fournies par vous et\/ou collect\u00e9es via le site <a href=\"https:\/\/staging.mbefranchise.com\">www.mbefranchise.com<\/a> (le \u00ab\u00a0<strong>Site Web<\/strong>\u00ab\u00a0).<\/p>\n\n\n\n<ol class=\"wp-block-list\" type=\"1\"><li><strong>Contr\u00f4leur de donn\u00e9es<\/strong><\/li><\/ol>\n\n\n\n<p>Les donn\u00e9es personnelles recueillies par le biais du site Web seront trait\u00e9es par MBE Worldwide S.p.A., dont le si\u00e8ge social est situ\u00e9 \u00e0 Milan, Viale Lunigiana 35-37, 20125, en sa qualit\u00e9 de responsable du traitement des donn\u00e9es (ci-apr\u00e8s le \u00ab\u00a0<strong>Contr\u00f4leur<\/strong>\u00a0\u00bb ou \u00ab\u00a0<strong>MBE<\/strong>\u00ab\u00a0).<\/p>\n\n\n\n<ul class=\"wp-block-list\"><li><strong>Cat\u00e9gories de donn\u00e9es personnelles trait\u00e9es<\/strong><\/li><\/ul>\n\n\n\n<p>Les donn\u00e9es personnelles suivantes que vous avez fournies (ci-apr\u00e8s les \u00ab\u00a0donn\u00e9es personnelles\u00a0\u00bb) peuvent \u00eatre trait\u00e9es par l&rsquo;interm\u00e9diaire du site web :<\/p>\n\n\n\n<ul class=\"wp-block-list\"><li>l&rsquo;adresse IP ;<\/li><li>les donn\u00e9es de navigation sur le site web ;<\/li><li>des informations sur le navigateur et sur l&rsquo;appareil ;<\/li><li>les informations recueillies par le biais de cookies, de balises pixel, fournies par vous et sans divulguer votre identit\u00e9 sp\u00e9cifique ;<\/li><li>des informations d\u00e9mographiques et d&rsquo;autres informations fournies par vous et sans divulguer votre identit\u00e9 sp\u00e9cifique ;<\/li><li>des informations qui ont \u00e9t\u00e9 regroup\u00e9es de mani\u00e8re \u00e0 ne plus r\u00e9v\u00e9ler votre identit\u00e9 sp\u00e9cifique.<\/li><\/ul>\n\n\n\n<p>En outre, les donn\u00e9es personnelles suivantes que vous avez fournies peuvent \u00eatre trait\u00e9es si vous d\u00e9cidez d&rsquo;interagir avec le site web :<\/p>\n\n\n\n<figure class=\"wp-block-table\"><table><tbody><tr><td><a href=\"https:\/\/staging.mbefranchise.com\">www.mbefranchise.com<\/a><\/td><\/tr><tr><td>Nom, pr\u00e9nom, e-mail, num\u00e9ro de t\u00e9l\u00e9phone, ville, pays, si vous envoyez des messages \u00e0 MBE, \u00e0 un Master Licensee ou \u00e0 un centre MBE par le biais de nos formulaires ;<\/td><\/tr><tr><td>Nom, pr\u00e9nom, e-mail, num\u00e9ro de t\u00e9l\u00e9phone, ville, pays, si vous demandez \u00e0 \u00eatre contact\u00e9 afin d&rsquo;obtenir des informations sur la mani\u00e8re de commencer votre activit\u00e9 avec MBE ;<\/td><\/tr><tr><td>Votre position physique, si vous demandez au site web les centres MBE les plus proches de votre position.<\/td><\/tr><\/tbody><\/table><\/figure>\n\n\n\n<ul class=\"wp-block-list\"><li><strong>Finalit\u00e9s du traitement des donn\u00e9es personnelles<\/strong><\/li><\/ul>\n\n\n\n<p>Le contr\u00f4leur traitera vos donn\u00e9es personnelles aux fins suivantes :<\/p>\n\n\n\n<ol class=\"wp-block-list\" type=\"a\"><li>pour vous permettre de b\u00e9n\u00e9ficier des fonctionnalit\u00e9s offertes par le site web, et plus pr\u00e9cis\u00e9ment :<\/li><\/ol>\n\n\n\n<figure class=\"wp-block-table\"><table><tbody><tr><td><a href=\"https:\/\/staging.mbefranchise.com\">www.mbefranchise.com<\/a><\/td><\/tr><tr><td>pour vous permettre de communiquer avec le Master Licensee MBE ou le centre MBE sp\u00e9cifique que vous avez s\u00e9lectionn\u00e9 par le biais des formulaires de contact du site Web (dans ce cas, vos donn\u00e9es personnelles seront transmises au licenci\u00e9 principal MBE ou au centre MBE sp\u00e9cifique s\u00e9lectionn\u00e9) ;<\/td><\/tr><\/tbody><\/table><\/figure>\n\n\n\n<ul class=\"wp-block-list\"><li>pour vous fournir les services que vous demandez, et plus pr\u00e9cis\u00e9ment :<\/li><\/ul>\n\n\n\n<figure class=\"wp-block-table\"><table><tbody><tr><td><a href=\"https:\/\/staging.mbefranchise.com\">www.mbefranchise.com<\/a><\/td><\/tr><tr><td>pour \u00eatre contact\u00e9 par le personnel de MBE afin d&rsquo;obtenir les informations pertinentes sur la mani\u00e8re de lancer votre activit\u00e9 avec MBE ; pour vous inscrire \u00e0 nos s\u00e9minaires, ateliers, webinaires et \u00e9v\u00e9nements ;<\/td><\/tr><tr><td>pour trouver les centres MBE les plus proches de votre position actuelle ;<\/td><\/tr><\/tbody><\/table><\/figure>\n\n\n\n<ul class=\"wp-block-list\"><li>vous envoyer, par tout moyen de communication (t\u00e9l\u00e9copie, courrier \u00e9lectronique, message texte, service de messagerie multim\u00e9dia, courrier papier, appels t\u00e9l\u00e9phoniques assist\u00e9s par un op\u00e9rateur), du mat\u00e9riel publicitaire et de la documentation \u00e0 caract\u00e8re promotionnel ou dans tous les cas impliquant une sollicitation commerciale relative \u00e0 des services, des produits ou des r\u00e9ductions offerts par le contr\u00f4leur, ainsi que pour r\u00e9aliser des \u00e9tudes et des enqu\u00eates sur le march\u00e9 et \u00e9laborer des statistiques aff\u00e9rentes.<\/li><\/ul>\n\n\n\n<p>Les Donn\u00e9es \u00e0 caract\u00e8re personnel collect\u00e9es peuvent \u00e9galement \u00eatre trait\u00e9es dans le cadre de tout \u00e9v\u00e9nement d&rsquo;entreprise (vente de l&rsquo;entreprise ou d&rsquo;unit\u00e9s d&rsquo;affaires), de due diligence ou en cas de d\u00e9fense d&rsquo;une action en justice et des activit\u00e9s pr\u00e9liminaires y aff\u00e9rentes.<\/p>\n\n\n\n<ul class=\"wp-block-list\"><li><strong>Base juridique du traitement des donn\u00e9es personnelles<\/strong><\/li><\/ul>\n\n\n\n<p>Le traitement de vos Donn\u00e9es Personnelles aux fins vis\u00e9es \u00e0 la section 3, a. est effectu\u00e9 afin de r\u00e9pondre \u00e0 votre demande et sur la base d&rsquo;un int\u00e9r\u00eat l\u00e9gitime du Contr\u00f4leur, dont l&rsquo;activit\u00e9 est in\u00e9vitablement li\u00e9e \u00e0 la qualit\u00e9 des services offerts par son Site Internet, \u00e0 l&rsquo;exp\u00e9rience d&rsquo;interaction des utilisateurs et \u00e0 la satisfaction de leurs attentes. Tout refus de fournir les Donn\u00e9es Personnelles aux fins \u00e9nonc\u00e9es ci-dessus rendra impossible l&rsquo;envoi de votre demande de contact au Master Licensee MBE et\/ou au centre MBE s\u00e9lectionn\u00e9.<\/p>\n\n\n\n<p>Le traitement des Donn\u00e9es Personnelles aux fins vis\u00e9es \u00e0 la section 3, b., est n\u00e9cessaire afin d&rsquo;ex\u00e9cuter les mesures pr\u00e9contractuelles et contractuelles adopt\u00e9es \u00e0 votre demande lorsque vous demandez les services offerts par le Site. Tout refus de fournir les Donn\u00e9es Personnelles aux fins susmentionn\u00e9es rendra impossible l&rsquo;utilisation et la jouissance des services susmentionn\u00e9s.<\/p>\n\n\n\n<p>Le traitement de vos Donn\u00e9es Personnelles aux fins vis\u00e9es \u00e0 la section 3, c. est facultatif et repose sur votre consentement librement donn\u00e9. Tout refus de fournir les Donn\u00e9es Personnelles aux fins susmentionn\u00e9es aura pour seule cons\u00e9quence l&rsquo;impossibilit\u00e9 pour le Responsable du traitement de vous envoyer des messages publicitaires et promotionnels, de r\u00e9aliser des \u00e9tudes et des enqu\u00eates de march\u00e9, et d&rsquo;\u00e9laborer des statistiques y aff\u00e9rentes.<\/p>\n\n\n\n<p>En cas de traitement dans le cadre d&rsquo;\u00e9v\u00e9nements corporatifs potentiels (vente de l&rsquo;entreprise ou d&rsquo;unit\u00e9s d&rsquo;affaires), de due diligence ou dans le cas de la d\u00e9fense d&rsquo;une action en justice et des activit\u00e9s pr\u00e9liminaires connexes, ce traitement sera effectu\u00e9 sur la base des int\u00e9r\u00eats l\u00e9gitimes du contr\u00f4leur dans la poursuite de ses activit\u00e9s commerciales et pour la protection de ses droits.<\/p>\n\n\n\n<ul class=\"wp-block-list\"><li><strong>Modalit\u00e9s de traitement des donn\u00e9es personnelles&nbsp;&nbsp;&nbsp;<\/strong><\/li><\/ul>\n\n\n\n<p>Le traitement sera effectu\u00e9 avec l&rsquo;aide d&rsquo;instruments automatis\u00e9s et sur papier permettant de garantir la s\u00e9curit\u00e9 et la confidentialit\u00e9 des Donn\u00e9es Personnelles, ceci pour collecter, consulter, stocker, g\u00e9rer, extraire et transmettre les Donn\u00e9es Personnelles.<\/p>\n\n\n\n<ul class=\"wp-block-list\"><li><strong>Destinataires des donn\u00e9es personnelles<\/strong><\/li><\/ul>\n\n\n\n<p>Les donn\u00e9es personnelles seront divulgu\u00e9es aux personnes autoris\u00e9es pour le traitement au sein du personnel du contr\u00f4leur.<\/p>\n\n\n\n<p>Les donn\u00e9es personnelles peuvent \u00eatre divulgu\u00e9es par le contr\u00f4leur uniquement et exclusivement aux fins indiqu\u00e9es et, si n\u00e9cessaire, aux cat\u00e9gories de sujets suivantes :<\/p>\n\n\n\n<ul class=\"wp-block-list\"><li>les agents ou collaborateurs du contr\u00f4leur qui sont situ\u00e9s sur le territoire de l&rsquo;Union europ\u00e9enne ;<\/li><li>Le titulaire de la Master License MBE ou les centres MBE qui sont situ\u00e9s \u00e0 l&rsquo;int\u00e9rieur ou \u00e0 l&rsquo;ext\u00e9rieur du territoire de l&rsquo;Union europ\u00e9enne ;<\/li><li>des prestataires de services pour des activit\u00e9s de marketing ;<\/li><li>Les soci\u00e9t\u00e9s du groupe MBE telles que sp\u00e9cifi\u00e9es ci-dessus, y compris &#8211; \u00e0 la date de cette d\u00e9claration de confidentialit\u00e9 &#8211; MBE Worldwide S.p.A., Sistema Italia 93 S.r.l., Jonathan &amp; Assist S.r.l. ; Eurocubia S.r.l. ; DireFareStampare S.r.l., Forama S.r.l., MBE Deutschland GmbH, MBE Spain 2000 SL, MBE France Sarl, MBE Poland Sp.z.o.o. ;<\/li><li>des consultants pour les questions comptables, administratives, juridiques, fiscales et financi\u00e8res ;<\/li><li>si n\u00e9cessaire, les autorit\u00e9s judiciaires comp\u00e9tentes ;<\/li><li>le cas \u00e9ch\u00e9ant, les administrations publiques et les autorit\u00e9s de surveillance et de contr\u00f4le.<\/li><\/ul>\n\n\n\n<p>Les donn\u00e9es personnelles ne seront pas divulgu\u00e9es publiquement.<\/p>\n\n\n\n<p>Les entit\u00e9s appartenant aux cat\u00e9gories \u00e9num\u00e9r\u00e9es ci-dessus, peuvent agir, selon le cas, en tant que processeurs de donn\u00e9es (et dans ce cas, ils recevront des instructions appropri\u00e9es du contr\u00f4leur) ou en tant que contr\u00f4leurs de donn\u00e9es autonomes. Dans ce dernier cas, les Donn\u00e9es Personnelles seront communiqu\u00e9es uniquement avec le consentement expr\u00e8s des personnes concern\u00e9es, sauf si la communication est obligatoire ou n\u00e9cessaire en vertu de la loi applicable ou pour la poursuite de finalit\u00e9s pour lesquelles le consentement de la personne concern\u00e9e n&rsquo;est pas requis.<\/p>\n\n\n\n<p>Le Contr\u00f4leur a \u00e9galement le droit de transf\u00e9rer vos Donn\u00e9es personnelles vers des pays tiers. Les transferts de Donn\u00e9es en dehors de l&rsquo;Espace \u00e9conomique europ\u00e9en sont soumis \u00e0 un r\u00e9gime sp\u00e9cial conform\u00e9ment au RGPD, et ne sont effectu\u00e9s qu&rsquo;\u00e0 l&rsquo;\u00e9gard de pays qui assurent un niveau ad\u00e9quat de protection des donn\u00e9es personnelles, sur la base d&rsquo;une d\u00e9cision d&rsquo;ad\u00e9quation de la Commission ou lorsque des garanties ad\u00e9quates ont \u00e9t\u00e9 adopt\u00e9es (y compris les conditions contractuelles types fournies par la Commission europ\u00e9enne), \u00e0 condition que les personnes concern\u00e9es disposent de droits ex\u00e9cutoires et de recours judiciaires efficaces.<\/p>\n\n\n\n<ul class=\"wp-block-list\"><li><strong>Cookies<\/strong><\/li><\/ul>\n\n\n\n<p>Le Contr\u00f4leur peut utiliser des \u00ab\u00a0cookies\u00a0\u00bb au sein des sites Web (c&rsquo;est-\u00e0-dire des fichiers texte envoy\u00e9s et stock\u00e9s sur le disque dur des utilisateurs pour \u00eatre ensuite retransmis lors de la prochaine visite des m\u00eames sites Web), ou d&rsquo;autres outils similaires afin de faciliter l&rsquo;utilisation des services demand\u00e9s par l&rsquo;utilisateur lui-m\u00eame, ainsi que la collecte d&rsquo;informations par l&rsquo;utilisateur, la navigation sur les sites Web et les choix et pr\u00e9f\u00e9rences exprim\u00e9s sur les produits\/services. L&rsquo;utilisateur peut r\u00e9voquer \u00e0 tout moment l&rsquo;autorisation accord\u00e9e et s&rsquo;opposer \u00e0 l&rsquo;utilisation de cookies en s\u00e9lectionnant les param\u00e8tres appropri\u00e9s de son navigateur Internet. Pour plus d&rsquo;informations sur la mani\u00e8re de d\u00e9sactiver les cookies, consultez notre <a href=\"\/fr\/cookie-policy\/\">politique en mati\u00e8re de cookies<\/a>.<\/p>\n\n\n\n<ul class=\"wp-block-list\"><li><strong>Conservation des donn\u00e9es personnelles<\/strong><\/li><\/ul>\n\n\n\n<p>Les donn\u00e9es personnelles seront conserv\u00e9es, dans le respect de la l\u00e9gislation applicable, pour une dur\u00e9e n&rsquo;exc\u00e9dant pas ce qui est n\u00e9cessaire \u00e0 la poursuite des objectifs pour lesquels elles sont trait\u00e9es.<\/p>\n\n\n\n<p>Les crit\u00e8res de d\u00e9termination de la dur\u00e9e de conservation des Donn\u00e9es \u00e0 caract\u00e8re personnel tiennent compte de la dur\u00e9e de traitement autoris\u00e9e et des lois applicables en mati\u00e8re de prescription des droits et des int\u00e9r\u00eats l\u00e9gitimes de la personne concern\u00e9e lorsqu&rsquo;ils constituent la base juridique applicable au traitement.<\/p>\n\n\n\n<p>Conform\u00e9ment aux objectifs de la section c, le contr\u00f4leur traitera les donn\u00e9es personnelles pendant une p\u00e9riode n&rsquo;exc\u00e9dant pas vingt-quatre mois \u00e0 compter du moment o\u00f9 le consentement pertinent a \u00e9t\u00e9 recueilli. Par la suite, les donn\u00e9es personnelles seront supprim\u00e9es, agr\u00e9g\u00e9es ou rendues anonymes.<\/p>\n\n\n\n<ul class=\"wp-block-list\"><li><strong>Droits de la personne concern\u00e9e<\/strong><\/li><\/ul>\n\n\n\n<p>A tout moment, vous aurez le droit de :<\/p>\n\n\n\n<ul class=\"wp-block-list\"><li>obtenir du Contr\u00f4leur la confirmation que vos Donn\u00e9es Personnelles sont en cours de traitement, et lorsque c&rsquo;est le cas, \u00e0 l&rsquo;acc\u00e8s aux informations personnelles conform\u00e9ment \u00e0 l&rsquo;art. 15 du RGPD ;<\/li><li>obtenir la rectification des Donn\u00e9es personnelles inexactes vous concernant, ou, compte tenu de la finalit\u00e9 du traitement, l&rsquo;int\u00e9gration des Donn\u00e9es personnelles incompl\u00e8tes ;<\/li><li>obtenir l&rsquo;effacement de vos Donn\u00e9es \u00e0 caract\u00e8re personnel, lorsqu&rsquo;un des motifs de l&rsquo;art. 17 du RGPD s&rsquo;applique ;<\/li><li>obtenir la restriction du traitement de vos Donn\u00e9es \u00e0 caract\u00e8re personnel, lorsqu&rsquo;un des cas pr\u00e9vus \u00e0 l&rsquo;art. 18 du RGPD s&rsquo;applique ;<\/li><li>s&rsquo;opposer au traitement de vos Donn\u00e9es personnelles pour des motifs li\u00e9s \u00e0 votre situation particuli\u00e8re, le cas \u00e9ch\u00e9ant ;<\/li><li>recevoir dans un format structur\u00e9, couramment utilis\u00e9 et lisible par machine les Donn\u00e9es \u00e0 caract\u00e8re personnel vous concernant et fournies par vous, ainsi que de transmettre ces Donn\u00e9es \u00e0 caract\u00e8re personnel \u00e0 un autre responsable du traitement, dans les cas et dans les limites vis\u00e9s \u00e0 l&rsquo;art. 20 du RGPD, le cas \u00e9ch\u00e9ant.<\/li><\/ul>\n\n\n\n<p>Vous avez \u00e9galement le droit de retirer votre consentement au traitement de vos donn\u00e9es personnelles (lorsqu&rsquo;il a \u00e9t\u00e9 donn\u00e9) \u00e0 tout moment, sans pr\u00e9judice de la l\u00e9galit\u00e9 du traitement fond\u00e9 sur votre consentement avant son retrait. Vous aurez la possibilit\u00e9 de vous retirer du marketing par courrier \u00e9lectronique en cliquant sur le lien de \u00ab\u00a0d\u00e9sinscription\u00a0\u00bb correspondant.<\/p>\n\n\n\n<p>Conform\u00e9ment au RGPD, le Contr\u00f4leur ne peut pas facturer la satisfaction des demandes mentionn\u00e9es dans ce paragraphe, sauf si elles sont clairement infond\u00e9es ou excessives et r\u00e9p\u00e9titives. Si vous demandez plus d&rsquo;une copie de vos Donn\u00e9es personnelles ou en cas de demandes excessives ou infond\u00e9es, le Contr\u00f4leur peut : (i) facturer des frais raisonnables, compte tenu des co\u00fbts administratifs encourus pour satisfaire la demande ; ou (ii) refuser de satisfaire la demande. Dans ces cas, le Contr\u00f4leur vous informera des co\u00fbts avant de r\u00e9pondre \u00e0 la demande.<\/p>\n\n\n\n<p>Le contr\u00f4leur peut demander des informations suppl\u00e9mentaires avant de r\u00e9pondre aux demandes s&rsquo;il doit v\u00e9rifier l&rsquo;identit\u00e9 de la personne qui les a formul\u00e9es.&nbsp;<\/p>\n\n\n\n<p>Sans pr\u00e9judice de tout recours administratif ou juridique, vous avez \u00e9galement le droit de d\u00e9poser une plainte aupr\u00e8s de l&rsquo;autorit\u00e9 de contr\u00f4le comp\u00e9tente (pour l&rsquo;Italie : le \u00a0\u00bb Garante per la protezione dei dati personali \u00ab\u00a0), si vous pensez que le traitement de vos donn\u00e9es est contraire au RGPD. De plus amples informations sont disponibles sur le site web <a href=\"https:\/\/www.garanteprivacy.it\/en\/home_en\">https:\/\/www.garanteprivacy.it\/en\/home_en<\/a><\/p>\n\n\n\n<p>Dans tous les cas, le Contr\u00f4leur souhaite conna\u00eetre les raisons de la plainte et vous demande d&rsquo;utiliser les moyens de contact susmentionn\u00e9s avant de vous adresser aux autorit\u00e9s, afin de pr\u00e9venir et de r\u00e9soudre tout litige, \u00e0 l&rsquo;amiable et rapidement, avec la plus grande courtoisie, professionnalisme et discr\u00e9tion.<\/p>\n\n\n\n<p>Pour plus d&rsquo;informations sur les dispositions contenues dans les articles 15 \u00e0 22 du RGPD, cliquez sur le lien suivant :<\/p>\n\n\n\n<p><a href=\"http:\/\/eur-lex.europa.eu\/legal-content\/IT\/TXT\/PDF\/?uri=CELEX:32016R0679&amp;from=it\">http:\/\/eur-lex.europa.eu\/legal-content\/IT\/TXT\/PDF\/?uri=CELEX:32016R0679&amp;from=it<\/a><\/p>\n\n\n\n<ol class=\"wp-block-list\" type=\"1\"><li><strong>&nbsp;Contacts pour l&rsquo;exercice des droits de la personne concern\u00e9e et pour toute information compl\u00e9mentaire<\/strong><\/li><\/ol>\n\n\n\n<p>En ce qui concerne l&rsquo;exercice de vos droits relatifs aux finalit\u00e9s vis\u00e9es \u00e0 la section 3 ci-dessus et\/ou pour obtenir tout type d&rsquo;information dont vous pourriez avoir besoin en relation avec le contr\u00f4leur conform\u00e9ment au pr\u00e9sent avis de confidentialit\u00e9, vous pouvez envoyer une communication \u00e9crite \u00e0 MBE Worldwide S.p.A. (code fiscal et num\u00e9ro de TVA 10697630159), dont le si\u00e8ge social est situ\u00e9 \u00e0 Milan, Viale Lunigiana 35-37, ou un fax en composant le 02 67625625 ou un courriel \u00e0 <a href=\"mailto:privacy@mbeglobal.com\">privacy@mbeglobal.com<\/a>.<\/p>\n\n\n\n<ol class=\"wp-block-list\" type=\"1\"><li><strong>Modifications du pr\u00e9sent avis de confidentialit\u00e9<\/strong><\/li><\/ol>\n\n\n\n<p>Le pr\u00e9sent avis de confidentialit\u00e9 sera valable \u00e0 partir de la date indiqu\u00e9e ci-dessous. Il est conseill\u00e9 de consulter r\u00e9guli\u00e8rement cet avis de confidentialit\u00e9 en visitant le site Web afin de se tenir au courant de toute modification future.<\/p>\n\n\n\n<p class=\"has-text-align-right\">Derni\u00e8re mise \u00e0 jour : 5 mai 2021<\/p>\n<\/div><\/section>\n","protected":false},"excerpt":{"rendered":"","protected":false},"author":5,"featured_media":0,"parent":0,"menu_order":0,"comment_status":"closed","ping_status":"open","template":"","meta":{"inline_featured_image":false,"footnotes":""},"class_list":["post-1079","page","type-page","status-publish","hentry","entry"],"uagb_featured_image_src":{"full":false,"thumbnail":false,"medium":false,"medium_large":false,"large":false,"1536x1536":false,"2048x2048":false,"post-thumbnail":false},"uagb_author_info":{"display_name":"mbe-admin-acc","author_link":"https:\/\/staging.mbefranchise.com\/fr\/author\/mbe-admin-acc\/"},"uagb_comment_info":0,"uagb_excerpt":null,"_links":{"self":[{"href":"https:\/\/staging.mbefranchise.com\/fr\/wp-json\/wp\/v2\/pages\/1079","targetHints":{"allow":["GET"]}}],"collection":[{"href":"https:\/\/staging.mbefranchise.com\/fr\/wp-json\/wp\/v2\/pages"}],"about":[{"href":"https:\/\/staging.mbefranchise.com\/fr\/wp-json\/wp\/v2\/types\/page"}],"author":[{"embeddable":true,"href":"https:\/\/staging.mbefranchise.com\/fr\/wp-json\/wp\/v2\/users\/5"}],"replies":[{"embeddable":true,"href":"https:\/\/staging.mbefranchise.com\/fr\/wp-json\/wp\/v2\/comments?post=1079"}],"version-history":[{"count":3,"href":"https:\/\/staging.mbefranchise.com\/fr\/wp-json\/wp\/v2\/pages\/1079\/revisions"}],"predecessor-version":[{"id":4169,"href":"https:\/\/staging.mbefranchise.com\/fr\/wp-json\/wp\/v2\/pages\/1079\/revisions\/4169"}],"wp:attachment":[{"href":"https:\/\/staging.mbefranchise.com\/fr\/wp-json\/wp\/v2\/media?parent=1079"}],"curies":[{"name":"wp","href":"https:\/\/api.w.org\/{rel}","templated":true}]}}