{"id":1087,"date":"2021-09-23T21:03:27","date_gmt":"2021-09-23T20:03:27","guid":{"rendered":"https:\/\/staging.mbefranchise.com\/?page_id=1087"},"modified":"2022-07-11T09:45:50","modified_gmt":"2022-07-11T08:45:50","slug":"our-stories","status":"publish","type":"page","link":"https:\/\/staging.mbefranchise.com\/fr\/our-stories\/","title":{"rendered":"Our stories"},"content":{"rendered":"\n<section class=\"wp-block-uagb-section uagb-section__wrap uagb-section__background-image alignfull uagb-block-9649045b hero smallhero\"><div class=\"uagb-section__overlay\"><\/div><div class=\"uagb-section__inner-wrap\">\n<div class=\"wp-block-uagb-advanced-heading uagb-block-7b5629a7\"><h1 class=\"uagb-heading-text\">Nos histoires<br><\/h1><p class=\"uagb-desc-text\">Le r\u00e9seau MBE se nourrit de la passion de ses<br>collaborateurs, le R\u00e9seau MBE. Ils sont l\u2019une des cl\u00e9s de vo\u00fbte de notre marque. Mais ne nous<br>croyez pas sur parole\u2026 Rencontrez nos Entrepreneurs MBE.<br><\/p><\/div>\n<\/div><\/section>\n\n\n\n<section class=\"wp-block-uagb-section uagb-section__wrap uagb-section__background-undefined uagb-block-a7bfbbca review\" id=\"sasa\"><div class=\"uagb-section__overlay\"><\/div><div class=\"uagb-section__inner-wrap\">\n<div class=\"wp-block-columns is-layout-flex wp-container-core-columns-is-layout-9d6595d7 wp-block-columns-is-layout-flex\">\n<div class=\"wp-block-column is-vertically-aligned-center is-layout-flow wp-block-column-is-layout-flow\">\n<div class=\"wp-block-uagb-advanced-heading uagb-block-8db6721f\"><h2 class=\"uagb-heading-text\">Une base solide pour d\u00e9velopper une activit\u00e9 durable et \u00e0 long terme.<\/h2><p class=\"uagb-desc-text\">Je suis entrepreneur dans le secteur de la logistique et de la distribution depuis plus de 20 ans, mais je suis toujours \u00e0 la recherche de nouvelles opportunit\u00e9s et de nouveaux mod\u00e8les \u00e9conomiques. MBE est une bonne marque, et je voyais la Master Franchise MBE comme une possibilit\u00e9 de d\u00e9marrer rapidement une exploitation franchis\u00e9e.<br><br>Le syst\u00e8me MBE s\u2019est av\u00e9r\u00e9 \u00eatre une base solide pour d\u00e9velopper une entreprise durable, \u00e0 long terme. Le mod\u00e8le commercial de MBE est une excellente solution, car les entrepreneurs travaillent ensemble, cr\u00e9ant un r\u00e9seau qui apporte une valeur ajout\u00e9e \u00e0 tous ses membres. En outre, la multiplicit\u00e9 des sources de revenus permet de g\u00e9n\u00e9rer des gains importants, m\u00eame si les conditions du march\u00e9 ne sont pas id\u00e9ales. Mais ce qui me pla\u00eet le plus , c\u2019est le niveau de satisfaction de nos clients ; je suis fier de dire que nos clients aiment vraiment nos services et qu\u2019ils reviennent quotidiennement dans nos centres MBE.<\/p><\/div>\n<\/div>\n\n\n\n<div class=\"wp-block-column is-vertically-aligned-center is-layout-flow wp-block-column-is-layout-flow\"><div class=\"wp-block-image is-style-default\">\n<figure class=\"aligncenter size-large\"><img loading=\"lazy\" decoding=\"async\" width=\"395\" height=\"247\" src=\"https:\/\/staging.mbefranchise.com\/wp-content\/uploads\/2021\/02\/Screenshot_5_xl.jpg\" alt=\"\" class=\"wp-image-246\" srcset=\"https:\/\/staging.mbefranchise.com\/wp-content\/uploads\/2021\/02\/Screenshot_5_xl.jpg 395w, https:\/\/staging.mbefranchise.com\/wp-content\/uploads\/2021\/02\/Screenshot_5_xl-300x188.jpg 300w\" sizes=\"auto, (max-width: 395px) 100vw, 395px\" \/><\/figure>\n<\/div>\n\n\n<p class=\"has-text-align-center\"><strong>Sasa Cvetojevic, entrepreneur Croate ayant des ann\u00e9es d\u2019exp\u00e9rience dans la logistique, le secteur des soins de sant\u00e9, les communications mobiles et la gestion de la cha\u00eene d\u2019approvisionnement<\/strong><\/p>\n\n\n\n<p class=\"has-text-align-center\">Titulaire d\u2019une Master Licence pour la Croatie, la Bosnie-Herz\u00e9govine, la Mac\u00e9doine, le Mont\u00e9n\u00e9gro, la Serbie, la Slov\u00e9nie et le Kosovo.<\/p>\n\n\n\n<div class=\"wp-block-buttons is-horizontal is-content-justification-center is-layout-flex wp-container-core-buttons-is-layout-499968f5 wp-block-buttons-is-layout-flex\">\n<div class=\"wp-block-button red-btn sasavideo\"><a class=\"wp-block-button__link has-white-color has-text-color has-background\" style=\"border-radius:40px;background-color:#ee2c24\">REGARDER LA VID\u00c9O<\/a><\/div>\n<\/div>\n<\/div>\n<\/div>\n<\/div><\/section>\n\n\n\n<section class=\"wp-block-uagb-section uagb-section__wrap uagb-section__background-undefined uagb-block-72b7ae5b review\" id=\"adrian\"><div class=\"uagb-section__overlay\"><\/div><div class=\"uagb-section__inner-wrap\">\n<div class=\"wp-block-columns is-layout-flex wp-container-core-columns-is-layout-9d6595d7 wp-block-columns-is-layout-flex\">\n<div class=\"wp-block-column is-vertically-aligned-center is-layout-flow wp-block-column-is-layout-flow\">\n<div class=\"wp-block-uagb-advanced-heading uagb-block-5129b8d4\"><h2 class=\"uagb-heading-text\">Les besoins du march\u00e9 correspondent parfaitement \u00e0 ce que propose le concept MBE<\/h2><p class=\"uagb-desc-text\">Comme vous le savez, Bipmobile Srl, l\u2019autre soci\u00e9t\u00e9 que je dirige, op\u00e8re dans le secteur de la logistique et du transport, avec comme partenaires et clients les plus grands noms de l\u2019industrie automobile dans toute l\u2019Europe, offrant une multitude de services. Mais ceux \u00e0 valeur ajout\u00e9e de MBE nous manquaient encore. C\u2019est pour cela que je suis devenu Master Franchis\u00e9. Lorsque j\u2019ai d\u00e9couvert le concept MBE, \u00e7a a \u00e9t\u00e9 comme une r\u00e9v\u00e9lation, car j\u2019ai imm\u00e9diatement reconnu qu\u2019il y avait un besoin pour de tels services en Roumanie.<br><br>De mon point de vue, les besoins du march\u00e9 correspondent parfaitement \u00e0 ce que propose le concept MBE. De plus, en ciblant les petites et moyennes entreprises, l\u2019activit\u00e9 MBE apporte des marges int\u00e9ressantes, ce que recherchent, je pense, tous les hommes d\u2019affaires du monde. Enfin, c\u2019est en rencontrant l\u2019\u00e9quipe de MBE et en constatant son professionnalisme que j\u2019ai acquis l\u2019assurance n\u00e9cessaire \u00e0 la cr\u00e9ation de cette nouvelle entreprise.<\/p><\/div>\n<\/div>\n\n\n\n<div class=\"wp-block-column is-vertically-aligned-center is-layout-flow wp-block-column-is-layout-flow\"><div class=\"wp-block-image\">\n<figure class=\"aligncenter size-large\"><img loading=\"lazy\" decoding=\"async\" width=\"400\" height=\"561\" src=\"https:\/\/staging.mbefranchise.com\/wp-content\/uploads\/2021\/05\/adrian-minea.jpg\" alt=\"\" class=\"wp-image-415\" srcset=\"https:\/\/staging.mbefranchise.com\/wp-content\/uploads\/2021\/05\/adrian-minea.jpg 400w, https:\/\/staging.mbefranchise.com\/wp-content\/uploads\/2021\/05\/adrian-minea-214x300.jpg 214w\" sizes=\"auto, (max-width: 400px) 100vw, 400px\" \/><\/figure>\n<\/div>\n\n\n<p class=\"has-text-align-center\"><strong>Adrian Minea<\/strong><\/p>\n\n\n\n<p class=\"has-text-align-center\"><strong>Propri\u00e9taire du groupe Bipmobile, entrepreneur Roumain poss\u00e9dant une vaste exp\u00e9rience dans les secteurs de la logistique et du transport routier.<\/strong><\/p>\n<\/div>\n<\/div>\n<\/div><\/section>\n\n\n\n<section class=\"wp-block-uagb-section uagb-section__wrap uagb-section__background-undefined uagb-block-e5c0b5ff review\" id=\"dieter\"><div class=\"uagb-section__overlay\"><\/div><div class=\"uagb-section__inner-wrap\">\n<div class=\"wp-block-columns is-layout-flex wp-container-core-columns-is-layout-9d6595d7 wp-block-columns-is-layout-flex\">\n<div class=\"wp-block-column is-vertically-aligned-center is-layout-flow wp-block-column-is-layout-flow\">\n<div class=\"wp-block-uagb-advanced-heading uagb-block-4d20b81c\"><h2 class=\"uagb-heading-text\">Mon entreprise MBE est<br>encore en croissance, m\u00eame 17 ans apr\u00e8s.<\/h2><p class=\"uagb-desc-text\">J\u2019ai \u00e9t\u00e9 ravi de trouver une opportunit\u00e9 d\u2019affaires \u00e0 fort potentiel dans le secteur des services comme MBE. L\u2019id\u00e9e d\u2019externalisation de MBE \u00e9tait, et est toujours, relativement nouvelle en Europe. Nous avons \u00e9t\u00e9 l\u2019un des pionniers en Autriche \u00e0 utiliser la libert\u00e9 d\u2019entreprendre de MBE pour adapter au march\u00e9 local un concept mondial couronn\u00e9 de succ\u00e8s. Une autre raison de ma d\u00e9cision de commencer avec MBE \u00e9tait la possibilit\u00e9 de travailler enfin dans le pays o\u00f9 je vis, \u00e0 cinq minutes de chez moi. J\u2019ai cr\u00e9\u00e9 l\u2019un des centres de service les plus performants d\u2019Autriche et j\u2019ai assum\u00e9 la responsabilit\u00e9 suppl\u00e9mentaire du d\u00e9veloppement du r\u00e9seau MBE en Autriche. Mon entreprise est encore en pleine croissance, m\u00eame apr\u00e8s 17 ans d\u2019activit\u00e9.<\/p><\/div>\n<\/div>\n\n\n\n<div class=\"wp-block-column is-vertically-aligned-center is-layout-flow wp-block-column-is-layout-flow\"><div class=\"wp-block-image is-style-default\">\n<figure class=\"aligncenter size-large\"><img loading=\"lazy\" decoding=\"async\" width=\"561\" height=\"219\" src=\"https:\/\/staging.mbefranchise.com\/wp-content\/uploads\/2021\/01\/Group14-min.jpg\" alt=\"\" class=\"wp-image-15\" srcset=\"https:\/\/staging.mbefranchise.com\/wp-content\/uploads\/2021\/01\/Group14-min.jpg 561w, https:\/\/staging.mbefranchise.com\/wp-content\/uploads\/2021\/01\/Group14-min-300x117.jpg 300w\" sizes=\"auto, (max-width: 561px) 100vw, 561px\" \/><\/figure>\n<\/div>\n\n\n<p class=\"has-text-align-center\"><strong>Dieter Baier<\/strong><\/p>\n\n\n\n<p class=\"has-text-align-center\">Multi-Franchis\u00e9 et<br>Titulaire de la Master Licence MBE pour l\u2019Autriche<\/p>\n<\/div>\n<\/div>\n<\/div><\/section>\n\n\n\n<section class=\"wp-block-uagb-section uagb-section__wrap uagb-section__background-undefined uagb-block-bdb19b24 review\" id=\"anton\"><div class=\"uagb-section__overlay\"><\/div><div class=\"uagb-section__inner-wrap\">\n<div class=\"wp-block-columns is-layout-flex wp-container-core-columns-is-layout-9d6595d7 wp-block-columns-is-layout-flex\">\n<div class=\"wp-block-column is-vertically-aligned-center is-layout-flow wp-block-column-is-layout-flow\">\n<div class=\"wp-block-uagb-advanced-heading uagb-block-5dd1150e\"><h2 class=\"uagb-heading-text\">J&rsquo;ai h\u00e2te de poursuivre ma croissance avec MBE<\/h2><p class=\"uagb-desc-text\">Dans le secteur de la logistique depuis plus de 20 ans, j\u2019ai toujours essay\u00e9 de fournir le meilleur service possible \u00e0 mes clients. En d\u00e9veloppant le groupe Ability en tant qu\u2019ensemble d\u2019entreprises ax\u00e9es sur la logistique internationale de conteneurs et de camions, j\u2019ai eu le sentiment que nous manquions un segment important de notre industrie : la micro logistique, la distribution B2C et les services de coursiers. C\u2019est donc avec beaucoup d\u2019enthousiasme que j\u2019ai fait l\u2019acquisition de deux centres MBE \u00e0 Saint-P\u00e9tersbourg lorsque j\u2019ai d\u00e9couvert le concept commercial de Mail Boxes Etc. en 2015. Quelques ann\u00e9es plus tard, en tant que franchis\u00e9 r\u00e9gional en Russie, j\u2019\u00e9tais impatient de grandir encore plus avec MBE. C\u2019est pourquoi je suis devenu Master Franchis\u00e9 pour les pays baltes en 2018.<br><br>Gr\u00e2ce au savoir-faire, au syst\u00e8me et au soutien mondial de MBE, je suis d\u00e9sormais en mesure de fournir des services commerciaux dans plusieurs pays en appliquant le mod\u00e8le commercial international aux adapt\u00e9 aux conditions et besoins locaux.<\/p><\/div>\n<\/div>\n\n\n\n<div class=\"wp-block-column is-vertically-aligned-center is-layout-flow wp-block-column-is-layout-flow\"><div class=\"wp-block-image is-style-default\">\n<figure class=\"aligncenter size-large\"><img loading=\"lazy\" decoding=\"async\" width=\"339\" height=\"219\" src=\"https:\/\/staging.mbefranchise.com\/wp-content\/uploads\/2021\/01\/Group11-min.jpg\" alt=\"\" class=\"wp-image-13\" srcset=\"https:\/\/staging.mbefranchise.com\/wp-content\/uploads\/2021\/01\/Group11-min.jpg 339w, https:\/\/staging.mbefranchise.com\/wp-content\/uploads\/2021\/01\/Group11-min-300x194.jpg 300w\" sizes=\"auto, (max-width: 339px) 100vw, 339px\" \/><\/figure>\n<\/div>\n\n\n<p class=\"has-text-align-center\"><strong>Anton Nacharyan<\/strong><\/p>\n\n\n\n<p class=\"has-text-align-center\">Propri\u00e9taire du groupe Ability, entrepreneur Russe fort d\u2019une grande exp\u00e9rience dans le secteur de la logistique et de la gestion de la cha\u00eene d\u2019approvisionnement.<\/p>\n<\/div>\n<\/div>\n<\/div><\/section>\n\n\n\n<section class=\"wp-block-uagb-section uagb-section__wrap uagb-section__background-gradient uagb-block-d799a40b two-part-cta\"><div class=\"uagb-section__overlay\"><\/div><div class=\"uagb-section__inner-wrap\">\n<div class=\"wp-block-columns is-layout-flex wp-container-core-columns-is-layout-9d6595d7 wp-block-columns-is-layout-flex\">\n<div class=\"wp-block-column redcolumn is-layout-flow wp-block-column-is-layout-flow\">\n<div class=\"wp-block-columns has-background is-layout-flex wp-container-core-columns-is-layout-9d6595d7 wp-block-columns-is-layout-flex\" style=\"background-color:#ee2c24\">\n<div class=\"wp-block-column is-vertically-aligned-center is-layout-flow wp-block-column-is-layout-flow\">\n<p class=\"has-text-align-center has-white-color has-text-color\" style=\"font-size:25px\">Regardez un webinaire<\/p>\n<\/div>\n\n\n\n<div class=\"wp-block-column is-layout-flow wp-block-column-is-layout-flow\">\n<div class=\"wp-block-buttons is-layout-flex wp-block-buttons-is-layout-flex\">\n<div class=\"wp-block-button red-btn white-btn\"><a class=\"wp-block-button__link has-text-color has-background\" href=\"\/fr\/#form\" style=\"border-radius:40px;background-color:#ffffff;color:#ee2c24\">S&rsquo;inscrire maintenant<\/a><\/div>\n<\/div>\n<\/div>\n<\/div>\n<\/div>\n\n\n\n<div class=\"wp-block-column is-layout-flow wp-block-column-is-layout-flow\">\n<section class=\"wp-block-uagb-columns uagb-columns__wrap uagb-columns__background-color uagb-columns__stack-mobile uagb-columns__valign-center uagb-columns__gap-10 alignundefined uagb-block-a8b71ac9\"><div class=\"uagb-columns__overlay\"><\/div><div class=\"uagb-columns__inner-wrap uagb-columns__columns-2\">\n<div class=\"wp-block-uagb-column uagb-column__wrap uagb-column__background-undefined uagb-block-8dfa542b\"><div class=\"uagb-column__overlay\"><\/div><div class=\"uagb-column__inner-wrap\">\n<p class=\"has-text-align-center\" style=\"font-size:25px\">Pr\u00eat \u00e0 commencer ?<\/p>\n<\/div><\/div>\n\n\n\n<div class=\"wp-block-uagb-column uagb-column__wrap uagb-column__background-undefined uagb-block-afd11746\"><div class=\"uagb-column__overlay\"><\/div><div class=\"uagb-column__inner-wrap\">\n<div class=\"wp-block-buttons is-horizontal is-content-justification-right is-layout-flex wp-container-core-buttons-is-layout-ae2fe186 wp-block-buttons-is-layout-flex\">\n<div class=\"wp-block-button transp-btn redhover is-style-outline is-style-outline--1\"><a class=\"wp-block-button__link has-text-color has-background\" href=\"\/fr\/#form\" style=\"border-radius:40px;background-color:#e5e3df;color:#ee2c24\">Postuler maintenant<\/a><\/div>\n<\/div>\n<\/div><\/div>\n<\/div><\/section>\n<\/div>\n<\/div>\n<\/div><\/section>\n\n\n\n<p><\/p>\n","protected":false},"excerpt":{"rendered":"","protected":false},"author":5,"featured_media":0,"parent":0,"menu_order":0,"comment_status":"closed","ping_status":"closed","template":"","meta":{"inline_featured_image":false,"footnotes":""},"class_list":["post-1087","page","type-page","status-publish","hentry","entry"],"uagb_featured_image_src":{"full":false,"thumbnail":false,"medium":false,"medium_large":false,"large":false,"1536x1536":false,"2048x2048":false,"post-thumbnail":false},"uagb_author_info":{"display_name":"mbe-admin-acc","author_link":"https:\/\/staging.mbefranchise.com\/fr\/author\/mbe-admin-acc\/"},"uagb_comment_info":0,"uagb_excerpt":null,"_links":{"self":[{"href":"https:\/\/staging.mbefranchise.com\/fr\/wp-json\/wp\/v2\/pages\/1087","targetHints":{"allow":["GET"]}}],"collection":[{"href":"https:\/\/staging.mbefranchise.com\/fr\/wp-json\/wp\/v2\/pages"}],"about":[{"href":"https:\/\/staging.mbefranchise.com\/fr\/wp-json\/wp\/v2\/types\/page"}],"author":[{"embeddable":true,"href":"https:\/\/staging.mbefranchise.com\/fr\/wp-json\/wp\/v2\/users\/5"}],"replies":[{"embeddable":true,"href":"https:\/\/staging.mbefranchise.com\/fr\/wp-json\/wp\/v2\/comments?post=1087"}],"version-history":[{"count":4,"href":"https:\/\/staging.mbefranchise.com\/fr\/wp-json\/wp\/v2\/pages\/1087\/revisions"}],"predecessor-version":[{"id":4177,"href":"https:\/\/staging.mbefranchise.com\/fr\/wp-json\/wp\/v2\/pages\/1087\/revisions\/4177"}],"wp:attachment":[{"href":"https:\/\/staging.mbefranchise.com\/fr\/wp-json\/wp\/v2\/media?parent=1087"}],"curies":[{"name":"wp","href":"https:\/\/api.w.org\/{rel}","templated":true}]}}