{"id":1114,"date":"2021-09-23T21:14:35","date_gmt":"2021-09-23T20:14:35","guid":{"rendered":"https:\/\/staging.mbefranchise.com\/?page_id=1114"},"modified":"2022-07-11T11:09:20","modified_gmt":"2022-07-11T10:09:20","slug":"cookie-policy","status":"publish","type":"page","link":"https:\/\/staging.mbefranchise.com\/fr\/cookie-policy\/","title":{"rendered":"Cookie Policy"},"content":{"rendered":"\n<section class=\"wp-block-uagb-section uagb-section__wrap uagb-section__background-image alignfull uagb-block-b7fc78ba hero smallhero\"><div class=\"uagb-section__overlay\"><\/div><div class=\"uagb-section__inner-wrap\">\n<div class=\"wp-block-uagb-advanced-heading uagb-block-a8a49f7d\"><h1 class=\"uagb-heading-text\">Politique de Cookies<\/h1><p class=\"uagb-desc-text\"><\/p><\/div>\n<\/div><\/section>\n\n\n\n<section class=\"wp-block-uagb-section uagb-section__wrap uagb-section__background-undefined uagb-block-091be503 privacy\"><div class=\"uagb-section__overlay\"><\/div><div class=\"uagb-section__inner-wrap\">\n<p><strong>Utilisation des cookies sur le site web<\/strong><\/p>\n\n\n\n<p>MBE Worldwide S.p.A., dont le si\u00e8ge social est situ\u00e9 \u00e0 Milan, Viale Lunigiana 35-37, 20125, (\u00ab\u00a0<strong>MBE<\/strong>\u00ab\u00a0), outre les dispositions \u00e9nonc\u00e9es dans la <a href=\"\/fr\/privacy-policy\/\">politique de confidentialit\u00e9<\/a>, informe les utilisateurs de l&rsquo;utilisation de cookies sur le site <a href=\"https:\/\/mbeswitzerland.ch\/\">mbefranchise.com<\/a> (le \u00ab\u00a0<strong>site<\/strong>\u00ab\u00a0).&nbsp;<\/p>\n\n\n\n<p><strong>Qu&rsquo;est-ce qu&rsquo;un cookie ?<\/strong><\/p>\n\n\n\n<p>\u00ab\u00a0Les cookies\u00a0\u00bb sont de petits fichiers texte provenant d&rsquo;un site web qui sont stock\u00e9s sur votre ordinateur, votre t\u00e9l\u00e9phone mobile ou tout autre appareil. Les cookies contiennent g\u00e9n\u00e9ralement des informations qui sont associ\u00e9es \u00e0 votre navigateur web, des informations telles que les pr\u00e9f\u00e9rences du site web ou les informations de connexion. Ces informations permettent aux services en ligne de vous reconna\u00eetre lorsque vous interagissez avec le site web ou le visitez \u00e0 nouveau.&nbsp;&nbsp;<\/p>\n\n\n\n<p><strong>Comment nous utilisons les cookies?<\/strong><\/p>\n\n\n\n<p>Nous et nos prestataires de services pouvons utiliser des cookies et des technologies de suivi (pixels de suivi) lorsque vous interagissez avec les services pour diverses raisons, comme d\u00e9crit en d\u00e9tail ci-dessous.<\/p>\n\n\n\n<figure class=\"wp-block-table\"><table><tbody><tr><td><strong><em>Strictement n\u00e9cessaire<\/em><\/strong><\/td><td>Nous utilisons des cookies pour l&rsquo;administration du syst\u00e8me, pour surveiller le trafic et pr\u00e9venir les activit\u00e9s frauduleuses, pour am\u00e9liorer la s\u00e9curit\u00e9 des services et pour fournir la fonctionnalit\u00e9 de base des services, comme la cr\u00e9ation et la connexion \u00e0 votre compte et l&rsquo;utilisation des fonctions essentielles des services.<\/td><\/tr><tr><td><strong><em>Fonctionnalit\u00e9<\/em><\/strong><\/td><td>Nous utilisons des cookies pour savoir si vous avez d\u00e9j\u00e0 visit\u00e9 le site Web et pour faciliter l&rsquo;utilisation des services, notamment en m\u00e9morisant vos pr\u00e9f\u00e9rences et vos param\u00e8tres.<\/td><\/tr><tr><td><strong><em>Analyse et performance<\/em><\/strong><\/td><td>Nous utilisons des cookies et des pixels de suivi pour \u00e9valuer les performances des services, compter les visiteurs du site Web et surveiller la mani\u00e8re dont les utilisateurs naviguent et utilisent les services, afin d&rsquo;am\u00e9liorer les performances des services et le contenu propos\u00e9 par leur interm\u00e9diaire.<\/td><\/tr><tr><td><strong><em><strong><em>Personnalisation et ciblage<\/em><\/strong><\/em><\/strong><\/td><td>Nous pouvons utiliser des cookies et des pixels de suivi pour fournir un contenu personnalis\u00e9 et un marketing \u00ab\u00a0first-party\u00a0\u00bb (marketing de MBE) en fonction de la mani\u00e8re dont vous interagissez avec nos services. Nous pouvons \u00e9galement utiliser des cookies et des pixels de suivi pour enregistrer votre utilisation de nos services, les pages que vous avez visit\u00e9es et les liens que vous avez suivis. Nous utiliserons ces informations pour rendre nos services et la publicit\u00e9 qui y est affich\u00e9e plus pertinents par rapport \u00e0 vos int\u00e9r\u00eats. Nous pouvons \u00e9galement partager ces informations avec des tiers \u00e0 cette fin.<\/td><\/tr><\/tbody><\/table><\/figure>\n\n\n\n<p><strong>Comment d\u00e9sactiver ou supprimer les cookies?<\/strong><\/p>\n\n\n\n<p>Les utilisateurs peuvent contr\u00f4ler la mani\u00e8re dont les cookies sont install\u00e9s sur leurs appareils en utilisant les param\u00e8tres de leur navigateur et, dans certains cas, les param\u00e8tres de leur appareil mobile. Si les utilisateurs ne refusent pas ou ne d\u00e9sactivent pas les cookies comme d\u00e9crit dans cette section, ils consentent express\u00e9ment \u00e0 la mise en place et \u00e0 l&rsquo;acc\u00e8s des cookies par nous et les tiers d\u00e9crits dans la suite, sous r\u00e9serve de leurs politiques de confidentialit\u00e9.&nbsp;<\/p>\n\n\n\n<p>Les utilisateurs peuvent autoriser, refuser ou d\u00e9sactiver les cookies du site web en modifiant les param\u00e8tres de leur navigateur. Si les utilisateurs d\u00e9sactivent un cookie d\u00e9j\u00e0 install\u00e9 sur leurs appareils ou navigateurs, celui-ci ne sera plus actif, mais il ne dispara\u00eetra pas de leurs appareils ou navigateurs jusqu&rsquo;\u00e0 la fin de sa dur\u00e9e de vie. Veuillez noter que le blocage de tous les cookies peut rendre le site Web indisponible pour les utilisateurs ou avoir un effet n\u00e9gatif sur la performance, l&rsquo;efficacit\u00e9 ou la personnalisation du site Web.<\/p>\n\n\n\n<p>Si les utilisateurs utilisent diff\u00e9rents appareils, ils doivent s&rsquo;assurer qu&rsquo;ils configurent les param\u00e8tres du navigateur correspondant en fonction de leurs pr\u00e9f\u00e9rences.<\/p>\n\n\n\n<p>Tous les navigateurs les plus r\u00e9cents permettent \u00e0 l&rsquo;utilisateur de modifier les param\u00e8tres des cookies. Ceux-ci se trouvent g\u00e9n\u00e9ralement dans le menu du navigateur de l&rsquo;utilisateur sous \u00a0\u00bb options \u00a0\u00bb ou \u00a0\u00bb pr\u00e9f\u00e9rences \u00ab\u00a0. Pour comprendre comment les param\u00e9trer, l&rsquo;utilisateur peut suivre les instructions des liens ci-dessous :<\/p>\n\n\n\n<ul class=\"wp-block-list\"><li><strong>Mozilla Firefox:&nbsp;<\/strong><a href=\"https:\/\/support.mozilla.org\/it\/kb\/Gestione%20dei%20cookie\">https:\/\/support.mozilla.org\/it\/kb\/Gestione%20dei%20cookie<\/a><\/li><li><strong>Internet Explorer<\/strong>:&nbsp;<a href=\"http:\/\/windows.microsoft.com\/it-it\/windows-vista\/block-or-allow-cookies\">http:\/\/windows.microsoft.com\/it-it\/windows-vista\/block-or-allow-cookies<\/a><\/li><li><strong>Google Chrome<\/strong>:&nbsp;<a href=\"https:\/\/support.google.com\/chrome\/answer\/95647?hl=it\">https:\/\/support.google.com\/chrome\/answer\/95647?hl=it<\/a><\/li><li><strong>Safari 6\/7 Mavericks<\/strong>:&nbsp;<a href=\"https:\/\/support.apple.com\/kb\/PH17191?viewlocale=it_IT&amp;locale=it_IT\">https:\/\/support.apple.com\/kb\/PH17191?viewlocale=it_IT&amp;locale=it_IT<\/a><\/li><li><strong>Safari 8 Yosemite<\/strong>:&nbsp;&nbsp;<a href=\"https:\/\/support.apple.com\/kb\/PH19214?viewlocale=it_IT&amp;locale=it_IT\">https:\/\/support.apple.com\/kb\/PH19214?viewlocale=it_IT&amp;locale=it_IT<\/a><\/li><li><strong>Safari on iPhone, iPad o iPod touch<\/strong>:&nbsp;<a href=\"https:\/\/support.apple.com\/it-it\/HT201265\">https:\/\/support.apple.com\/it-it\/HT201265<\/a><\/li><\/ul>\n\n\n\n<p><strong>MBE utilise-t-elle des cookies sur ses propres sites web ?<\/strong><\/p>\n\n\n\n<p>MBE utilise des \u00ab\u00a0cookies\u00a0\u00bb afin de faciliter l&rsquo;utilisation des services demand\u00e9s par l&rsquo;utilisateur lui-m\u00eame, ainsi que la collecte d&rsquo;informations par l&rsquo;utilisateur, la navigation sur le site Web et les choix et pr\u00e9f\u00e9rences exprim\u00e9s sur les produits. Cela permettra \u00e0 MBE de cr\u00e9er des profils d&rsquo;utilisateurs \u00e0 partir des donn\u00e9es recueillies, ce qui permettra ensuite l&rsquo;envoi de publicit\u00e9s cibl\u00e9es et personnalis\u00e9es. L&rsquo;utilisateur peut \u00e0 tout moment r\u00e9voquer l&rsquo;autorisation accord\u00e9e et s&rsquo;opposer \u00e0 l&rsquo;utilisation de cookies en s\u00e9lectionnant les param\u00e8tres appropri\u00e9s de son navigateur Internet, comme d\u00e9taill\u00e9 dans la section pr\u00e9c\u00e9dente.<\/p>\n\n\n\n<p>Outre les cookies strictement n\u00e9cessaires et li\u00e9s \u00e0 la fonctionnalit\u00e9 pour lesquels il n&rsquo;est pas n\u00e9cessaire de recueillir le consentement, le site Web utilise les cookies indiqu\u00e9s ci-dessous :<\/p>\n\n\n\n<p>L&rsquo;utilisateur peut d\u00e9sactiver les cookies plac\u00e9s par les tiers \u00e9num\u00e9r\u00e9s ci-dessus en suivant les liens indiqu\u00e9s. En l&rsquo;absence de liens, l&rsquo;utilisateur peut se r\u00e9f\u00e9rer au site web suivant <a href=\"http:\/\/www.youronlinechoices.com\/it\/\" target=\"_blank\" rel=\"noreferrer noopener\">www.youronlinechoices.com\/it\/<\/a>, qui permet de g\u00e9rer les pr\u00e9f\u00e9rences en mati\u00e8re de cookies.<\/p>\n\n\n\n<h3 class=\"wp-block-heading\">Informations d\u00e9taill\u00e9es sur le traitement des donn\u00e9es personnelles<\/h3>\n\n\n\n<p>Les donn\u00e9es personnelles sont collect\u00e9es aux fins suivantes et \u00e0 l&rsquo;aide des services suivants :<\/p>\n\n\n\n<p><strong>Analytique<\/strong><\/p>\n\n\n\n<p>Les services contenus dans cette section permettent au Propri\u00e9taire de surveiller et d&rsquo;analyser le trafic web et peuvent \u00eatre utilis\u00e9s pour suivre le comportement de l&rsquo;Utilisateur.<\/p>\n\n\n\n<p>WordPress Stats (Automattic Inc.)<\/p>\n\n\n\n<p>WordPress Stats est un service d&rsquo;analyse fourni par Automattic Inc.<\/p>\n\n\n\n<p>Donn\u00e9es personnelles collect\u00e9es : Cookies et donn\u00e9es d&rsquo;utilisation.<\/p>\n\n\n\n<p>Lieu de traitement : <a href=\"https:\/\/automattic.com\/privacy\/\" target=\"_blank\" rel=\"noreferrer noopener\">Politique de confidentialit\u00e9.<\/a><\/p>\n\n\n\n<p><strong>Google Analytics (Google Inc.)<\/strong><\/p>\n\n\n\n<p>Google Analytics est un service d&rsquo;analyse du Web fourni par Google Inc. (\u00a0\u00bb Google \u00ab\u00a0). Google utilise les donn\u00e9es collect\u00e9es pour suivre et examiner l&rsquo;utilisation de Mix Repairs, pour pr\u00e9parer des rapports sur ses activit\u00e9s et les partager avec d&rsquo;autres services Google.<\/p>\n\n\n\n<p>Google peut utiliser les Donn\u00e9es collect\u00e9es pour contextualiser et personnaliser les annonces de son propre r\u00e9seau publicitaire.<\/p>\n\n\n\n<p>Donn\u00e9es personnelles collect\u00e9es : Cookies et donn\u00e9es d&rsquo;utilisation<\/p>\n\n\n\n<p>Lieu de traitement :<a href=\"https:\/\/tools.google.com\/dlpage\/gaoptout?hl=en\"> <\/a><a href=\"https:\/\/tools.google.com\/dlpage\/gaoptout?hl=en\" target=\"_blank\" rel=\"noreferrer noopener\">Privacy Policy \u2013 Opt Out.<\/a><\/p>\n\n\n\n<p><strong>Gestion des tags<\/strong><\/p>\n\n\n\n<p>Ce type de service aide le propri\u00e9taire \u00e0 g\u00e9rer de mani\u00e8re centralis\u00e9e les balises ou les scripts n\u00e9cessaires \u00e0 Mix Repairs.<\/p>\n\n\n\n<p>Les donn\u00e9es des utilisateurs transitent donc par ces services, ce qui peut entra\u00eener la conservation de ces donn\u00e9es.<\/p>\n\n\n\n<p>Google Tag Manager (Google LLC)<\/p>\n\n\n\n<p>Google Tag Manager est un service de gestion des tags fourni par Google LLC.<\/p>\n\n\n\n<p>Donn\u00e9es personnelles collect\u00e9es : Cookies et donn\u00e9es d&rsquo;utilisation.<\/p>\n\n\n\n<p>Lieu de traitement : <a href=\"https:\/\/policies.google.com\/privacy?hl=en\" target=\"_blank\" rel=\"noreferrer noopener\">\u2013 Privacy Policy.<\/a><\/p>\n\n\n\n<p><strong>Google AdWords (Cookies publicitaires)<\/strong><\/p>\n\n\n\n<p>Notre site Web utilise le cookie de suivi des conversions de Google AdWords pour mesurer et optimiser les performances et l&rsquo;exp\u00e9rience utilisateur li\u00e9es \u00e0 nos annonces dans Google Search ou sur certains sites du R\u00e9seau Display de Google. Pour en savoir plus sur les r\u00e8gles de confidentialit\u00e9 de Google, cliquez ici.<\/p>\n\n\n\n<p>D\u00e9sactiver : <a href=\"https:\/\/adssettings.google.com\/anonymous?sig=ACi0TCgFv-AwxL_uqST0JHnESZEchSiEVh79sPGtxu1ODfb1lOapEjVtLJ-GpRpBXKiuuJlKpmok5t5XQGIpT63aaV_kOZ2zZQ&amp;hl=en\" target=\"_blank\" rel=\"noreferrer noopener\">Visitez les param\u00e8tres de Google Ads<\/a><\/p>\n\n\n\n<p>Nous pouvons utiliser la balise de remarketing de Google AdWords pour faire de la publicit\u00e9 pour Mix Repairs sur Internet, en particulier sur le r\u00e9seau Display de Google.<\/p>\n\n\n\n<p>Le remarketing AdWords affichera des publicit\u00e9s en fonction des parties du site web de Mix Repairs que vous avez consult\u00e9es en pla\u00e7ant un cookie sur votre navigateur web.<\/p>\n\n\n\n<p>Ce cookie ne permet en aucun cas de vous identifier ou de donner acc\u00e8s \u00e0 votre ordinateur ou appareil mobile.<\/p>\n\n\n\n<p>Le cookie est utilis\u00e9 pour indiquer \u00e0 d&rsquo;autres sites web que \u00ab\u00a0cette personne a visit\u00e9 une page particuli\u00e8re, afin de lui montrer des publicit\u00e9s relatives \u00e0 cette page.<\/p>\n\n\n\n<p>Google AdWords Remarketing nous permet d&rsquo;adapter notre marketing pour mieux r\u00e9pondre \u00e0 vos besoins et d&rsquo;afficher uniquement des annonces pertinentes pour vous.<\/p>\n\n\n\n<p>Si vous ne souhaitez pas recevoir d&rsquo;annonces de Mix Repairs, vous pouvez les d\u00e9sactiver <a href=\"https:\/\/adssettings.google.com\/authenticated\" target=\"_blank\" rel=\"noreferrer noopener\">dans les param\u00e8tres des annonces de Google.<\/a><\/p>\n\n\n\n<p><strong>Yandex Metrica<\/strong><\/p>\n\n\n\n<p>Par d\u00e9faut, Yandex Metrica collecte des informations sur tous les utilisateurs qui visitent un site.<\/p>\n\n\n\n<p>La collecte de donn\u00e9es sur les utilisateurs individuels peut \u00eatre bloqu\u00e9e gr\u00e2ce au module compl\u00e9mentaire de navigateur Yandex. <a href=\"https:\/\/yandex.com\/support\/metrica\/general\/opt-out.html\" target=\"_blank\" rel=\"noreferrer noopener\">Metrica<\/a>, qui est disponible pour les navigateurs de bureau les plus populaires.<\/p>\n\n\n\n<p><strong>HotJar<\/strong><\/p>\n\n\n\n<p>Les outils d&rsquo;analyse de Hotjar donnent un aper\u00e7u du comportement des visiteurs. Obtenir des informations exploitables \u00e0 partir de donn\u00e9es dans Hotjar n&rsquo;implique pas de r\u00e9v\u00e9ler l&rsquo;identit\u00e9 d&rsquo;une personne en particulier : Hotjar vous montre plut\u00f4t comment les gens utilisent votre site Web ou votre application de mani\u00e8re anonyme dans son ensemble.<\/p>\n\n\n\n<p>D\u00e9sactivation : <a href=\"https:\/\/www.hotjar.com\/legal\/compliance\/opt-out\">Visiter la p<\/a><a href=\"https:\/\/www.hotjar.com\/legal\/compliance\/opt-out\" target=\"_blank\" rel=\"noreferrer noopener\">age de d\u00e9sactivation de HotJar.<\/a><\/p>\n\n\n\n<p>Les questions et les demandes concernant cette politique de confidentialit\u00e9 doivent \u00eatre envoy\u00e9es par courrier \u00e9lectronique \u00e0 <a href=\"mailto:privacy@mbeglobal.com\">privacy@mbeglobal.com<\/a>.<\/p>\n\n\n\n<p>Pour toute autre information, veuillez vous reporter \u00e0 la <a href=\"https:\/\/mbeswitzerland.ch\/privacy-policy\/\" target=\"_blank\" rel=\"noreferrer noopener\">politique de confidentialit\u00e9<\/a>.<\/p>\n<\/div><\/section>\n","protected":false},"excerpt":{"rendered":"","protected":false},"author":5,"featured_media":0,"parent":0,"menu_order":0,"comment_status":"closed","ping_status":"open","template":"","meta":{"inline_featured_image":false,"footnotes":""},"class_list":["post-1114","page","type-page","status-publish","hentry","entry"],"uagb_featured_image_src":{"full":false,"thumbnail":false,"medium":false,"medium_large":false,"large":false,"1536x1536":false,"2048x2048":false,"post-thumbnail":false},"uagb_author_info":{"display_name":"mbe-admin-acc","author_link":"https:\/\/staging.mbefranchise.com\/fr\/author\/mbe-admin-acc\/"},"uagb_comment_info":0,"uagb_excerpt":null,"_links":{"self":[{"href":"https:\/\/staging.mbefranchise.com\/fr\/wp-json\/wp\/v2\/pages\/1114","targetHints":{"allow":["GET"]}}],"collection":[{"href":"https:\/\/staging.mbefranchise.com\/fr\/wp-json\/wp\/v2\/pages"}],"about":[{"href":"https:\/\/staging.mbefranchise.com\/fr\/wp-json\/wp\/v2\/types\/page"}],"author":[{"embeddable":true,"href":"https:\/\/staging.mbefranchise.com\/fr\/wp-json\/wp\/v2\/users\/5"}],"replies":[{"embeddable":true,"href":"https:\/\/staging.mbefranchise.com\/fr\/wp-json\/wp\/v2\/comments?post=1114"}],"version-history":[{"count":4,"href":"https:\/\/staging.mbefranchise.com\/fr\/wp-json\/wp\/v2\/pages\/1114\/revisions"}],"predecessor-version":[{"id":4213,"href":"https:\/\/staging.mbefranchise.com\/fr\/wp-json\/wp\/v2\/pages\/1114\/revisions\/4213"}],"wp:attachment":[{"href":"https:\/\/staging.mbefranchise.com\/fr\/wp-json\/wp\/v2\/media?parent=1114"}],"curies":[{"name":"wp","href":"https:\/\/api.w.org\/{rel}","templated":true}]}}