{"id":1077,"date":"2021-09-23T21:01:16","date_gmt":"2021-09-23T20:01:16","guid":{"rendered":"https:\/\/staging.mbefranchise.com\/?page_id=1077"},"modified":"2022-07-11T09:38:58","modified_gmt":"2022-07-11T08:38:58","slug":"privacy-policy","status":"publish","type":"page","link":"https:\/\/staging.mbefranchise.com\/pt-pt\/privacy-policy\/","title":{"rendered":"Privacy Policy"},"content":{"rendered":"\n<section class=\"wp-block-uagb-section uagb-section__wrap uagb-section__background-image alignfull uagb-block-b1e6601e hero smallhero\"><div class=\"uagb-section__overlay\"><\/div><div class=\"uagb-section__inner-wrap\">\n<div class=\"wp-block-uagb-advanced-heading uagb-block-294b9744\"><h1 class=\"uagb-heading-text\">POL\u00cdTICA DE PRIVACIDADE<\/h1><p class=\"uagb-desc-text\"><\/p><\/div>\n<\/div><\/section>\n\n\n\n<section class=\"wp-block-uagb-section uagb-section__wrap uagb-section__background-undefined uagb-block-65ebfee9 privacy\"><div class=\"uagb-section__overlay\"><\/div><div class=\"uagb-section__inner-wrap\">\n<p>Nos termos do artigo 13 do Regulamento (UE) 2016\/679 que cont\u00e9m disposi\u00e7\u00f5es para a prote\u00e7\u00e3o de pessoas f\u00edsicas relativamente ao processamento de dados pessoais e para a livre circula\u00e7\u00e3o de tais dados (doravante denominado &#8220;<strong>RGPD<\/strong>&#8220;), vimos pela presente fornecer informa\u00e7\u00f5es relativas ao tratamento dos seus dados pessoais fornecidos e\/ou recolhidos atrav\u00e9s do website <a href=\"https:\/\/staging.mbefranchise.com\">www.mbefranchise.com<\/a> (o &#8220;<strong>Website<\/strong>&#8220;)<\/p>\n\n\n\n<ol class=\"wp-block-list\" type=\"1\"><li><strong>Respons\u00e1vel de dados<\/strong><\/li><\/ol>\n\n\n\n<p>Os dados pessoais recolhidos atrav\u00e9s do site ser\u00e3o tratados pela MBE Worldwide S.p.A., com sede registrada em Mil\u00e3o, Viale Lunigiana 35-37, 20125, na qualidade respons\u00e1vel pelo tratamento de dados (doravante o &#8220;<strong>Respons\u00e1vel<\/strong>&#8221; ou &#8220;<strong>MBE<\/strong>&#8220;).<\/p>\n\n\n\n<ul class=\"wp-block-list\"><li><strong>Categorias de dados pessoais processados<\/strong><\/li><\/ul>\n\n\n\n<p>Os seguintes Dados Pessoais fornecidos (doravante &#8220;<strong>Dados Pessoais<\/strong>&#8220;) podem ser tratados atrav\u00e9s do Website:<\/p>\n\n\n\n<ul class=\"wp-block-list\"><li>o endere\u00e7o IP;<\/li><li>os dados de navega\u00e7\u00e3o no site;<\/li><li>informa\u00e7\u00f5es sobre o navegador e sobre o dispositivo;<\/li><li>informa\u00e7\u00f5es recolhidas atrav\u00e9s de cookies, pixel tags, fornecidas e sem revelar a sua identidade espec\u00edfica;<\/li><li>informa\u00e7\u00f5es demogr\u00e1ficas e outras informa\u00e7\u00f5es fornecidas e sem a divulga\u00e7\u00e3o da sua identidade espec\u00edfica;<\/li><li>informa\u00e7\u00f5es que tenham sido agregadas de forma a n\u00e3o revelar a sua identidade espec\u00edfica.<\/li><\/ul>\n\n\n\n<p>Al\u00e9m disso, os seguintes Dados Pessoais fornecidos por si podem ser processados se decidir interagir com o Website:<\/p>\n\n\n\n<figure class=\"wp-block-table\"><table><tbody><tr><td><a href=\"https:\/\/staging.mbefranchise.com\">www.mbefranchise.com<\/a><\/td><\/tr><tr><td>Nome, apelidos, e-mail, n\u00famero de telefone, cidade, pa\u00eds, se enviar mensagens para MBE, para um Master licensee MBE ou para um centro MBE atrav\u00e9s dos nossos formul\u00e1rios;<\/td><\/tr><tr><td>Nome, apelidos, e-mail, n\u00famero de telefone, cidade, pa\u00eds, se desejar ser contactado a fim de obter informa\u00e7\u00f5es sobre como iniciar a sua rela\u00e7\u00e3o comercial com a MBE;<\/td><\/tr><tr><td>A sua posi\u00e7\u00e3o f\u00edsica, se solicitar no website os centros MBE mais pr\u00f3ximos de sua posi\u00e7\u00e3o.<\/td><\/tr><\/tbody><\/table><\/figure>\n\n\n\n<ul class=\"wp-block-list\"><li><strong>Objetivos do tratamento de dados pessoais<\/strong><\/li><\/ul>\n\n\n\n<p>O Respons\u00e1vel tratar\u00e1 os seus dados pessoais com as seguintes finalidades:<\/p>\n\n\n\n<ol class=\"wp-block-list\" type=\"a\"><li>para que possa beneficiar dos recursos oferecidos pelo site, e mais em detalhes:<\/li><\/ol>\n\n\n\n<figure class=\"wp-block-table\"><table><tbody><tr><td><a href=\"https:\/\/staging.mbefranchise.com\">www.mbefranchise.com<\/a><\/td><\/tr><tr><td>para permitir que comunique com o Master licensee MBE ou centro MBE selecionado atrav\u00e9s dos formul\u00e1rios de contacto no site (neste caso os seus dados pessoais ser\u00e3o transmitidos para o Master licensee MBE espec\u00edfico ou o centro MBE selecionado);<\/td><\/tr><\/tbody><\/table><\/figure>\n\n\n\n<ul class=\"wp-block-list\"><li>para lhe fornecer os servi\u00e7os solicitados, e mais detalhadamente:<\/li><\/ul>\n\n\n\n<figure class=\"wp-block-table\"><table><tbody><tr><td><a href=\"https:\/\/staging.mbefranchise.com\">www.mbefranchise.com<\/a><\/td><\/tr><tr><td>ser contactado pelo pessoal da MBE para obter as informa\u00e7\u00f5es relevantes sobre como iniciar a sua rela\u00e7\u00e3o comercial com a MBE; inscrever-se nos nossos semin\u00e1rios, workshops, webinars e eventos;<\/td><\/tr><tr><td>para encontrar os centros MBE mais pr\u00f3ximos da sua posi\u00e7\u00e3o atual;<\/td><\/tr><\/tbody><\/table><\/figure>\n\n\n\n<ul class=\"wp-block-list\"><li>para lhe enviar, por qualquer meio de comunica\u00e7\u00e3o (fax, e-mail, mensagem de texto, servi\u00e7o de mensagens multim\u00eddia, correio em papel, telefonemas assistidos pelo operador), material publicit\u00e1rio e material informativo de natureza promocional ou, em qualquer caso, que impliquem solicita\u00e7\u00e3o comercial relativa a servi\u00e7os, produtos ou descontos oferecidos pelo Respons\u00e1vel, bem como para realizar estudos e pesquisas de mercado e elaborar estat\u00edsticas relacionadas.<\/li><\/ul>\n\n\n\n<p>Os Dados Pessoais recolhidos tamb\u00e9m podem ser tratados no contexto de quaisquer situa\u00e7\u00f5es societ\u00e1rias (venda da empresa ou unidades de neg\u00f3cios), due diligence ou no caso de defesa apresentada numa a\u00e7\u00e3o judicial e das dilig\u00eancias preliminares associadas.<\/p>\n\n\n\n<ul class=\"wp-block-list\"><li><strong>Base legal para o tratamento<\/strong> <strong>de Dados Pessoais<\/strong><\/li><\/ul>\n\n\n\n<p>O tratamento dos seus Dados Pessoais para os fins referidos na Se\u00e7\u00e3o 3, a. \u00e9 realizado com a finalidade de atender ao seu pedido e com base em um interesse leg\u00edtimo do Respons\u00e1vel, cujo neg\u00f3cio est\u00e1 inevitavelmente ligado \u00e0 qualidade dos servi\u00e7os oferecidos atrav\u00e9s do seu Website, \u00e0 experi\u00eancia de intera\u00e7\u00e3o dos usu\u00e1rios e \u00e0 satisfa\u00e7\u00e3o das suas expectativas. Qualquer recusa em fornecer os Dados Pessoais para os prop\u00f3sitos acima expostos tornar\u00e1 imposs\u00edvel o envio do seu pedido de contato ao Master Licensee MBE e\/ou ao centro MBE selecionado.<\/p>\n\n\n\n<p>O tratamento dos Dados Pessoais para os fins referidos na Se\u00e7\u00e3o 3, b., \u00e9 necess\u00e1rio para executar as medidas pr\u00e9-contratuais e contratuais adotadas a seu pedido quando solicitar os servi\u00e7os oferecidos pelo site. Qualquer recusa em fornecer os Dados Pessoais para as finalidades acima mencionadas tornar\u00e1 imposs\u00edvel a utiliza\u00e7\u00e3o e o gozo dos servi\u00e7os acima mencionados.<\/p>\n\n\n\n<p>O tratamento dos seus Dados Pessoais para os fins referidos na Se\u00e7\u00e3o 3, c. \u00e9 opcional e baseia-se no seu consentimento livre e esclarecido. Qualquer recusa em fornecer os Dados Pessoais para as finalidades acima estabelecidas ter\u00e1 como \u00fanica consequ\u00eancia a impossibilidade de o Respons\u00e1vel lhe enviar mensagens publicit\u00e1rias e promocionais, realizar estudos e pesquisas de mercado, e elaborar estat\u00edsticas relacionadas.<\/p>\n\n\n\n<p>Nas situa\u00e7\u00f5es de tratamento no caso de qualquer potencial situa\u00e7\u00e3o societ\u00e1ria (venda da empresa ou unidades de neg\u00f3cios), due diligence ou no caso de defesa de uma a\u00e7\u00e3o judicial e das dilig\u00eancias preliminares associadas, tal processamento ser\u00e1 realizado com base nos interesses leg\u00edtimos do Respons\u00e1vel na continua\u00e7\u00e3o das suas atividades comerciais e para a prote\u00e7\u00e3o dos seus direitos.<\/p>\n\n\n\n<ul class=\"wp-block-list\"><li><strong>Modalidades de tratamento de Dados Pessoais&nbsp;&nbsp;&nbsp;<\/strong><\/li><\/ul>\n\n\n\n<p>O tratamento ser\u00e1 realizado atrav\u00e9s de instrumentos automatizados e em suporte f\u00edsico (papel) adequado para garantir a seguran\u00e7a e a confidencialidade dos Dados Pessoais, isto para recolher, consultar, armazenar, gerenciar, extrair e transmitir os Dados Pessoais.<\/p>\n\n\n\n<ul class=\"wp-block-list\"><li><strong>Destinat\u00e1rios dos dados pessoais<\/strong><\/li><\/ul>\n\n\n\n<p>Os Dados Pessoais ser\u00e3o comunicados \u00e0s pessoas autorizadas para o processamento dentro do grupo de funcion\u00e1rios do Respons\u00e1vel.<\/p>\n\n\n\n<p>Os Dados Pessoais poder\u00e3o ser comunicados pelo Respons\u00e1vel \u00fanica e exclusivamente para as finalidades indicadas e, quando necess\u00e1rio, para as seguintes categorias de sujeitos:<\/p>\n\n\n\n<ul class=\"wp-block-list\"><li>agentes ou colaboradores do Respons\u00e1vel que est\u00e3o localizados dentro do territ\u00f3rio da Uni\u00e3o Europeia;<\/li><li>MBE master licensee ou centros MBE que est\u00e3o localizados dentro ou fora do territ\u00f3rio da Uni\u00e3o Europeia;<\/li><li>prestadores de servi\u00e7os para atividades de marketing;<\/li><li>Empresas do Grupo MBE como acima referido, incluindo &#8211; a partir da data desta pol\u00edtica de privacidade &#8211; MBE Worldwide S.p.A., Sistema Italia 93 S.r.l., Jonathan &amp; Assist S.r.l.; Eurocubia S.r.l.; DireFareStampare S.r.l., Forama S.r.l., MBE Deutschland GmbH, MBE Spain 2000 SL, MBE France Sarl, MBE Poland Sp.z.o.o.;<\/li><li>consultores para assuntos contabil\u00edsticos, administrativos, legais, tribut\u00e1rios e financeiros;<\/li><li>quando necess\u00e1rio, as autoridades judiciais competentes;<\/li><li>quando necess\u00e1rio, as administra\u00e7\u00f5es p\u00fablicas e as autoridades de supervis\u00e3o e controle.<\/li><\/ul>\n\n\n\n<p>Os Dados Pessoais n\u00e3o ser\u00e3o divulgados publicamente.<\/p>\n\n\n\n<p>As entidades pertencentes \u00e0s categorias referidas anteriormente podem agir, conforme o caso, como respons\u00e1veis pelo tratamento de dados (e neste caso receber\u00e3o instru\u00e7\u00f5es apropriadas do Respons\u00e1vel) ou como respons\u00e1veis de dados aut\u00f3nomos. Neste \u00faltimo caso, os Dados Pessoais ser\u00e3o comunicados somente com o expresso consentimento dos titulares dos dados, exceto quando a comunica\u00e7\u00e3o for obrigat\u00f3ria ou necess\u00e1ria nos termos da lei aplic\u00e1vel ou para a prossecu\u00e7\u00e3o de finalidades para as quais n\u00e3o seja necess\u00e1rio o consentimento do titular dos dados.<\/p>\n\n\n\n<p>O Respons\u00e1vel tamb\u00e9m tem o direito de transferir os seus Dados Pessoais a pa\u00edses terceiros. As transfer\u00eancias de dados fora do Espa\u00e7o Econ\u00f3mico Europeu est\u00e3o sujeitas a um regime especial de acordo com o RGPD, e s\u00e3o feitas somente em rela\u00e7\u00e3o aos pa\u00edses que asseguram um n\u00edvel adequado de prote\u00e7\u00e3o de dados pessoais, com base em uma decis\u00e3o de adequa\u00e7\u00e3o da Comiss\u00e3o ou onde tenham sido adotadas medidas adequadas (incluindo as condi\u00e7\u00f5es contratuais padr\u00e3o fornecidas pela Comiss\u00e3o Europeia), desde que os titulares dos dados tenham direitos exig\u00edveis e recursos judiciais eficazes.<\/p>\n\n\n\n<ul class=\"wp-block-list\"><li><strong>Cookies<\/strong><\/li><\/ul>\n\n\n\n<p>O Respons\u00e1vel pode utilizar &#8220;cookies&#8221; dentro dos Websites (ou seja, arquivos de texto enviados e armazenados no disco r\u00edgido do usu\u00e1rio para serem retransmitidos durante a pr\u00f3xima visita aos mesmos Websites), ou outras ferramentas similares para facilitar o uso dos servi\u00e7os solicitados pelo pr\u00f3prio usu\u00e1rio, bem como a recolha de informa\u00e7\u00f5es do usu\u00e1rio, a navega\u00e7\u00e3o dos Websites e as escolhas e prefer\u00eancias expressas nos produtos\/servi\u00e7os. O usu\u00e1rio pode revogar a qualquer momento a autoriza\u00e7\u00e3o concedida e opor-se ao uso de cookies, selecionando as configura\u00e7\u00f5es apropriadas no seu navegador de Internet. Para maiores informa\u00e7\u00f5es sobre como desativar os cookies, leia a nossa <a href=\"\/pt-pt\/cookie-policy\/\">Pol\u00edtica de Cookies<\/a>.<\/p>\n\n\n\n<ul class=\"wp-block-list\"><li><strong>Conserva\u00e7\u00e3o de Dados Pessoais<\/strong><\/li><\/ul>\n\n\n\n<p>Os Dados Pessoais ser\u00e3o armazenados, em conformidade com a lei aplic\u00e1vel, por um prazo que n\u00e3o exceda o necess\u00e1rio para a prossecu\u00e7\u00e3o das finalidades para as quais s\u00e3o tratados.<\/p>\n\n\n\n<p>Os crit\u00e9rios para determinar o per\u00edodo de armazenamento dos Dados Pessoais t\u00eam em considera\u00e7\u00e3o o per\u00edodo de tratamento permitido e as leis aplic\u00e1veis sobre a prescri\u00e7\u00e3o dos direitos e interesses leg\u00edtimos do interessado, quando s\u00e3o a legisla\u00e7\u00e3o aplic\u00e1vel para o tratamento.<\/p>\n\n\n\n<p>De acordo com os objetivos da Se\u00e7\u00e3o c, o Respons\u00e1vel tratar\u00e1 os Dados Pessoais por um per\u00edodo n\u00e3o superior a vinte e quatro meses a partir do momento em que o consentimento relevante tiver sido recolhido. Posteriormente, os Dados Pessoais ser\u00e3o apagados, agregados ou anonimizados.<\/p>\n\n\n\n<ul class=\"wp-block-list\"><li><strong>Direitos do titular dos dados<\/strong><\/li><\/ul>\n\n\n\n<p>A qualquer momento, ter\u00e1 direito a:<\/p>\n\n\n\n<ul class=\"wp-block-list\"><li>obter confirma\u00e7\u00e3o do Respons\u00e1vel sobre se os seus Dados Pessoais est\u00e3o a ser tratados e, quando aplic\u00e1vel, ter acesso \u00e0s informa\u00e7\u00f5es pessoais de acordo com o artigo 15 do RGPD;<\/li><li>obter a retifica\u00e7\u00e3o de Dados Pessoais inexatos a seu respeito, ou, tendo em conta a finalidade do tratamento, a integra\u00e7\u00e3o de Dados Pessoais incompletos;<\/li><li>obter o apagamento dos seus Dados Pessoais, quando um dos motivos previstos no artigo 17 do RGPD se aplica;<\/li><li>obter a restri\u00e7\u00e3o de tratamento de seus Dados Pessoais, quando uma das situa\u00e7\u00f5es previstas no artigo 18 da RGPD se aplicar;<\/li><li>opor-se ao tratamento dos seus Dados Pessoais por motivos relacionados \u00e0 sua situa\u00e7\u00e3o particular, quando aplic\u00e1vel;<\/li><li>rece\u00e7\u00e3o em formato estruturado, comumente usado e leg\u00edvel por equipamentos, dos Dados pessoais que lhe dizem respeito e e por si fornecidos, bem como para transmitir esses Dados Pessoais a outro respons\u00e1vel, nos casos e dentro dos limites referidos no artigo 20 do RGPD, quando aplic\u00e1vel.<\/li><\/ul>\n\n\n\n<p>Tamb\u00e9m tem o direito de revogar o seu consentimento para o tratamento de seus Dados Pessoais (quando concedidos) a qualquer momento, sem preju\u00edzo da legalidade do tratamento com base no consentimento concedido antes da revoga\u00e7\u00e3o. Voc\u00ea ter\u00e1 a possibilidade de optar pela n\u00e3o comercializa\u00e7\u00e3o via e-mail, clicando no link relevante &#8220;unsubscribe&#8221; (cancelar assinatura).<\/p>\n\n\n\n<p>De acordo com o RGPD, o Respons\u00e1vel n\u00e3o poder\u00e1 cobrar pelo cumprimento de nenhuma das solicita\u00e7\u00f5es mencionadas neste par\u00e1grafo, a menos que sejam claramente infundadas ou excessivas e repetitivas. Caso solicite mais de uma c\u00f3pia dos seus dados pessoais ou em casos de solicita\u00e7\u00f5es excessivas ou infundadas, o Respons\u00e1vel poder\u00e1: (i) cobrar uma despesa razo\u00e1vel, considerando os custos administrativos incorridos para atender ao pedido; ou (ii) recusar-se a atender ao pedido. Nesses casos, o Respons\u00e1vel o informar\u00e1 sobre os custos antes de atender ao pedido.&nbsp;<\/p>\n\n\n\n<p>O Respons\u00e1vel poder\u00e1 solicitar mais informa\u00e7\u00f5es antes de atender os pedidos, se precisar verificar a identidade da pessoa que os fez.&nbsp;<\/p>\n\n\n\n<p>Sem preju\u00edzo de qualquer recurso administrativo ou legal, tamb\u00e9m ter\u00e1 o direito de apresentar uma reclama\u00e7\u00e3o \u00e0 Autoridade de Supervis\u00e3o pertinente (em Portugal: a &#8220;Comiss\u00e3o Nacional de Prote\u00e7\u00e3o de Dados&#8221;), caso entenda que o tratamentos dos seus dados pessoais viole o RGPD. Mais informa\u00e7\u00f5es est\u00e3o dispon\u00edveis no site <br><strong><a href=\"https:\/\/www.cnpd.pt\/\">https:\/\/www.cnpd.pt\/<\/a><\/strong><\/p>\n\n\n\n<p>Em qualquer caso, o Respons\u00e1vel est\u00e1 interessado em saber as raz\u00f5es da reclama\u00e7\u00e3o e solicita que utilize os m\u00e9todos de contato acima identificados previamente recorrer \u00e0s autoridades, a fim de prevenir e resolver quaisquer disputas, de forma amig\u00e1vel e r\u00e1pida, com a maior cortesia, profissionalismo e discri\u00e7\u00e3o.<\/p>\n\n\n\n<p>Para maiores informa\u00e7\u00f5es sobre as disposi\u00e7\u00f5es contidas nos artigos de 15 a 22 do RGPD, clique no link a seguir:<\/p>\n\n\n\n<p><a href=\"http:\/\/eur-lex.europa.eu\/legal-content\/IT\/TXT\/PDF\/?uri=CELEX:32016R0679&amp;from=it\">http:\/\/eur-lex.europa.eu\/legal-content\/IT\/TXT\/PDF\/?uri=CELEX:32016R0679&amp;from=it<\/a><\/p>\n\n\n\n<ol class=\"wp-block-list\" type=\"1\"><li><strong>Contactos para o exerc\u00edcio dos direitos do titular dos dados e para maiores informa\u00e7\u00f5es<\/strong><\/li><\/ol>\n\n\n\n<p>Com rela\u00e7\u00e3o ao exerc\u00edcio dos seus direitos em rela\u00e7\u00e3o \u00e0s finalidades conforme a Se\u00e7\u00e3o 3 acima e\/ou para obter qualquer tipo de informa\u00e7\u00e3o que possa precisar em rela\u00e7\u00e3o ao Respons\u00e1vel de acordo com esta pol\u00edtica de privacidade, \u00e9 poss\u00edvel enviar uma comunica\u00e7\u00e3o escrita \u00e0 MBE Worldwide S.p.A. (identifica\u00e7\u00e3o fiscal 10697630159), com sede em Mil\u00e3o, Viale Lunigiana 35-37, ou um fax discando 02 67625625 ou um e-mail paraa <a href=\"mailto:privacy@mbeglobal.com\">privacy@mbeglobal.com<\/a>.<\/p>\n\n\n\n<ol class=\"wp-block-list\" type=\"1\"><li><strong>Altera\u00e7\u00f5es a esta pol\u00edtica de privacidade<\/strong><\/li><\/ol>\n\n\n\n<p>Esta pol\u00edtica de privacidade ser\u00e1 v\u00e1lida a partir da data indicada abaixo. \u00c9 aconselh\u00e1vel monitorar regularmente esta pol\u00edtica de privacidade visitando o site a fim de se manter atualizado sobre quaisquer mudan\u00e7as futuras.<\/p>\n\n\n\n<p class=\"has-text-align-right\">\u00daltima atualiza\u00e7\u00e3o: 5 de maio de 2021<\/p>\n<\/div><\/section>\n\n\n\n<p><\/p>\n","protected":false},"excerpt":{"rendered":"","protected":false},"author":5,"featured_media":0,"parent":0,"menu_order":0,"comment_status":"closed","ping_status":"open","template":"","meta":{"inline_featured_image":false,"footnotes":""},"class_list":["post-1077","page","type-page","status-publish","hentry","entry"],"uagb_featured_image_src":{"full":false,"thumbnail":false,"medium":false,"medium_large":false,"large":false,"1536x1536":false,"2048x2048":false,"post-thumbnail":false},"uagb_author_info":{"display_name":"mbe-admin-acc","author_link":"https:\/\/staging.mbefranchise.com\/pt-pt\/author\/mbe-admin-acc\/"},"uagb_comment_info":0,"uagb_excerpt":null,"_links":{"self":[{"href":"https:\/\/staging.mbefranchise.com\/pt-pt\/wp-json\/wp\/v2\/pages\/1077","targetHints":{"allow":["GET"]}}],"collection":[{"href":"https:\/\/staging.mbefranchise.com\/pt-pt\/wp-json\/wp\/v2\/pages"}],"about":[{"href":"https:\/\/staging.mbefranchise.com\/pt-pt\/wp-json\/wp\/v2\/types\/page"}],"author":[{"embeddable":true,"href":"https:\/\/staging.mbefranchise.com\/pt-pt\/wp-json\/wp\/v2\/users\/5"}],"replies":[{"embeddable":true,"href":"https:\/\/staging.mbefranchise.com\/pt-pt\/wp-json\/wp\/v2\/comments?post=1077"}],"version-history":[{"count":16,"href":"https:\/\/staging.mbefranchise.com\/pt-pt\/wp-json\/wp\/v2\/pages\/1077\/revisions"}],"predecessor-version":[{"id":4163,"href":"https:\/\/staging.mbefranchise.com\/pt-pt\/wp-json\/wp\/v2\/pages\/1077\/revisions\/4163"}],"wp:attachment":[{"href":"https:\/\/staging.mbefranchise.com\/pt-pt\/wp-json\/wp\/v2\/media?parent=1077"}],"curies":[{"name":"wp","href":"https:\/\/api.w.org\/{rel}","templated":true}]}}