{"id":1085,"date":"2021-09-23T21:03:02","date_gmt":"2021-09-23T20:03:02","guid":{"rendered":"https:\/\/staging.mbefranchise.com\/?page_id=1085"},"modified":"2022-07-11T09:47:32","modified_gmt":"2022-07-11T08:47:32","slug":"our-stories","status":"publish","type":"page","link":"https:\/\/staging.mbefranchise.com\/pt-pt\/our-stories\/","title":{"rendered":"Our stories"},"content":{"rendered":"\n<section class=\"wp-block-uagb-section uagb-section__wrap uagb-section__background-image alignfull uagb-block-ecdf40bf hero smallhero\"><div class=\"uagb-section__overlay\"><\/div><div class=\"uagb-section__inner-wrap\">\n<div class=\"wp-block-uagb-advanced-heading uagb-block-1f373bb3\"><h1 class=\"uagb-heading-text\">Nossas hist\u00f3rias<br><\/h1><p class=\"uagb-desc-text\">A rede MBE \u00e9 impulsionada pela paix\u00e3o de nossa gente. Eles s\u00e3o pe\u00e7as<br>fundamentais de nossa marca. Conhe\u00e7a as inspiradoras hist\u00f3rias de nossos<br>empreendedores MBE.<br><\/p><\/div>\n<\/div><\/section>\n\n\n\n<section class=\"wp-block-uagb-section uagb-section__wrap uagb-section__background-undefined uagb-block-b98ce76b review\" id=\"sasa\"><div class=\"uagb-section__overlay\"><\/div><div class=\"uagb-section__inner-wrap\">\n<div class=\"wp-block-columns is-layout-flex wp-container-core-columns-is-layout-9d6595d7 wp-block-columns-is-layout-flex\">\n<div class=\"wp-block-column is-vertically-aligned-center is-layout-flow wp-block-column-is-layout-flow\">\n<div class=\"wp-block-uagb-advanced-heading uagb-block-02db266e\"><h2 class=\"uagb-heading-text\">Uma base s\u00f3lida para o crescimento de um neg\u00f3cio sustent\u00e1vel e de longo prazo.<\/h2><p class=\"uagb-desc-text\">Sou empres\u00e1rio em um neg\u00f3cio de log\u00edstica e distribui\u00e7\u00e3o h\u00e1 mais de 20 anos, mas estou sempre em busca de novas oportunidades e novos modelos de neg\u00f3cios. A MBE \u00e9 uma boa marca, e eu vi na MBE Master Franchisee a possibilidade para um r\u00e1pido in\u00edcio de uma opera\u00e7\u00e3o de franquias. O sistema MBE provou ser uma base s\u00f3lida para o crescimento de um neg\u00f3cio sustent\u00e1vel e de longo prazo.<br><br>O modelo de neg\u00f3cios MBE, com empres\u00e1rios trabalhando juntos &#8211; criando uma rede que est\u00e1 agregando valor a todos os participantes &#8211; \u00e9 uma \u00f3tima solu\u00e7\u00e3o. Al\u00e9m disso, m\u00faltiplas fontes de renda representam um importante gerador de resultados, mesmo que as condi\u00e7\u00f5es de mercado n\u00e3o sejam as ideais. Mas o melhor, \u00e9 o n\u00edvel de satisfa\u00e7\u00e3o de nossos clientes. Tenho orgulho de dizer que os clientes realmente gostam do servi\u00e7o MBE e est\u00e3o voltando aos nossos centros MBE diariamente.<\/p><\/div>\n\n\n\n<p><\/p>\n<\/div>\n\n\n\n<div class=\"wp-block-column is-vertically-aligned-center is-layout-flow wp-block-column-is-layout-flow\"><div class=\"wp-block-image is-style-default\">\n<figure class=\"aligncenter size-large\"><img loading=\"lazy\" decoding=\"async\" width=\"395\" height=\"247\" src=\"https:\/\/staging.mbefranchise.com\/wp-content\/uploads\/2021\/02\/Screenshot_5_xl.jpg\" alt=\"\" class=\"wp-image-246\" srcset=\"https:\/\/staging.mbefranchise.com\/wp-content\/uploads\/2021\/02\/Screenshot_5_xl.jpg 395w, https:\/\/staging.mbefranchise.com\/wp-content\/uploads\/2021\/02\/Screenshot_5_xl-300x188.jpg 300w\" sizes=\"auto, (max-width: 395px) 100vw, 395px\" \/><\/figure>\n<\/div>\n\n\n<p class=\"has-text-align-center\"><strong>Sasa Cvetojevic, empres\u00e1rio croata com anos de experi\u00eancia em log\u00edstica, setor de sa\u00fade, comunica\u00e7\u00f5es e gest\u00e3o de cadeia de suprimentos<\/strong><\/p>\n\n\n\n<p class=\"has-text-align-center\">Master Licensee do Adri\u00e1tico, Cro\u00e1cia, Eslov\u00eania, Montenegro, Maced\u00f4nia, B\u00f3snia Herzegovina, S\u00e9rvia, Kosovo<\/p>\n\n\n\n<div class=\"wp-block-buttons is-horizontal is-content-justification-center is-layout-flex wp-container-core-buttons-is-layout-499968f5 wp-block-buttons-is-layout-flex\">\n<div class=\"wp-block-button red-btn sasavideo\"><a class=\"wp-block-button__link has-white-color has-text-color has-background\" style=\"border-radius:40px;background-color:#ee2c24\">VER V\u00cdDEO<\/a><\/div>\n<\/div>\n<\/div>\n<\/div>\n<\/div><\/section>\n\n\n\n<section class=\"wp-block-uagb-section uagb-section__wrap uagb-section__background-undefined uagb-block-9bd3afb9 review\" id=\"adrian\"><div class=\"uagb-section__overlay\"><\/div><div class=\"uagb-section__inner-wrap\">\n<div class=\"wp-block-columns is-layout-flex wp-container-core-columns-is-layout-9d6595d7 wp-block-columns-is-layout-flex\">\n<div class=\"wp-block-column is-vertically-aligned-center is-layout-flow wp-block-column-is-layout-flow\">\n<div class=\"wp-block-uagb-advanced-heading uagb-block-3663554f\"><h2 class=\"uagb-heading-text\">As necessidades do mercado se ajustam perfeitamente ao que o conceito MBE est\u00e1 oferecendo<\/h2><p class=\"uagb-desc-text\">a Bipmobile Srl, a outra empresa que administro, atua no setor de log\u00edstica e transporte, tendo como parceiros e clientes os maiores nomes da ind\u00fastria automotiva em toda a Europa, oferecendo quase todos os servi\u00e7os; mas os de valor agregado da MBE ainda estavam faltando. \u00c9 por isso que me tornei um Master Licensee. Quando conheci o conceito MBE, foi como uma pequena revela\u00e7\u00e3o para mim, pois imediatamente reconheci que existia uma necessidade por tais servi\u00e7os na Rom\u00eania.<br><br>Do meu ponto de vista, as necessidades do mercado se adequam perfeitamente ao que o conceito MBE est\u00e1 oferecendo. Al\u00e9m disso, ao apontar para pequenas e m\u00e9dias empresas, o neg\u00f3cio MBE traz margens interessantes, que suponho que seja o que todos os empres\u00e1rios do mundo est\u00e3o procurando. Finalmente, conhecer a equipe MBE e ver seu profissionalismo foi o que me deu a garantia para desenvolver este neg\u00f3cio.<\/p><\/div>\n<\/div>\n\n\n\n<div class=\"wp-block-column is-vertically-aligned-center is-layout-flow wp-block-column-is-layout-flow\"><div class=\"wp-block-image\">\n<figure class=\"aligncenter size-large\"><img loading=\"lazy\" decoding=\"async\" width=\"400\" height=\"561\" src=\"https:\/\/staging.mbefranchise.com\/wp-content\/uploads\/2021\/05\/adrian-minea.jpg\" alt=\"\" class=\"wp-image-415\" srcset=\"https:\/\/staging.mbefranchise.com\/wp-content\/uploads\/2021\/05\/adrian-minea.jpg 400w, https:\/\/staging.mbefranchise.com\/wp-content\/uploads\/2021\/05\/adrian-minea-214x300.jpg 214w\" sizes=\"auto, (max-width: 400px) 100vw, 400px\" \/><\/figure>\n<\/div>\n\n\n<p class=\"has-text-align-center\"><strong>Adrian Minea<\/strong><\/p>\n\n\n\n<p class=\"has-text-align-center\"><strong>Empres\u00e1rio romeno, propriet\u00e1rio do Grupo Bipmobile, com ampla experi\u00eancia no setor de trransportes por caminh\u00f5es.<\/strong><\/p>\n<\/div>\n<\/div>\n<\/div><\/section>\n\n\n\n<section class=\"wp-block-uagb-section uagb-section__wrap uagb-section__background-undefined uagb-block-2106133a review\" id=\"dieter\"><div class=\"uagb-section__overlay\"><\/div><div class=\"uagb-section__inner-wrap\">\n<div class=\"wp-block-columns is-layout-flex wp-container-core-columns-is-layout-9d6595d7 wp-block-columns-is-layout-flex\">\n<div class=\"wp-block-column is-vertically-aligned-center is-layout-flow wp-block-column-is-layout-flow\">\n<div class=\"wp-block-uagb-advanced-heading uagb-block-2acac032\"><h2 class=\"uagb-heading-text\">Meu neg\u00f3cio MBE<br>ainda est\u00e1 crescendo mesmo depois de 17 anos<\/h2><p class=\"uagb-desc-text\">Fiquei encantado em encontrar uma oportunidade de neg\u00f3cios com um alto potencial no setor de servi\u00e7os como a MBE. A id\u00e9ia de terceiriza\u00e7\u00e3o da MBE era, e ainda \u00e9, relativamente nova na Europa. Fomos um dos pioneiros na \u00c1ustria que usou a liberdade empreendedora da MBE para ajustar um conceito mundial de sucesso ao mercado local. Outra raz\u00e3o para minha decis\u00e3o de come\u00e7ar com a MBE foi a oportunidade de finalmente trabalhar no pa\u00eds onde vivo, a cinco minutos de dist\u00e2ncia de casa. Criei um dos centros de servi\u00e7os de maior sucesso na \u00c1ustria e assumi a responsabilidade adicional para o desenvolvimento futuro da rede MBE na \u00c1ustria. Meu neg\u00f3cio MBE ainda est\u00e1 crescendo mesmo depois de 17 anos.<\/p><\/div>\n<\/div>\n\n\n\n<div class=\"wp-block-column is-vertically-aligned-center is-layout-flow wp-block-column-is-layout-flow\"><div class=\"wp-block-image is-style-default\">\n<figure class=\"aligncenter size-large\"><img loading=\"lazy\" decoding=\"async\" width=\"561\" height=\"219\" src=\"https:\/\/staging.mbefranchise.com\/wp-content\/uploads\/2021\/01\/Group14-min.jpg\" alt=\"\" class=\"wp-image-15\" srcset=\"https:\/\/staging.mbefranchise.com\/wp-content\/uploads\/2021\/01\/Group14-min.jpg 561w, https:\/\/staging.mbefranchise.com\/wp-content\/uploads\/2021\/01\/Group14-min-300x117.jpg 300w\" sizes=\"auto, (max-width: 561px) 100vw, 561px\" \/><\/figure>\n<\/div>\n\n\n<p class=\"has-text-align-center\"><strong>Dieter Baier<\/strong><\/p>\n\n\n\n<p class=\"has-text-align-center\">Multi-Franchisee e<br>Master Licensee MBE \u00c1ustria<\/p>\n<\/div>\n<\/div>\n<\/div><\/section>\n\n\n\n<section class=\"wp-block-uagb-section uagb-section__wrap uagb-section__background-undefined uagb-block-2bb37f3a review\" id=\"anton\"><div class=\"uagb-section__overlay\"><\/div><div class=\"uagb-section__inner-wrap\">\n<div class=\"wp-block-columns is-layout-flex wp-container-core-columns-is-layout-9d6595d7 wp-block-columns-is-layout-flex\">\n<div class=\"wp-block-column is-vertically-aligned-center is-layout-flow wp-block-column-is-layout-flow\">\n<div class=\"wp-block-uagb-advanced-heading uagb-block-c3224866\"><h2 class=\"uagb-heading-text\">Estou ansioso para crescer ainda mais com MBE<\/h2><p class=\"uagb-desc-text\">H\u00e1 mais de 20 anos no ramo de log\u00edstica, sempre tentei oferecer o melhor servi\u00e7o poss\u00edvel aos meus clientes. Desenvolvendo o Ability Group como um conjunto de empresas focadas na log\u00edstica internacional de cont\u00eaineres e caminh\u00f5es, sentia falta de um grande ramo da nossa ind\u00fastria: microlog\u00edstica, distribui\u00e7\u00e3o B2C e servi\u00e7os de courier. Motivo pelo qual fiquei muito entusiasmado em adquirir dois centros MBE em St.-Petersburg quando descobri o conceito de neg\u00f3cio Mail Boxes Etc. em 2015. Alguns anos depois, sendo agora um Franqueado de \u00c1rea na R\u00fassia, eu esperava crescer ainda mais com a MBE. Foi por isso que me tornei um Master Franqueado dos pa\u00edses b\u00e1lticos em 2018.<br><br>Com o know-how, sistema e suporte global da MBE, agora sou capaz de fornecer servi\u00e7os comerciais em v\u00e1rios pa\u00edses, aplicando o modelo de neg\u00f3cios adotado internacionalmente \u00e0s necessidades e condi\u00e7\u00f5es locais.<\/p><\/div>\n<\/div>\n\n\n\n<div class=\"wp-block-column is-vertically-aligned-center is-layout-flow wp-block-column-is-layout-flow\"><div class=\"wp-block-image is-style-default\">\n<figure class=\"aligncenter size-large\"><img loading=\"lazy\" decoding=\"async\" width=\"339\" height=\"219\" src=\"https:\/\/staging.mbefranchise.com\/wp-content\/uploads\/2021\/01\/Group11-min.jpg\" alt=\"\" class=\"wp-image-13\" srcset=\"https:\/\/staging.mbefranchise.com\/wp-content\/uploads\/2021\/01\/Group11-min.jpg 339w, https:\/\/staging.mbefranchise.com\/wp-content\/uploads\/2021\/01\/Group11-min-300x194.jpg 300w\" sizes=\"auto, (max-width: 339px) 100vw, 339px\" \/><\/figure>\n<\/div>\n\n\n<p class=\"has-text-align-center\"><strong>Anton Nacharyan<\/strong><\/p>\n\n\n\n<p class=\"has-text-align-center\">Empres\u00e1rio russo, propriet\u00e1rio do Ability Group, com larga experi\u00eancia no setor de log\u00edstica e gest\u00e3o da cadeia de suprimentos.<\/p>\n<\/div>\n<\/div>\n<\/div><\/section>\n\n\n\n<section class=\"wp-block-uagb-section uagb-section__wrap uagb-section__background-gradient uagb-block-3459cfda two-part-cta\"><div class=\"uagb-section__overlay\"><\/div><div class=\"uagb-section__inner-wrap\">\n<div class=\"wp-block-columns is-layout-flex wp-container-core-columns-is-layout-9d6595d7 wp-block-columns-is-layout-flex\">\n<div class=\"wp-block-column redcolumn is-layout-flow wp-block-column-is-layout-flow\">\n<div class=\"wp-block-columns has-background is-layout-flex wp-container-core-columns-is-layout-9d6595d7 wp-block-columns-is-layout-flex\" style=\"background-color:#ee2c24\">\n<div class=\"wp-block-column is-vertically-aligned-center is-layout-flow wp-block-column-is-layout-flow\">\n<p class=\"has-text-align-center has-white-color has-text-color\" style=\"font-size:25px\">Assista ao webinar<\/p>\n<\/div>\n\n\n\n<div class=\"wp-block-column is-layout-flow wp-block-column-is-layout-flow\">\n<div class=\"wp-block-buttons is-layout-flex wp-block-buttons-is-layout-flex\">\n<div class=\"wp-block-button red-btn white-btn\"><a class=\"wp-block-button__link has-text-color has-background\" href=\"\/pt-pt\/#form\" style=\"border-radius:40px;background-color:#ffffff;color:#ee2c24\">Registre-se agora<\/a><\/div>\n<\/div>\n<\/div>\n<\/div>\n<\/div>\n\n\n\n<div class=\"wp-block-column is-layout-flow wp-block-column-is-layout-flow\">\n<section class=\"wp-block-uagb-columns uagb-columns__wrap uagb-columns__background-color uagb-columns__stack-mobile uagb-columns__valign-center uagb-columns__gap-10 alignundefined uagb-block-c63e4af6\"><div class=\"uagb-columns__overlay\"><\/div><div class=\"uagb-columns__inner-wrap uagb-columns__columns-2\">\n<div class=\"wp-block-uagb-column uagb-column__wrap uagb-column__background-undefined uagb-block-82e36314\"><div class=\"uagb-column__overlay\"><\/div><div class=\"uagb-column__inner-wrap\">\n<p class=\"has-text-align-center\" style=\"font-size:25px\">Preparado para come\u00e7ar?<\/p>\n<\/div><\/div>\n\n\n\n<div class=\"wp-block-uagb-column uagb-column__wrap uagb-column__background-undefined uagb-block-55a2322b\"><div class=\"uagb-column__overlay\"><\/div><div class=\"uagb-column__inner-wrap\">\n<div class=\"wp-block-buttons is-horizontal is-content-justification-right is-layout-flex wp-container-core-buttons-is-layout-ae2fe186 wp-block-buttons-is-layout-flex\">\n<div class=\"wp-block-button transp-btn redhover is-style-outline is-style-outline--1\"><a class=\"wp-block-button__link has-text-color has-background\" href=\"\/pt-pt\/#form\" style=\"border-radius:40px;background-color:#e5e3df;color:#ee2c24\">Inscreva-se agora<\/a><\/div>\n<\/div>\n<\/div><\/div>\n<\/div><\/section>\n<\/div>\n<\/div>\n<\/div><\/section>\n\n\n\n<p><\/p>\n","protected":false},"excerpt":{"rendered":"","protected":false},"author":5,"featured_media":0,"parent":0,"menu_order":0,"comment_status":"closed","ping_status":"closed","template":"","meta":{"inline_featured_image":false,"footnotes":""},"class_list":["post-1085","page","type-page","status-publish","hentry","entry"],"uagb_featured_image_src":{"full":false,"thumbnail":false,"medium":false,"medium_large":false,"large":false,"1536x1536":false,"2048x2048":false,"post-thumbnail":false},"uagb_author_info":{"display_name":"mbe-admin-acc","author_link":"https:\/\/staging.mbefranchise.com\/pt-pt\/author\/mbe-admin-acc\/"},"uagb_comment_info":0,"uagb_excerpt":null,"_links":{"self":[{"href":"https:\/\/staging.mbefranchise.com\/pt-pt\/wp-json\/wp\/v2\/pages\/1085","targetHints":{"allow":["GET"]}}],"collection":[{"href":"https:\/\/staging.mbefranchise.com\/pt-pt\/wp-json\/wp\/v2\/pages"}],"about":[{"href":"https:\/\/staging.mbefranchise.com\/pt-pt\/wp-json\/wp\/v2\/types\/page"}],"author":[{"embeddable":true,"href":"https:\/\/staging.mbefranchise.com\/pt-pt\/wp-json\/wp\/v2\/users\/5"}],"replies":[{"embeddable":true,"href":"https:\/\/staging.mbefranchise.com\/pt-pt\/wp-json\/wp\/v2\/comments?post=1085"}],"version-history":[{"count":9,"href":"https:\/\/staging.mbefranchise.com\/pt-pt\/wp-json\/wp\/v2\/pages\/1085\/revisions"}],"predecessor-version":[{"id":4181,"href":"https:\/\/staging.mbefranchise.com\/pt-pt\/wp-json\/wp\/v2\/pages\/1085\/revisions\/4181"}],"wp:attachment":[{"href":"https:\/\/staging.mbefranchise.com\/pt-pt\/wp-json\/wp\/v2\/media?parent=1085"}],"curies":[{"name":"wp","href":"https:\/\/api.w.org\/{rel}","templated":true}]}}