{"id":1112,"date":"2021-09-23T21:14:08","date_gmt":"2021-09-23T20:14:08","guid":{"rendered":"https:\/\/staging.mbefranchise.com\/?page_id=1112"},"modified":"2022-07-11T11:07:10","modified_gmt":"2022-07-11T10:07:10","slug":"cookie-policy","status":"publish","type":"page","link":"https:\/\/staging.mbefranchise.com\/pt-pt\/cookie-policy\/","title":{"rendered":"Cookie Policy"},"content":{"rendered":"\n<section class=\"wp-block-uagb-section uagb-section__wrap uagb-section__background-image alignfull uagb-block-c41f5356 hero smallhero\"><div class=\"uagb-section__overlay\"><\/div><div class=\"uagb-section__inner-wrap\">\n<div class=\"wp-block-uagb-advanced-heading uagb-block-1da57375\"><h1 class=\"uagb-heading-text\">Pol\u00edtica de cookies<\/h1><p class=\"uagb-desc-text\"><\/p><\/div>\n<\/div><\/section>\n\n\n\n<section class=\"wp-block-uagb-section uagb-section__wrap uagb-section__background-undefined uagb-block-095d18f9 privacy\"><div class=\"uagb-section__overlay\"><\/div><div class=\"uagb-section__inner-wrap\">\n<p><strong>Uso de cookies no site<\/strong><\/p>\n\n\n\n<p>MBE Worldwide S.p.A. com sede em Mil\u00e3o, Viale Lunigiana 35-37, 20125, (&#8220;<strong>MBE<\/strong>&#8220;), al\u00e9m das disposi\u00e7\u00f5es estabelecidas na <a href=\"\/pt-pt\/privacy-policy\/\">pol\u00edtica de privacidade<\/a>, informa os usu\u00e1rios sobre o uso de cookies no site <a href=\"https:\/\/mbeswitzerland.ch\/\">mbefranchising.com<\/a> (o &#8220;<strong>Website<\/strong>&#8220;).&nbsp;<\/p>\n\n\n\n<p><strong>O que \u00e9 um cookie?<\/strong><\/p>\n\n\n\n<p>&#8220;Cookies&#8221; s\u00e3o pequenos arquivos de texto de um website que s\u00e3o armazenados no seu computador, dispositivo m\u00f3vel ou outro dispositivo. Os cookies geralmente cont\u00eam informa\u00e7\u00f5es associadas ao seu navegador da web, informa\u00e7\u00f5es como prefer\u00eancias do website ou informa\u00e7\u00f5es de login. Estas informa\u00e7\u00f5es permitem que os servi\u00e7os on-line o reconhe\u00e7am enquanto interage ou revisita o website.&nbsp;&nbsp;<\/p>\n\n\n\n<p><strong>Como usamos os cookies<\/strong><\/p>\n\n\n\n<p>N\u00f3s e os nossos prestadores de servi\u00e7os podemos utilizar cookies e tecnologias de rastreamento (tracking pixels) quando interage com os servi\u00e7os por v\u00e1rias raz\u00f5es, conforme descrito em detalhes abaixo.<\/p>\n\n\n\n<figure class=\"wp-block-table\"><table><tbody><tr><td><strong><em>Cookies essenciais<\/em><\/strong><\/td><td>Utilizamos cookies para a administra\u00e7\u00e3o do sistema, para monitorar o tr\u00e1fego e prevenir atividades fraudulentas, para melhorar a seguran\u00e7a dos servi\u00e7os e para fornecer a funcionalidade b\u00e1sica dos servi\u00e7os, como a cria\u00e7\u00e3o e o login da sua conta e a utiliza\u00e7\u00e3o de recursos essenciais dos servi\u00e7os.<\/td><\/tr><tr><td><strong><em>Cookies de funcionalidade<\/em><\/strong><\/td><td>Utilizamos cookies para informar se j\u00e1 visitou o site anteriormente e para tornar os servi\u00e7os mais f\u00e1ceis de usar, inclusive para lembrar as suas prefer\u00eancias e configura\u00e7\u00f5es.<\/td><\/tr><tr><td><strong><em>Cookies anal\u00edticos<\/em><\/strong><\/td><td>Utilizamos cookies e pixels de rastreamento para avaliar o desempenho dos servi\u00e7os, para contabilizar os visitantes do site e para monitorizar como os usu\u00e1rios navegam e utilizam os servi\u00e7os, a fim de melhorar o desempenho e o conte\u00fado oferecido atrav\u00e9s dos servi\u00e7os.<\/td><\/tr><tr><td><strong><em>Cookies Personaliza\u00e7\u00e3o e Targeting<\/em><\/strong><\/td><td>Podemos usar cookies e pixels de rastreamento para fornecer conte\u00fado personalizado e marketing &#8220;first party&#8221; (marketing da MBE) baseado na sua intera\u00e7\u00e3o com os nossos servi\u00e7os. Tamb\u00e9m podemos usar cookies e pixels de rastreamento para registar o uso dos osnossos servi\u00e7os, as p\u00e1ginas que visitou e os links que seguiu. Utilizaremos estas informa\u00e7\u00f5es para tornar nossos servi\u00e7os e a publicidade exibida neles mais relevantes para os seus interesses. Tamb\u00e9m podemos partilhar estas informa\u00e7\u00f5es com terceiros para este fim.<\/td><\/tr><\/tbody><\/table><\/figure>\n\n\n\n<p><strong>Como desativar ou remover cookies<\/strong><\/p>\n\n\n\n<p>Os usu\u00e1rios podem controlar como os cookies s\u00e3o configurados nos seus dispositivos usando as configura\u00e7\u00f5es do respetivo navegador e, em alguns casos, as configura\u00e7\u00f5es no seu dispositivo m\u00f3vel. Se os usu\u00e1rios n\u00e3o recusarem ou desativarem os cookies como descrito nesta sec\u00e7\u00e3o, eles consentem expressamente na configura\u00e7\u00e3o e acesso aos cookies por n\u00f3s e por terceiros descritos a seguir, sujeitos \u00e0s respetivas pol\u00edticas de privacidade.&nbsp;<\/p>\n\n\n\n<p>Os usu\u00e1rios podem autorizar, recusar ou desativar os cookies de seu website alterando as configura\u00e7\u00f5es de seu navegador. Se os usu\u00e1rios desativarem um cookie j\u00e1 instalado nos seus dispositivos ou navegadores, ele n\u00e3o estar\u00e1 mais ativo, mas n\u00e3o desaparecer\u00e1 dos seus dispositivos ou navegadores at\u00e9 o final dae sua vida \u00fatil. Alertamos que o bloqueio de todos os cookies pode tornar o Website indispon\u00edvel para os usu\u00e1rios ou ter um efeito negativo no desempenho, efici\u00eancia ou personaliza\u00e7\u00e3o do Website.<\/p>\n\n\n\n<p>Se os usu\u00e1rios utilizarem diferentes dispositivos, devem-se certificar que configuram as configura\u00e7\u00f5es do navegador correspondente de acordo com suas prefer\u00eancias.<\/p>\n\n\n\n<p>Todos os navegadores mais recentes permitem que o usu\u00e1rio altere as configura\u00e7\u00f5es dos cookies. Estes est\u00e3o normalmente no menu do navegador do usu\u00e1rio em &#8216;op\u00e7\u00f5es&#8217; ou &#8216;prefer\u00eancias&#8217;. Para entender como configur\u00e1-los, o usu\u00e1rio pode seguir as instru\u00e7\u00f5es nos links abaixo:<\/p>\n\n\n\n<ul class=\"wp-block-list\"><li><strong>Mozilla Firefox:&nbsp;<\/strong><a href=\"https:\/\/support.mozilla.org\/it\/kb\/Gestione%20dei%20cookie\">https:\/\/support.mozilla.org\/it\/kb\/Gestione%20dei%20cookie<\/a><\/li><li><strong>Internet Explorer<\/strong>:&nbsp;<a href=\"http:\/\/windows.microsoft.com\/it-it\/windows-vista\/block-or-allow-cookies\">http:\/\/windows.microsoft.com\/it-it\/windows-vista\/block-or-allow-cookies<\/a><\/li><li><strong>Google Chrome<\/strong>:&nbsp;<a href=\"https:\/\/support.google.com\/chrome\/answer\/95647?hl=it\">https:\/\/support.google.com\/chrome\/answer\/95647?hl=it<\/a><\/li><li><strong>Safari 6\/7 Mavericks<\/strong>:&nbsp;<a href=\"https:\/\/support.apple.com\/kb\/PH17191?viewlocale=it_IT&amp;locale=it_IT\">https:\/\/support.apple.com\/kb\/PH17191?viewlocale=it_IT&amp;locale=it_IT<\/a><\/li><li><strong>Safari 8 Yosemite<\/strong>:&nbsp;&nbsp;<a href=\"https:\/\/support.apple.com\/kb\/PH19214?viewlocale=it_IT&amp;locale=it_IT\">https:\/\/support.apple.com\/kb\/PH19214?viewlocale=it_IT&amp;locale=it_IT<\/a><\/li><li><strong>Safari on iPhone, iPad o iPod touch<\/strong>:&nbsp;<a href=\"https:\/\/support.apple.com\/it-it\/HT201265\">https:\/\/support.apple.com\/it-it\/HT201265<\/a><\/li><\/ul>\n\n\n\n<p><strong>A MBE utiliza cookies nos seus pr\u00f3prios websites?<\/strong><\/p>\n\n\n\n<p>A MBE utiliza &#8220;cookies&#8221; com o prop\u00f3sito de facilitar o uso dos servi\u00e7os solicitados pelo pr\u00f3prio usu\u00e1rio, assim como a recolha de informa\u00e7\u00f5es do usu\u00e1rio, a navega\u00e7\u00e3o do site e as escolhas e prefer\u00eancias expressas nos produtos. Isto permitir\u00e1 \u00e0 MBE criar perfis de usu\u00e1rios utilizando os dados recolhidos, o que permitir\u00e1 ent\u00e3o a transmiss\u00e3o de publicidade direcionada e personalizada. O usu\u00e1rio poder\u00e1 revogar a qualquer momento a autoriza\u00e7\u00e3o concedida e opor-se ao uso de cookies, selecionando as configura\u00e7\u00f5es apropriadas no seu navegador de Internet, conforme detalhado na sec\u00e7\u00e3o anterior.<\/p>\n\n\n\n<p>Al\u00e9m dos cookies estritamente necess\u00e1rios e funcionais para os quais n\u00e3o \u00e9 necess\u00e1rio recolher consentimento, o Website utiliza os cookies indicados abaixo:<\/p>\n\n\n\n<p>O usu\u00e1rio pode desativar os cookies colocados pelos terceiros listados acima, atrav\u00e9s d os links indicados. Se n\u00e3o houver links, o usu\u00e1rio pode consultar o seguinte site <a href=\"http:\/\/www.youronlinechoices.com\/it\/\" target=\"_blank\" rel=\"noreferrer noopener\">www.youronlinechoices.com\/it\/<\/a>, que permite administrar as prefer\u00eancias em rela\u00e7\u00e3o aos cookies.<\/p>\n\n\n\n<h3 class=\"wp-block-heading\">Informa\u00e7\u00f5es detalhadas sobre o processamento de Dados Pessoais<\/h3>\n\n\n\n<p>Os dados pessoais s\u00e3o recolhidos com as seguintes finalidades e utilizando os seguintes servi\u00e7os:<\/p>\n\n\n\n<p><strong>Anal\u00edtica<\/strong><\/p>\n\n\n\n<p>Os servi\u00e7os constantes desta sec\u00e7\u00e3o permitem ao Propriet\u00e1rio monitorizar e analisar o tr\u00e1fego da Web e podem ser usados para acompanhar o comportamento do Usu\u00e1rio.<\/p>\n\n\n\n<p>WordPress Stats (Automattic Inc.)<\/p>\n\n\n\n<p>WordPress Stats \u00e9 um servi\u00e7o anal\u00edtico fornecido pela Automattic Inc. (Automattic Inc.).<\/p>\n\n\n\n<p>Dados pessoais recolhidos: Cookies e Dados de Uso.<\/p>\n\n\n\n<p>Local de processamento: <a href=\"https:\/\/automattic.com\/privacy\/\" target=\"_blank\" rel=\"noreferrer noopener\">Pol\u00edtica de Privacidade<\/a>.<\/p>\n\n\n\n<p><strong>Google Analytics (Google Inc.)<\/strong><\/p>\n\n\n\n<p>O Google Analytics \u00e9 um servi\u00e7o de an\u00e1lise web fornecido pela Google Inc. (Google Inc.). (&#8220;Google&#8221;). O Google utiliza os dados recolhidos para rastrear e examinar o uso do Mix Repairs, para preparar relat\u00f3rios sobre as suas atividades e compartilh\u00e1-los com outros servi\u00e7os do Google.<\/p>\n\n\n\n<p>O Google pode utilizar os Dados recolhidos para contextualizar e personalizar os an\u00fancios da  sua pr\u00f3pria rede de publicidade.<\/p>\n\n\n\n<p>Dados pessoais recolhidos: Cookies e Dados de Uso<\/p>\n\n\n\n<p>Local de processamento: <a href=\"https:\/\/tools.google.com\/dlpage\/gaoptout?hl=en\" target=\"_blank\" rel=\"noreferrer noopener\">Pol\u00edtica de Privacidade &#8211; Opt Out<\/a>.<\/p>\n\n\n\n<p><strong>Tag Management<\/strong><\/p>\n\n\n\n<p>Este tipo de servi\u00e7o ajuda o Propriet\u00e1rio a gerir as etiquetas ou scripts necess\u00e1rios em Mix Repairs de forma centralizada.<\/p>\n\n\n\n<p>Isto resulta no fluxo de Dados dos Usu\u00e1rios atrav\u00e9s destes servi\u00e7os, resultando potencialmente na reten\u00e7\u00e3o destes Dados.<\/p>\n\n\n\n<p>Google Tag Manager (Google LLC)<\/p>\n\n\n\n<p>O Google Tag Manager \u00e9 um servi\u00e7o de gerenciamento de tags fornecido pela Google LLC.<\/p>\n\n\n\n<p>Dados pessoais recolhidos: Cookies e Dados de Utiliza\u00e7\u00e3o.<\/p>\n\n\n\n<p>Local de processamento: &#8211; <a href=\"https:\/\/policies.google.com\/privacy?hl=en\" target=\"_blank\" rel=\"noreferrer noopener\">Pol\u00edtica de Privacidade<\/a>.<\/p>\n\n\n\n<p><strong>Google AdWords (Cookies de Publicidade)<\/strong><\/p>\n\n\n\n<p>O nosso website utiliza o cookie Google AdWords Conversion Tracking para medir e otimizar o desempenho e a experi\u00eancia do usu\u00e1rio relacionada com os nossos an\u00fancios na Google Search ou em sites selecionados da Google Display Network . Saiba mais sobre a pol\u00edtica de privacidade do Google aqui.<\/p>\n\n\n\n<p>Opt-out: <a href=\"https:\/\/adssettings.google.com\/anonymous?sig=ACi0TCgFv-AwxL_uqST0JHnESZEchSiEVh79sPGtxu1ODfb1lOapEjVtLJ-GpRpBXKiuuJlKpmok5t5XQGIpT63aaV_kOZ2zZQ&amp;hl=en\" target=\"_blank\" rel=\"noreferrer noopener\">Visitando as configura\u00e7\u00f5es de an\u00fancios do Google<\/a>.<\/p>\n\n\n\n<p>Podemos usar o Google AdWords Remarketing Tag para anunciar Mix Repairs em toda a Internet, em particular na Google Display Network.<\/p>\n\n\n\n<p>O Google AdWords Remarketing exibir\u00e1 an\u00fancios para si com base em quais partes do site Mix Repairs que visualizou, colocando um cookie no seu navegador.<\/p>\n\n\n\n<p>Este cookie n\u00e3o o identifica de forma alguma ou d\u00e1 acesso ao seu computador ou dispositivo m\u00f3vel.<\/p>\n\n\n\n<p>O cookie \u00e9 usado para indicar a outros websites que &#8220;Esta pessoa visitou uma determinada p\u00e1gina, portanto, mostre-lhe an\u00fancios relacionados com essa p\u00e1gina&#8221;.<\/p>\n\n\n\n<p>O Google AdWords Remarketing permite adaptar o nosso marketing para adequ\u00e1-lo melhor \u00e0s suas necessidades e exibir apenas an\u00fancios que sejam relevantes para si.<\/p>\n\n\n\n<p>Se n\u00e3o quiser ver an\u00fancios da Mix Repairs, pode optar por n\u00e3o participar nas <a href=\"https:\/\/adssettings.google.com\/authenticated\" target=\"_blank\" rel=\"noreferrer noopener\">configura\u00e7\u00f5es de An\u00fancios do Google<\/a>.<\/p>\n\n\n\n<p><strong>Yandex Metrica<\/strong><\/p>\n\n\n\n<p>Por omiss\u00e3o, a Yandex Metrica recolhe informa\u00e7\u00f5es sobre todos os usu\u00e1rios que visitam um site.<\/p>\n\n\n\n<p>A recolhe de dados pela Yandex sobre usu\u00e1rios individuais pode ser bloqueada. <a href=\"https:\/\/yandex.com\/support\/metrica\/general\/opt-out.html\" target=\"_blank\" rel=\"noreferrer noopener\">Est\u00e1 dispon\u00edvel nos navegadores<\/a> mais populares optar por n\u00e3o participar do programa da Metrica.<\/p>\n\n\n\n<p><strong>HotJar<\/strong><\/p>\n\n\n\n<p>As ferramentas anal\u00edticas da Hotjar d\u00e3o uma vis\u00e3o geral do comportamento dos visitantes. A obten\u00e7\u00e3o de informa\u00e7\u00f5es \u00fateis dentro da Hotjar n\u00e3o inclui revelar quem \u00e9 o indiv\u00edduo espec\u00edfico: a Hotjar mostra como as pessoas usam o seu site ou app anonimamente no seu conjunto.<\/p>\n\n\n\n<p>Opt-Out: <a href=\"https:\/\/www.hotjar.com\/legal\/compliance\/opt-out\" target=\"_blank\" rel=\"noreferrer noopener\">Visitando a p\u00e1gina de Opt-Out do HotJar<\/a>.<\/p>\n\n\n\n<p>Perguntas e solicita\u00e7\u00f5es relativas a esta pol\u00edtica de privacidade devem ser enviadas por e-mail para <a href=\"mailto:privacy@mbeglobal.com\">privacy@mbeglobal.com<\/a>.<\/p>\n\n\n\n<p>Para qualquer outra informa\u00e7\u00e3o, por favor consultar a <a href=\"https:\/\/mbeswitzerland.ch\/privacy-policy\/\" target=\"_blank\" rel=\"noreferrer noopener\">Pol\u00edtica de Privacidade<\/a> .<\/p>\n<\/div><\/section>\n","protected":false},"excerpt":{"rendered":"","protected":false},"author":5,"featured_media":0,"parent":0,"menu_order":0,"comment_status":"closed","ping_status":"open","template":"","meta":{"inline_featured_image":false,"footnotes":""},"class_list":["post-1112","page","type-page","status-publish","hentry","entry"],"uagb_featured_image_src":{"full":false,"thumbnail":false,"medium":false,"medium_large":false,"large":false,"1536x1536":false,"2048x2048":false,"post-thumbnail":false},"uagb_author_info":{"display_name":"mbe-admin-acc","author_link":"https:\/\/staging.mbefranchise.com\/pt-pt\/author\/mbe-admin-acc\/"},"uagb_comment_info":0,"uagb_excerpt":null,"_links":{"self":[{"href":"https:\/\/staging.mbefranchise.com\/pt-pt\/wp-json\/wp\/v2\/pages\/1112","targetHints":{"allow":["GET"]}}],"collection":[{"href":"https:\/\/staging.mbefranchise.com\/pt-pt\/wp-json\/wp\/v2\/pages"}],"about":[{"href":"https:\/\/staging.mbefranchise.com\/pt-pt\/wp-json\/wp\/v2\/types\/page"}],"author":[{"embeddable":true,"href":"https:\/\/staging.mbefranchise.com\/pt-pt\/wp-json\/wp\/v2\/users\/5"}],"replies":[{"embeddable":true,"href":"https:\/\/staging.mbefranchise.com\/pt-pt\/wp-json\/wp\/v2\/comments?post=1112"}],"version-history":[{"count":9,"href":"https:\/\/staging.mbefranchise.com\/pt-pt\/wp-json\/wp\/v2\/pages\/1112\/revisions"}],"predecessor-version":[{"id":4207,"href":"https:\/\/staging.mbefranchise.com\/pt-pt\/wp-json\/wp\/v2\/pages\/1112\/revisions\/4207"}],"wp:attachment":[{"href":"https:\/\/staging.mbefranchise.com\/pt-pt\/wp-json\/wp\/v2\/media?parent=1112"}],"curies":[{"name":"wp","href":"https:\/\/api.w.org\/{rel}","templated":true}]}}