{"id":5681,"date":"2022-11-25T08:27:31","date_gmt":"2022-11-25T08:27:31","guid":{"rendered":"https:\/\/staging.mbefranchise.com\/?page_id=5681"},"modified":"2022-11-25T08:27:32","modified_gmt":"2022-11-25T08:27:32","slug":"gdpr-submit","status":"publish","type":"page","link":"https:\/\/staging.mbefranchise.com\/pt-pt\/gdpr-submit\/","title":{"rendered":"GDPR submit"},"content":{"rendered":"\n<section class=\"wp-block-uagb-section uagb-section__wrap uagb-section__background-undefined uagb-block-684cca3d\"><div class=\"uagb-section__overlay\"><\/div><div class=\"uagb-section__inner-wrap\">\n<h2 class=\"has-text-align-center wp-block-heading\">Vamos conversar?<\/h2>\n\n\n\n<p class=\"has-text-align-center\">Preencha o formul\u00e1rio e d\u00ea o primeiro passo para se tornar parte da MBE<\/p>\n\n\n\n<ul class=\"wp-block-list\" id=\"gform_fields_1\"><\/ul>\n\n\n\t\t\t\t<div class = \"wp-block-uagb-gf-styler uagb-gf-styler__outer-wrap uagb-block-86616ee6   \">\n\t\t\t\t\t<div class = \"uagb-gf-styler__align-left uagb-gf-styler__field-style-box uagb-gf-styler__gform-heading-none uagb-gf-styler__btn-align-left uagb-gf-styler__check-style-enabled\">\n\t\t\t\t\t<script type=\"text\/javascript\">var gform;gform||(document.addEventListener(\"gform_main_scripts_loaded\",function(){gform.scriptsLoaded=!0}),window.addEventListener(\"DOMContentLoaded\",function(){gform.domLoaded=!0}),gform={domLoaded:!1,scriptsLoaded:!1,initializeOnLoaded:function(o){gform.domLoaded&&gform.scriptsLoaded?o():!gform.domLoaded&&gform.scriptsLoaded?window.addEventListener(\"DOMContentLoaded\",o):document.addEventListener(\"gform_main_scripts_loaded\",o)},hooks:{action:{},filter:{}},addAction:function(o,n,r,t){gform.addHook(\"action\",o,n,r,t)},addFilter:function(o,n,r,t){gform.addHook(\"filter\",o,n,r,t)},doAction:function(o){gform.doHook(\"action\",o,arguments)},applyFilters:function(o){return gform.doHook(\"filter\",o,arguments)},removeAction:function(o,n){gform.removeHook(\"action\",o,n)},removeFilter:function(o,n,r){gform.removeHook(\"filter\",o,n,r)},addHook:function(o,n,r,t,i){null==gform.hooks[o][n]&&(gform.hooks[o][n]=[]);var e=gform.hooks[o][n];null==i&&(i=n+\"_\"+e.length),gform.hooks[o][n].push({tag:i,callable:r,priority:t=null==t?10:t})},doHook:function(n,o,r){var t;if(r=Array.prototype.slice.call(r,1),null!=gform.hooks[n][o]&&((o=gform.hooks[n][o]).sort(function(o,n){return o.priority-n.priority}),o.forEach(function(o){\"function\"!=typeof(t=o.callable)&&(t=window[t]),\"action\"==n?t.apply(null,r):r[0]=t.apply(null,r)})),\"filter\"==n)return r[0]},removeHook:function(o,n,t,i){var r;null!=gform.hooks[o][n]&&(r=(r=gform.hooks[o][n]).filter(function(o,n,r){return!!(null!=i&&i!=o.tag||null!=t&&t!=o.priority)}),gform.hooks[o][n]=r)}});<\/script>\n                <div class='gf_browser_gecko gform_wrapper gform_legacy_markup_wrapper' id='gform_wrapper_5' ><div id='gf_5' class='gform_anchor' tabindex='-1'><\/div>\n                        <div class='gform_heading'>\n                            <h3 class=\"gform_title\">GDPR form<\/h3>\n                            <span class='gform_description'><\/span>\n                        <\/div><form method='post' enctype='multipart\/form-data' target='gform_ajax_frame_5' id='gform_5'  action='\/pt-pt\/wp-json\/wp\/v2\/pages\/5681#gf_5' >\n                        <div class='gform_body gform-body'><ul id='gform_fields_5' class='gform_fields top_label form_sublabel_below description_below'><li id=\"field_5_1\"  class=\"gfield form-control half gfield_contains_required field_sublabel_below field_description_below gfield_visibility_visible\"  data-js-reload=\"field_5_1\"><label class='gfield_label' for='input_5_1' >Nome<span class=\"gfield_required\"><span class=\"gfield_required gfield_required_asterisk\">*<\/span><\/span><\/label><div class='ginput_container ginput_container_text'><input name='input_1' id='input_5_1' type='text' value='' class='large'     aria-required=\"true\" aria-invalid=\"false\"   \/> <\/div><\/li><li id=\"field_5_2\"  class=\"gfield form-control half gfield_contains_required field_sublabel_below field_description_below gfield_visibility_visible\"  data-js-reload=\"field_5_2\"><label class='gfield_label' for='input_5_2' >Sobrenome<span class=\"gfield_required\"><span class=\"gfield_required gfield_required_asterisk\">*<\/span><\/span><\/label><div class='ginput_container ginput_container_text'><input name='input_2' id='input_5_2' type='text' value='' class='large'     aria-required=\"true\" aria-invalid=\"false\"   \/> <\/div><\/li><li id=\"field_5_6\"  class=\"gfield form-control half gfield_contains_required field_sublabel_below field_description_below hidden_label gfield_visibility_visible\"  data-js-reload=\"field_5_6\"><label class='gfield_label' for='input_5_6' >Pa\u00eds de interesse<span class=\"gfield_required\"><span class=\"gfield_required gfield_required_asterisk\">*<\/span><\/span><\/label><div class='ginput_container ginput_container_select'><select name='input_6' id='input_5_6' class='large gfield_select'    aria-required=\"true\" aria-invalid=\"false\" ><option value='' selected='selected' class='gf_placeholder'>Pa\u00eds de interesse<\/option><option value='Afghanistan' >Afghanistan<\/option><option value='Albania' >Albania<\/option><option value='Algeria' >Algeria<\/option><option value='American Samoa' >American Samoa<\/option><option value='Andorra' >Andorra<\/option><option value='Angola' >Angola<\/option><option value='Antigua and Barbuda' >Antigua and Barbuda<\/option><option value='Argentina' >Argentina<\/option><option value='Armenia' >Armenia<\/option><option value='Australia' >Australia<\/option><option value='Austria' >Austria<\/option><option value='Azerbaijan' >Azerbaijan<\/option><option value='Bahamas' >Bahamas<\/option><option value='Bahrain' >Bahrain<\/option><option value='Bangladesh' >Bangladesh<\/option><option value='Barbados' >Barbados<\/option><option value='Belarus' >Belarus<\/option><option value='Belgium' >Belgium<\/option><option value='Belize' >Belize<\/option><option value='Benin' >Benin<\/option><option value='Bermuda' >Bermuda<\/option><option value='Bhutan' >Bhutan<\/option><option value='Bolivia' >Bolivia<\/option><option value='Bosnia and Herzegovina' >Bosnia and Herzegovina<\/option><option value='Botswana' >Botswana<\/option><option value='Brazil' >Brazil<\/option><option value='Brunei' >Brunei<\/option><option value='Bulgaria' >Bulgaria<\/option><option value='Burkina Faso' >Burkina Faso<\/option><option value='Burundi' >Burundi<\/option><option value='Cambodia' >Cambodia<\/option><option value='Cameroon' >Cameroon<\/option><option value='Canada' >Canada<\/option><option value='Cape Verde' >Cape Verde<\/option><option value='Cayman Islands' >Cayman Islands<\/option><option value='Central African Republic' >Central African Republic<\/option><option value='Chad' >Chad<\/option><option value='Chile' >Chile<\/option><option value='China' >China<\/option><option value='Colombia' >Colombia<\/option><option value='Comoros' >Comoros<\/option><option value='Congo, Democratic Republic of the' >Congo, Democratic Republic of the<\/option><option value='Congo, Republic of the' >Congo, Republic of the<\/option><option value='Costa Rica' >Costa Rica<\/option><option value='C\u00f4te d&#039;Ivoire' >C\u00f4te d&#039;Ivoire<\/option><option value='Croatia' >Croatia<\/option><option value='Cuba' >Cuba<\/option><option value='Cura\u00e7ao' >Cura\u00e7ao<\/option><option value='Cyprus' >Cyprus<\/option><option value='Czech Republic' >Czech Republic<\/option><option value='Denmark' >Denmark<\/option><option value='Djibouti' >Djibouti<\/option><option value='Dominica' >Dominica<\/option><option value='Dominican Republic' >Dominican Republic<\/option><option value='East Timor' >East Timor<\/option><option value='Ecuador' >Ecuador<\/option><option value='Egypt' >Egypt<\/option><option value='El Salvador' >El Salvador<\/option><option value='Equatorial Guinea' >Equatorial Guinea<\/option><option value='Eritrea' >Eritrea<\/option><option value='Estonia' >Estonia<\/option><option value='Ethiopia' >Ethiopia<\/option><option value='Faroe Islands' >Faroe Islands<\/option><option value='Fiji' >Fiji<\/option><option value='Finland' >Finland<\/option><option value='France' >France<\/option><option value='French Polynesia' >French Polynesia<\/option><option value='Gabon' >Gabon<\/option><option value='Gambia' >Gambia<\/option><option value='Georgia' >Georgia<\/option><option value='Germany' >Germany<\/option><option value='Ghana' >Ghana<\/option><option value='Greece' >Greece<\/option><option value='Greenland' >Greenland<\/option><option value='Grenada' >Grenada<\/option><option value='Guam' >Guam<\/option><option value='Guatemala' >Guatemala<\/option><option value='Guinea' >Guinea<\/option><option value='Guinea-Bissau' >Guinea-Bissau<\/option><option value='Guyana' >Guyana<\/option><option value='Haiti' >Haiti<\/option><option value='Honduras' >Honduras<\/option><option value='Hong Kong' >Hong Kong<\/option><option value='Hungary' >Hungary<\/option><option value='Iceland' >Iceland<\/option><option value='India' >India<\/option><option value='Indonesia' >Indonesia<\/option><option value='Iran' >Iran<\/option><option value='Iraq' >Iraq<\/option><option value='Ireland' >Ireland<\/option><option value='Israel' >Israel<\/option><option value='Italy' >Italy<\/option><option value='Jamaica' >Jamaica<\/option><option value='Japan' >Japan<\/option><option value='Jordan' >Jordan<\/option><option value='Kazakhstan' >Kazakhstan<\/option><option value='Kenya' >Kenya<\/option><option value='Kiribati' >Kiribati<\/option><option value='North Korea' >North Korea<\/option><option value='South Korea' >South Korea<\/option><option value='Kosovo' >Kosovo<\/option><option value='Kuwait' >Kuwait<\/option><option value='Kyrgyzstan' >Kyrgyzstan<\/option><option value='Laos' >Laos<\/option><option value='Latvia' >Latvia<\/option><option value='Lebanon' >Lebanon<\/option><option value='Lesotho' >Lesotho<\/option><option value='Liberia' >Liberia<\/option><option value='Libya' >Libya<\/option><option value='Liechtenstein' >Liechtenstein<\/option><option value='Lithuania' >Lithuania<\/option><option value='Luxembourg' >Luxembourg<\/option><option value='Macedonia' >Macedonia<\/option><option value='Madagascar' >Madagascar<\/option><option value='Malawi' >Malawi<\/option><option value='Malaysia' >Malaysia<\/option><option value='Maldives' >Maldives<\/option><option value='Mali' >Mali<\/option><option value='Malta' >Malta<\/option><option value='Marshall Islands' >Marshall Islands<\/option><option value='Mauritania' >Mauritania<\/option><option value='Mauritius' >Mauritius<\/option><option value='Mexico' >Mexico<\/option><option value='Micronesia' >Micronesia<\/option><option value='Moldova' >Moldova<\/option><option value='Monaco' >Monaco<\/option><option value='Mongolia' >Mongolia<\/option><option value='Montenegro' >Montenegro<\/option><option value='Morocco' >Morocco<\/option><option value='Mozambique' >Mozambique<\/option><option value='Myanmar' >Myanmar<\/option><option value='Namibia' >Namibia<\/option><option value='Nauru' >Nauru<\/option><option value='Nepal' >Nepal<\/option><option value='Netherlands' >Netherlands<\/option><option value='New Zealand' >New Zealand<\/option><option value='Nicaragua' >Nicaragua<\/option><option value='Niger' >Niger<\/option><option value='Nigeria' >Nigeria<\/option><option value='Northern Mariana Islands' >Northern Mariana Islands<\/option><option value='Norway' >Norway<\/option><option value='Oman' >Oman<\/option><option value='Pakistan' >Pakistan<\/option><option value='Palau' >Palau<\/option><option value='Palestine, State of' >Palestine, State of<\/option><option value='Panama' >Panama<\/option><option value='Papua New Guinea' >Papua New Guinea<\/option><option value='Paraguay' >Paraguay<\/option><option value='Peru' >Peru<\/option><option value='Philippines' >Philippines<\/option><option value='Poland' >Poland<\/option><option value='Portugal' >Portugal<\/option><option value='Puerto Rico' >Puerto Rico<\/option><option value='Qatar' >Qatar<\/option><option value='Romania' >Romania<\/option><option value='Russia' >Russia<\/option><option value='Rwanda' >Rwanda<\/option><option value='Saint Kitts and Nevis' >Saint Kitts and Nevis<\/option><option value='Saint Lucia' >Saint Lucia<\/option><option value='Saint Vincent and the Grenadines' >Saint Vincent and the Grenadines<\/option><option value='Samoa' >Samoa<\/option><option value='San Marino' >San Marino<\/option><option value='Sao Tome and Principe' >Sao Tome and Principe<\/option><option value='Saudi Arabia' >Saudi Arabia<\/option><option value='Senegal' >Senegal<\/option><option value='Serbia' >Serbia<\/option><option value='Seychelles' >Seychelles<\/option><option value='Sierra Leone' >Sierra Leone<\/option><option value='Singapore' >Singapore<\/option><option value='Sint Maarten' >Sint Maarten<\/option><option value='Slovakia' >Slovakia<\/option><option value='Slovenia' >Slovenia<\/option><option value='Solomon Islands' >Solomon Islands<\/option><option value='Somalia' >Somalia<\/option><option value='South Africa' >South Africa<\/option><option value='Spain' >Spain<\/option><option value='Sri Lanka' >Sri Lanka<\/option><option value='Sudan' >Sudan<\/option><option value='Sudan, South' >Sudan, South<\/option><option value='Suriname' >Suriname<\/option><option value='Swaziland' >Swaziland<\/option><option value='Sweden' >Sweden<\/option><option value='Switzerland' >Switzerland<\/option><option value='Syria' >Syria<\/option><option value='Taiwan' >Taiwan<\/option><option value='Tajikistan' >Tajikistan<\/option><option value='Tanzania' >Tanzania<\/option><option value='Thailand' >Thailand<\/option><option value='Togo' >Togo<\/option><option value='Tonga' >Tonga<\/option><option value='Trinidad and Tobago' >Trinidad and Tobago<\/option><option value='Tunisia' >Tunisia<\/option><option value='Turkey' >Turkey<\/option><option value='Turkmenistan' >Turkmenistan<\/option><option value='Tuvalu' >Tuvalu<\/option><option value='Uganda' >Uganda<\/option><option value='Ukraine' >Ukraine<\/option><option value='United Arab Emirates' >United Arab Emirates<\/option><option value='United Kingdom' >United Kingdom<\/option><option value='United States' >United States<\/option><option value='Uruguay' >Uruguay<\/option><option value='Uzbekistan' >Uzbekistan<\/option><option value='Vanuatu' >Vanuatu<\/option><option value='Vatican City' >Vatican City<\/option><option value='Venezuela' >Venezuela<\/option><option value='Vietnam' >Vietnam<\/option><option value='Virgin Islands, British' >Virgin Islands, British<\/option><option value='Virgin Islands, U.S.' >Virgin Islands, U.S.<\/option><option value='Yemen' >Yemen<\/option><option value='Zambia' >Zambia<\/option><option value='Zimbabwe' >Zimbabwe<\/option><\/select><\/div><\/li><li id=\"field_5_7\"  class=\"gfield form-control half gfield_contains_required field_sublabel_below field_description_below gfield_visibility_visible\"  data-js-reload=\"field_5_7\"><label class='gfield_label' for='input_5_7' >Email<span class=\"gfield_required\"><span class=\"gfield_required gfield_required_asterisk\">*<\/span><\/span><\/label><div class='ginput_container ginput_container_email'>\n                            <input name='input_7' id='input_5_7' type='text' value='' class='large'    aria-required=\"true\" aria-invalid=\"false\"  \/>\n                        <\/div><\/li><li id=\"field_5_10\"  class=\"gfield gfield_html gfield_no_follows_desc field_sublabel_below field_description_below gfield_visibility_visible\"  data-js-reload=\"field_5_10\"><p style=\"text-align:right;\">* All fields are mandatory<\/p>\n<style>\n#field_5_10 {max-width:790px;}\n<\/style><\/li><li id=\"field_5_13\"  class=\"gfield gfield--width-full gfield_html gfield_no_follows_desc field_sublabel_below field_description_below gfield_visibility_visible\"  data-js-reload=\"field_5_13\"><style>\n#masthead {    box-shadow: 0 10px 15px -15px #888;    margin-bottom: 50px;}\n<\/style><\/li><li id=\"field_5_9\"  class=\"gfield gfield_contains_required field_sublabel_below field_description_below hidden_label gfield_visibility_visible\"  data-js-reload=\"field_5_9\"><label class='gfield_label gfield_label_before_complex'  >Consent<span class=\"gfield_required\"><span class=\"gfield_required gfield_required_asterisk\">*<\/span><\/span><\/label><div class='ginput_container ginput_container_consent'><input name='input_9.1' id='input_5_9_1' type='checkbox' value='1'   aria-required=\"true\" aria-invalid=\"false\"   \/> <label class=\"gfield_consent_label\" for='input_5_9_1' >Declaro ter sido informado sobre as modalidades de processamento dos meus dados pessoais realizado pela MBE Worldwide S.p.A. de acordo com o <a href=\"https:\/\/mbefranchise.com\/pt-pt\/privacy-policy\/\" target=\"_blank\">Aviso de Privacidade<\/a><\/label><span class=\"gfield_required gfield_required_asterisk\">*<\/span><input type='hidden' name='input_9.2' value='Declaro ter sido informado sobre as modalidades de processamento dos meus dados pessoais realizado pela MBE Worldwide S.p.A. de acordo com o &lt;a href=&quot;https:\/\/mbefranchise.com\/pt-pt\/privacy-policy\/&quot; target=&quot;_blank&quot;&gt;Aviso de Privacidade&lt;\/a&gt;' class='gform_hidden' \/><input type='hidden' name='input_9.3' value='3' class='gform_hidden' \/><\/div><\/li><li id=\"field_5_11\"  class=\"gfield gfield_contains_required field_sublabel_below field_description_below gfield_visibility_visible\"  data-js-reload=\"field_5_11\"><label class='gfield_label'  >Al\u00e9m disso, em rela\u00e7\u00e3o \u00e0s atividades que consistem no envio de comunica\u00e7\u00f5es comerciais, realiza\u00e7\u00e3o de estudos e pesquisas de mercado e elabora\u00e7\u00e3o de estat\u00edsticas relevantes, conforme melhor descrito no aviso de privacidade acima mencionado (&quot;marketing&quot;),<span class=\"gfield_required\"><span class=\"gfield_required gfield_required_asterisk\">*<\/span><\/span><\/label><div class='ginput_container ginput_container_radio'><ul class='gfield_radio' id='input_5_11'>\n\t\t\t<li class='gchoice gchoice_5_11_0'>\n\t\t\t\t<input name='input_11' type='radio' value='Concordo'  id='choice_5_11_0'    \/>\n\t\t\t\t<label for='choice_5_11_0' id='label_5_11_0'>Concordo<\/label>\n\t\t\t<\/li>\n\t\t\t<li class='gchoice gchoice_5_11_1'>\n\t\t\t\t<input name='input_11' type='radio' value='N\u00e3o estou de acordo'  id='choice_5_11_1'    \/>\n\t\t\t\t<label for='choice_5_11_1' id='label_5_11_1'>N\u00e3o estou de acordo<\/label>\n\t\t\t<\/li><\/ul><\/div><div class='gfield_description' id='gfield_description_5_11'>para o processamento de meus dados pessoais pela MBE Worldwide S.p.A. para fins de marketing, conforme melhor descrito no par\u00e1grafo. 3, aceso c. do aviso de privacidade acima mencionado. 3, aceso. c. da nota de privacidade acima mencionada.<\/div><\/li><li id=\"field_5_12\"  class=\"gfield gfield--width-full gform_hidden field_sublabel_below field_description_below gfield_visibility_visible\"  data-js-reload=\"field_5_12\"><div class='ginput_container ginput_container_text'><input name='input_12' id='input_5_12' type='hidden' class='gform_hidden'  aria-invalid=\"false\" value='' \/><\/div><\/li><\/ul><\/div>\n        <div class='gform_footer top_label'> <input type='submit' id='gform_submit_button_5' class='gform_button button' value='Entre em contacto'  onclick='if(window[\"gf_submitting_5\"]){return false;}  window[\"gf_submitting_5\"]=true;  ' onkeypress='if( event.keyCode == 13 ){ if(window[\"gf_submitting_5\"]){return false;} window[\"gf_submitting_5\"]=true;  jQuery(\"#gform_5\").trigger(\"submit\",[true]); }' \/> <input type='hidden' name='gform_ajax' value='form_id=5&amp;title=1&amp;description=1&amp;tabindex=0' \/>\n            <input type='hidden' class='gform_hidden' name='is_submit_5' value='1' \/>\n            <input type='hidden' class='gform_hidden' name='gform_submit' value='5' \/>\n            \n            <input type='hidden' class='gform_hidden' name='gform_unique_id' value='' \/>\n            <input type='hidden' class='gform_hidden' name='state_5' value='WyJ7XCI5LjFcIjpcIjg0M2I2MmQ5NzZkMDlmYzJmZmMxNmJlNzczMGRmOTA4XCIsXCI5LjJcIjpcImVhOTNlMTA3YWY0MDM1YWM1N2RjMzNlNGUwOTMzODJlXCIsXCI5LjNcIjpcIjNjYmM4NTJmMGNhNTVkYjA2NGZkMzBmZDdhYjE2ZWQ2XCJ9IiwiNmFjODQ2NTJmZTk4YWE0ODI1MzkzY2U1YmE1MTI1NTgiXQ==' \/>\n            <input type='hidden' class='gform_hidden' name='gform_target_page_number_5' id='gform_target_page_number_5' value='0' \/>\n            <input type='hidden' class='gform_hidden' name='gform_source_page_number_5' id='gform_source_page_number_5' value='1' \/>\n            <input type='hidden' name='gform_field_values' value='' \/>\n            \n        <\/div>\n                        <\/form>\n                        <\/div>\n                <iframe style='display:none;width:0px;height:0px;' src='about:blank' name='gform_ajax_frame_5' id='gform_ajax_frame_5' title='Esta iframe cont\u00e9m a l\u00f3gica requerida para gerir Gravity Forms via AJAX.'><\/iframe>\n                <script>\ngform.initializeOnLoaded( function() {gformInitSpinner( 5, 'https:\/\/staging.mbefranchise.com\/wp-content\/plugins\/gravityforms\/images\/spinner.svg' );jQuery('#gform_ajax_frame_5').on('load',function(){var contents = jQuery(this).contents().find('*').html();var is_postback = contents.indexOf('GF_AJAX_POSTBACK') >= 0;if(!is_postback){return;}var form_content = jQuery(this).contents().find('#gform_wrapper_5');var is_confirmation = jQuery(this).contents().find('#gform_confirmation_wrapper_5').length > 0;var is_redirect = contents.indexOf('gformRedirect(){') >= 0;var is_form = form_content.length > 0 && ! is_redirect && ! is_confirmation;var mt = parseInt(jQuery('html').css('margin-top'), 10) + parseInt(jQuery('body').css('margin-top'), 10) + 100;if(is_form){jQuery('#gform_wrapper_5').html(form_content.html());if(form_content.hasClass('gform_validation_error')){jQuery('#gform_wrapper_5').addClass('gform_validation_error');} else {jQuery('#gform_wrapper_5').removeClass('gform_validation_error');}setTimeout( function() { \/* delay the scroll by 50 milliseconds to fix a bug in chrome *\/ jQuery(document).scrollTop(jQuery('#gform_wrapper_5').offset().top - mt); }, 50 );if(window['gformInitDatepicker']) {gformInitDatepicker();}if(window['gformInitPriceFields']) {gformInitPriceFields();}var current_page = jQuery('#gform_source_page_number_5').val();gformInitSpinner( 5, 'https:\/\/staging.mbefranchise.com\/wp-content\/plugins\/gravityforms\/images\/spinner.svg' );jQuery(document).trigger('gform_page_loaded', [5, current_page]);window['gf_submitting_5'] = false;}else if(!is_redirect){var confirmation_content = jQuery(this).contents().find('.GF_AJAX_POSTBACK').html();if(!confirmation_content){confirmation_content = contents;}setTimeout(function(){jQuery('#gform_wrapper_5').replaceWith(confirmation_content);jQuery(document).scrollTop(jQuery('#gf_5').offset().top - mt);jQuery(document).trigger('gform_confirmation_loaded', [5]);window['gf_submitting_5'] = false;wp.a11y.speak(jQuery('#gform_confirmation_message_5').text());}, 50);}else{jQuery('#gform_5').append(contents);if(window['gformRedirect']) {gformRedirect();}}jQuery(document).trigger('gform_post_render', [5, current_page]);} );} );\n<\/script>\n\t\t\t\t\t<\/div>\n\t\t\t\t<\/div>\n\t\t\t\t<\/div><\/section>\n","protected":false},"excerpt":{"rendered":"","protected":false},"author":1,"featured_media":0,"parent":0,"menu_order":0,"comment_status":"closed","ping_status":"closed","template":"","meta":{"inline_featured_image":false,"footnotes":""},"class_list":["post-5681","page","type-page","status-publish","hentry","entry"],"uagb_featured_image_src":{"full":false,"thumbnail":false,"medium":false,"medium_large":false,"large":false,"1536x1536":false,"2048x2048":false,"post-thumbnail":false},"uagb_author_info":{"display_name":"mbe-master","author_link":"https:\/\/staging.mbefranchise.com\/pt-pt\/author\/mbe-master\/"},"uagb_comment_info":0,"uagb_excerpt":null,"_links":{"self":[{"href":"https:\/\/staging.mbefranchise.com\/pt-pt\/wp-json\/wp\/v2\/pages\/5681","targetHints":{"allow":["GET"]}}],"collection":[{"href":"https:\/\/staging.mbefranchise.com\/pt-pt\/wp-json\/wp\/v2\/pages"}],"about":[{"href":"https:\/\/staging.mbefranchise.com\/pt-pt\/wp-json\/wp\/v2\/types\/page"}],"author":[{"embeddable":true,"href":"https:\/\/staging.mbefranchise.com\/pt-pt\/wp-json\/wp\/v2\/users\/1"}],"replies":[{"embeddable":true,"href":"https:\/\/staging.mbefranchise.com\/pt-pt\/wp-json\/wp\/v2\/comments?post=5681"}],"version-history":[{"count":1,"href":"https:\/\/staging.mbefranchise.com\/pt-pt\/wp-json\/wp\/v2\/pages\/5681\/revisions"}],"predecessor-version":[{"id":5683,"href":"https:\/\/staging.mbefranchise.com\/pt-pt\/wp-json\/wp\/v2\/pages\/5681\/revisions\/5683"}],"wp:attachment":[{"href":"https:\/\/staging.mbefranchise.com\/pt-pt\/wp-json\/wp\/v2\/media?parent=5681"}],"curies":[{"name":"wp","href":"https:\/\/api.w.org\/{rel}","templated":true}]}}